{"id":9680,"date":"2023-05-25T09:54:56","date_gmt":"2023-05-25T09:54:56","guid":{"rendered":"https:\/\/villagehotel.it\/?page_id=9680"},"modified":"2024-06-03T08:26:19","modified_gmt":"2024-06-03T08:26:19","slug":"montagne-2024","status":"publish","type":"page","link":"https:\/\/villagehotel.it\/fr\/presque-gratuit\/montagne-2024\/","title":{"rendered":"Montagne 2024"},"content":{"rendered":"\t\t<div data-elementor-type=\"wp-page\" data-elementor-id=\"9680\" class=\"elementor elementor-9680\" data-elementor-post-type=\"page\">\n\t\t\t\t\t\t<section class=\"elementor-section elementor-top-section elementor-element elementor-element-4804602 elementor-section-full_width elementor-section-height-default elementor-section-height-default\" data-id=\"4804602\" data-element_type=\"section\" data-e-type=\"section\">\n\t\t\t\t\t\t<div class=\"elementor-container elementor-column-gap-no\">\n\t\t\t\t\t<div class=\"elementor-column elementor-col-100 elementor-top-column elementor-element elementor-element-4e52e39\" data-id=\"4e52e39\" data-element_type=\"column\" data-e-type=\"column\">\n\t\t\t<div class=\"elementor-widget-wrap elementor-element-populated\">\n\t\t\t\t\t\t<div class=\"elementor-element elementor-element-6e39e4d elementor-widget-divider--view-line elementor-widget elementor-widget-divider\" data-id=\"6e39e4d\" data-element_type=\"widget\" data-e-type=\"widget\" data-widget_type=\"divider.default\">\n\t\t\t\t<div class=\"elementor-widget-container\">\n\t\t\t\t\t\t\t<div class=\"elementor-divider\">\n\t\t\t<span class=\"elementor-divider-separator\">\n\t\t\t\t\t\t<\/span>\n\t\t<\/div>\n\t\t\t\t\t\t<\/div>\n\t\t\t\t<\/div>\n\t\t\t\t\t<\/div>\n\t\t<\/div>\n\t\t\t\t\t<\/div>\n\t\t<\/section>\n\t\t\t\t<section class=\"elementor-section elementor-top-section elementor-element elementor-element-0358263 elementor-section-boxed elementor-section-height-default elementor-section-height-default\" data-id=\"0358263\" data-element_type=\"section\" data-e-type=\"section\">\n\t\t\t\t\t\t<div class=\"elementor-container elementor-column-gap-no\">\n\t\t\t\t\t<div class=\"elementor-column elementor-col-50 elementor-top-column elementor-element elementor-element-6b85c20\" data-id=\"6b85c20\" data-element_type=\"column\" data-e-type=\"column\">\n\t\t\t<div class=\"elementor-widget-wrap elementor-element-populated\">\n\t\t\t\t\t\t<div class=\"elementor-element elementor-element-71a3353 elementor-widget elementor-widget-heading\" data-id=\"71a3353\" data-element_type=\"widget\" data-e-type=\"widget\" data-widget_type=\"heading.default\">\n\t\t\t\t<div class=\"elementor-widget-container\">\n\t\t\t\t\t<h4 class=\"elementor-heading-title elementor-size-default\"><a href=\"https:\/\/villagehotel.it\/fr\/presque-gratuit\/montagne-2024\/\">Montagne 2024<\/a><\/h4>\t\t\t\t<\/div>\n\t\t\t\t<\/div>\n\t\t\t\t<div class=\"elementor-element elementor-element-976afc5 elementor-widget-divider--view-line elementor-widget elementor-widget-divider\" data-id=\"976afc5\" data-element_type=\"widget\" data-e-type=\"widget\" data-widget_type=\"divider.default\">\n\t\t\t\t<div class=\"elementor-widget-container\">\n\t\t\t\t\t\t\t<div class=\"elementor-divider\">\n\t\t\t<span class=\"elementor-divider-separator\">\n\t\t\t\t\t\t<\/span>\n\t\t<\/div>\n\t\t\t\t\t\t<\/div>\n\t\t\t\t<\/div>\n\t\t\t\t<div class=\"elementor-element elementor-element-afb8169 elementor-widget elementor-widget-heading\" data-id=\"afb8169\" data-element_type=\"widget\" data-e-type=\"widget\" data-widget_type=\"heading.default\">\n\t\t\t\t<div class=\"elementor-widget-container\">\n\t\t\t\t\t<h4 class=\"elementor-heading-title elementor-size-default\"><a href=\"https:\/\/villagehotel.it\/fr\/?page_id=12912\">Montagne 2025<\/a><\/h4>\t\t\t\t<\/div>\n\t\t\t\t<\/div>\n\t\t\t\t\t<\/div>\n\t\t<\/div>\n\t\t\t\t<div class=\"elementor-column elementor-col-50 elementor-top-column elementor-element elementor-element-2f34018\" data-id=\"2f34018\" data-element_type=\"column\" data-e-type=\"column\">\n\t\t\t<div class=\"elementor-widget-wrap elementor-element-populated\">\n\t\t\t\t\t\t<div class=\"elementor-element elementor-element-d385e07 elementor-widget elementor-widget-heading\" data-id=\"d385e07\" data-element_type=\"widget\" data-e-type=\"widget\" data-widget_type=\"heading.default\">\n\t\t\t\t<div class=\"elementor-widget-container\">\n\t\t\t\t\t<h2 class=\"elementor-heading-title elementor-size-default\">MONTAGNE 2024<\/h2>\t\t\t\t<\/div>\n\t\t\t\t<\/div>\n\t\t\t\t<section class=\"elementor-section elementor-inner-section elementor-element elementor-element-4b67ab5 elementor-section-full_width elementor-section-height-default elementor-section-height-default\" data-id=\"4b67ab5\" data-element_type=\"section\" data-e-type=\"section\">\n\t\t\t\t\t\t<div class=\"elementor-container elementor-column-gap-extended\">\n\t\t\t\t\t<div class=\"elementor-column elementor-col-33 elementor-inner-column elementor-element elementor-element-23c41b0\" data-id=\"23c41b0\" data-element_type=\"column\" data-e-type=\"column\">\n\t\t\t<div class=\"elementor-widget-wrap elementor-element-populated\">\n\t\t\t\t\t\t<div class=\"elementor-element elementor-element-3c74158 elementor-widget elementor-widget-image\" data-id=\"3c74158\" data-element_type=\"widget\" data-e-type=\"widget\" data-widget_type=\"image.default\">\n\t\t\t\t<div class=\"elementor-widget-container\">\n\t\t\t\t\t\t\t\t\t\t\t\t\t\t\t\t<a href=\"https:\/\/villagehotel.praenoto.it\/booking-engine\/hotel\/hotelterme?dates=09+giu+2024+-+16+giu+2024&#038;month=6&#038;accomodation-desc=&#038;acc%5B0%5D%5Bad%5D=2&#038;acc%5B0%5D%5Bch%5D=0&#038;fdate=2024-06-09&#038;tdate=2024-06-16\" target=\"_blank\">\n\t\t\t\t\t\t\t<img fetchpriority=\"high\" decoding=\"async\" width=\"500\" height=\"500\" src=\"https:\/\/villagehotel.it\/wp-content\/uploads\/2024\/02\/33.jpg\" class=\"attachment-full size-full wp-image-13289\" alt=\"\" srcset=\"https:\/\/villagehotel.it\/wp-content\/uploads\/2024\/02\/33.jpg 500w, https:\/\/villagehotel.it\/wp-content\/uploads\/2024\/02\/33-300x300.jpg 300w, https:\/\/villagehotel.it\/wp-content\/uploads\/2024\/02\/33-150x150.jpg 150w\" sizes=\"(max-width: 500px) 100vw, 500px\" \/>\t\t\t\t\t\t\t\t<\/a>\n\t\t\t\t\t\t\t\t\t\t\t\t\t\t\t<\/div>\n\t\t\t\t<\/div>\n\t\t\t\t<div class=\"elementor-element elementor-element-90c53d4 elementor-align-center elementor-widget elementor-widget-button\" data-id=\"90c53d4\" data-element_type=\"widget\" data-e-type=\"widget\" data-widget_type=\"button.default\">\n\t\t\t\t<div class=\"elementor-widget-container\">\n\t\t\t\t\t\t\t\t\t<div class=\"elementor-button-wrapper\">\n\t\t\t\t\t<a class=\"elementor-button elementor-button-link elementor-size-sm\" href=\"https:\/\/villagehotel.praenoto.it\/booking-engine\/hotel\/hotelterme?dates=09+giu+2024+-+16+giu+2024&#038;month=6&#038;accomodation-desc=&#038;acc%5B0%5D%5Bad%5D=2&#038;acc%5B0%5D%5Bch%5D=0&#038;fdate=2024-06-09&#038;tdate=2024-06-16\" target=\"_blank\">\n\t\t\t\t\t\t<span class=\"elementor-button-content-wrapper\">\n\t\t\t\t\t\t\t\t\t<span class=\"elementor-button-text\">R\u00c9SERVEZ MAINTENANT<\/span>\n\t\t\t\t\t<\/span>\n\t\t\t\t\t<\/a>\n\t\t\t\t<\/div>\n\t\t\t\t\t\t\t\t<\/div>\n\t\t\t\t<\/div>\n\t\t\t\t\t<\/div>\n\t\t<\/div>\n\t\t\t\t<div class=\"elementor-column elementor-col-33 elementor-inner-column elementor-element elementor-element-145e6af\" data-id=\"145e6af\" data-element_type=\"column\" data-e-type=\"column\">\n\t\t\t<div class=\"elementor-widget-wrap elementor-element-populated\">\n\t\t\t\t\t\t<div class=\"elementor-element elementor-element-f719e22 elementor-widget elementor-widget-image\" data-id=\"f719e22\" data-element_type=\"widget\" data-e-type=\"widget\" data-widget_type=\"image.default\">\n\t\t\t\t<div class=\"elementor-widget-container\">\n\t\t\t\t\t\t\t\t\t\t\t\t\t\t\t\t<a href=\"https:\/\/villagehotel.praenoto.it\/booking-engine\/hotel\/casaalpinasantapollinare?dates=09+giu+2024+-+16+giu+2024&#038;month=6&#038;accomodation-desc=&#038;acc%5B0%5D%5Bad%5D=2&#038;acc%5B0%5D%5Bch%5D=0&#038;fdate=2024-06-09&#038;tdate=2024-06-16\" target=\"_blank\">\n\t\t\t\t\t\t\t<img decoding=\"async\" width=\"500\" height=\"500\" src=\"https:\/\/villagehotel.it\/wp-content\/uploads\/2024\/02\/16.jpg\" class=\"attachment-full size-full wp-image-13322\" alt=\"\" srcset=\"https:\/\/villagehotel.it\/wp-content\/uploads\/2024\/02\/16.jpg 500w, https:\/\/villagehotel.it\/wp-content\/uploads\/2024\/02\/16-300x300.jpg 300w, https:\/\/villagehotel.it\/wp-content\/uploads\/2024\/02\/16-150x150.jpg 150w\" sizes=\"(max-width: 500px) 100vw, 500px\" \/>\t\t\t\t\t\t\t\t<\/a>\n\t\t\t\t\t\t\t\t\t\t\t\t\t\t\t<\/div>\n\t\t\t\t<\/div>\n\t\t\t\t<div class=\"elementor-element elementor-element-2bbec57 elementor-align-center elementor-widget elementor-widget-button\" data-id=\"2bbec57\" data-element_type=\"widget\" data-e-type=\"widget\" data-widget_type=\"button.default\">\n\t\t\t\t<div class=\"elementor-widget-container\">\n\t\t\t\t\t\t\t\t\t<div class=\"elementor-button-wrapper\">\n\t\t\t\t\t<a class=\"elementor-button elementor-button-link elementor-size-sm\" href=\"https:\/\/villagehotel.praenoto.it\/booking-engine\/hotel\/casaalpinasantapollinare?dates=09+giu+2024+-+16+giu+2024&#038;month=6&#038;accomodation-desc=&#038;acc%5B0%5D%5Bad%5D=2&#038;acc%5B0%5D%5Bch%5D=0&#038;fdate=2024-06-09&#038;tdate=2024-06-16\" target=\"_blank\">\n\t\t\t\t\t\t<span class=\"elementor-button-content-wrapper\">\n\t\t\t\t\t\t\t\t\t<span class=\"elementor-button-text\">R\u00c9SERVEZ MAINTENANT<\/span>\n\t\t\t\t\t<\/span>\n\t\t\t\t\t<\/a>\n\t\t\t\t<\/div>\n\t\t\t\t\t\t\t\t<\/div>\n\t\t\t\t<\/div>\n\t\t\t\t\t<\/div>\n\t\t<\/div>\n\t\t\t\t<div class=\"elementor-column elementor-col-33 elementor-inner-column elementor-element elementor-element-74225a8\" data-id=\"74225a8\" data-element_type=\"column\" data-e-type=\"column\">\n\t\t\t<div class=\"elementor-widget-wrap elementor-element-populated\">\n\t\t\t\t\t\t<div class=\"elementor-element elementor-element-6e8e790 elementor-widget elementor-widget-image\" data-id=\"6e8e790\" data-element_type=\"widget\" data-e-type=\"widget\" data-widget_type=\"image.default\">\n\t\t\t\t<div class=\"elementor-widget-container\">\n\t\t\t\t\t\t\t\t\t\t\t\t\t\t\t\t<a href=\"https:\/\/villagehotel.praenoto.it\/booking-engine\/hotel\/hotelalperose?fdate=2024-06-09&#038;tdate=2024-06-16&#038;Arrangement=2&#038;Accomodations%5B0%5D%5BAges%5D%5B0%5D=30&#038;Accomodations%5B0%5D%5BAges%5D%5B1%5D=30&#038;Accomodations%5B0%5D%5Bselected_room_type%5D=hotelalperose15480#rooms\" target=\"_blank\">\n\t\t\t\t\t\t\t<img decoding=\"async\" width=\"500\" height=\"500\" src=\"https:\/\/villagehotel.it\/wp-content\/uploads\/2024\/02\/68.jpg\" class=\"attachment-full size-full wp-image-13353\" alt=\"\" srcset=\"https:\/\/villagehotel.it\/wp-content\/uploads\/2024\/02\/68.jpg 500w, https:\/\/villagehotel.it\/wp-content\/uploads\/2024\/02\/68-300x300.jpg 300w, https:\/\/villagehotel.it\/wp-content\/uploads\/2024\/02\/68-150x150.jpg 150w\" sizes=\"(max-width: 500px) 100vw, 500px\" \/>\t\t\t\t\t\t\t\t<\/a>\n\t\t\t\t\t\t\t\t\t\t\t\t\t\t\t<\/div>\n\t\t\t\t<\/div>\n\t\t\t\t<div class=\"elementor-element elementor-element-e75a6f1 elementor-align-center elementor-widget elementor-widget-button\" data-id=\"e75a6f1\" data-element_type=\"widget\" data-e-type=\"widget\" data-widget_type=\"button.default\">\n\t\t\t\t<div class=\"elementor-widget-container\">\n\t\t\t\t\t\t\t\t\t<div class=\"elementor-button-wrapper\">\n\t\t\t\t\t<a class=\"elementor-button elementor-button-link elementor-size-sm\" href=\"https:\/\/villagehotel.praenoto.it\/booking-engine\/hotel\/hotelalperose?fdate=2024-06-09&#038;tdate=2024-06-16&#038;Arrangement=2&#038;Accomodations%5B0%5D%5BAges%5D%5B0%5D=30&#038;Accomodations%5B0%5D%5BAges%5D%5B1%5D=30&#038;Accomodations%5B0%5D%5Bselected_room_type%5D=hotelalperose15480#rooms\" target=\"_blank\">\n\t\t\t\t\t\t<span class=\"elementor-button-content-wrapper\">\n\t\t\t\t\t\t\t\t\t<span class=\"elementor-button-text\">R\u00c9SERVEZ MAINTENANT<\/span>\n\t\t\t\t\t<\/span>\n\t\t\t\t\t<\/a>\n\t\t\t\t<\/div>\n\t\t\t\t\t\t\t\t<\/div>\n\t\t\t\t<\/div>\n\t\t\t\t\t<\/div>\n\t\t<\/div>\n\t\t\t\t\t<\/div>\n\t\t<\/section>\n\t\t\t\t<section class=\"elementor-section elementor-inner-section elementor-element elementor-element-8f1b55e elementor-section-full_width elementor-section-height-default elementor-section-height-default\" data-id=\"8f1b55e\" data-element_type=\"section\" data-e-type=\"section\">\n\t\t\t\t\t\t<div class=\"elementor-container elementor-column-gap-extended\">\n\t\t\t\t\t<div class=\"elementor-column elementor-col-33 elementor-inner-column elementor-element elementor-element-d75e4ef\" data-id=\"d75e4ef\" data-element_type=\"column\" data-e-type=\"column\">\n\t\t\t<div class=\"elementor-widget-wrap elementor-element-populated\">\n\t\t\t\t\t\t<div class=\"elementor-element elementor-element-aecdd49 elementor-widget elementor-widget-image\" data-id=\"aecdd49\" data-element_type=\"widget\" data-e-type=\"widget\" data-widget_type=\"image.default\">\n\t\t\t\t<div class=\"elementor-widget-container\">\n\t\t\t\t\t\t\t\t\t\t\t\t\t\t\t\t<a href=\"https:\/\/villagehotel.praenoto.it\/booking-engine\/hotel\/hoteldupark?dates=09+giu+2024+-+16+giu+2024&#038;month=6&#038;accomodation-desc=&#038;acc%5B0%5D%5Bad%5D=2&#038;acc%5B0%5D%5Bch%5D=0&#038;fdate=2024-06-09&#038;tdate=2024-06-16\" target=\"_blank\">\n\t\t\t\t\t\t\t<img loading=\"lazy\" decoding=\"async\" width=\"500\" height=\"500\" src=\"https:\/\/villagehotel.it\/wp-content\/uploads\/2024\/02\/70.jpg\" class=\"attachment-full size-full wp-image-13303\" alt=\"\" srcset=\"https:\/\/villagehotel.it\/wp-content\/uploads\/2024\/02\/70.jpg 500w, https:\/\/villagehotel.it\/wp-content\/uploads\/2024\/02\/70-300x300.jpg 300w, https:\/\/villagehotel.it\/wp-content\/uploads\/2024\/02\/70-150x150.jpg 150w\" sizes=\"(max-width: 500px) 100vw, 500px\" \/>\t\t\t\t\t\t\t\t<\/a>\n\t\t\t\t\t\t\t\t\t\t\t\t\t\t\t<\/div>\n\t\t\t\t<\/div>\n\t\t\t\t<div class=\"elementor-element elementor-element-0f981ec elementor-align-center elementor-widget elementor-widget-button\" data-id=\"0f981ec\" data-element_type=\"widget\" data-e-type=\"widget\" data-widget_type=\"button.default\">\n\t\t\t\t<div class=\"elementor-widget-container\">\n\t\t\t\t\t\t\t\t\t<div class=\"elementor-button-wrapper\">\n\t\t\t\t\t<a class=\"elementor-button elementor-button-link elementor-size-sm\" href=\"https:\/\/villagehotel.praenoto.it\/booking-engine\/hotel\/hoteldupark?dates=09+giu+2024+-+16+giu+2024&#038;month=6&#038;accomodation-desc=&#038;acc%5B0%5D%5Bad%5D=2&#038;acc%5B0%5D%5Bch%5D=0&#038;fdate=2024-06-09&#038;tdate=2024-06-16\" target=\"_blank\">\n\t\t\t\t\t\t<span class=\"elementor-button-content-wrapper\">\n\t\t\t\t\t\t\t\t\t<span class=\"elementor-button-text\">R\u00c9SERVEZ MAINTENANT<\/span>\n\t\t\t\t\t<\/span>\n\t\t\t\t\t<\/a>\n\t\t\t\t<\/div>\n\t\t\t\t\t\t\t\t<\/div>\n\t\t\t\t<\/div>\n\t\t\t\t\t<\/div>\n\t\t<\/div>\n\t\t\t\t<div class=\"elementor-column elementor-col-33 elementor-inner-column elementor-element elementor-element-c81df12\" data-id=\"c81df12\" data-element_type=\"column\" data-e-type=\"column\">\n\t\t\t<div class=\"elementor-widget-wrap\">\n\t\t\t\t\t\t\t<\/div>\n\t\t<\/div>\n\t\t\t\t<div class=\"elementor-column elementor-col-33 elementor-inner-column elementor-element elementor-element-8c8adf2\" data-id=\"8c8adf2\" data-element_type=\"column\" data-e-type=\"column\">\n\t\t\t<div class=\"elementor-widget-wrap\">\n\t\t\t\t\t\t\t<\/div>\n\t\t<\/div>\n\t\t\t\t\t<\/div>\n\t\t<\/section>\n\t\t\t\t\t<\/div>\n\t\t<\/div>\n\t\t\t\t\t<\/div>\n\t\t<\/section>\n\t\t\t\t<\/div>\n\t\t","protected":false},"excerpt":{"rendered":"<p>Montagne 2024 Montagne 2025 MONTAGNE 2024 R\u00c9SERVEZ MAINTENANT R\u00c9SERVEZ MAINTENANT R\u00c9SERVEZ MAINTENANT R\u00c9SERVEZ MAINTENANT<\/p>\n","protected":false},"author":1,"featured_media":0,"parent":3125,"menu_order":0,"comment_status":"closed","ping_status":"closed","template":"elementor_header_footer","meta":{"site-sidebar-layout":"no-sidebar","site-content-layout":"page-builder","ast-site-content-layout":"default","site-content-style":"default","site-sidebar-style":"default","ast-global-header-display":"","ast-banner-title-visibility":"","ast-main-header-display":"","ast-hfb-above-header-display":"","ast-hfb-below-header-display":"","ast-hfb-mobile-header-display":"","site-post-title":"disabled","ast-breadcrumbs-content":"","ast-featured-img":"disabled","footer-sml-layout":"","ast-disable-related-posts":"","theme-transparent-header-meta":"","adv-header-id-meta":"","stick-header-meta":"","header-above-stick-meta":"","header-main-stick-meta":"","header-below-stick-meta":"","astra-migrate-meta-layouts":"default","ast-page-background-enabled":"default","ast-page-background-meta":{"desktop":{"background-color":"var(--ast-global-color-4)","background-image":"","background-repeat":"repeat","background-position":"center center","background-size":"auto","background-attachment":"scroll","background-type":"","background-media":"","overlay-type":"","overlay-color":"","overlay-opacity":"","overlay-gradient":""},"tablet":{"background-color":"","background-image":"","background-repeat":"repeat","background-position":"center center","background-size":"auto","background-attachment":"scroll","background-type":"","background-media":"","overlay-type":"","overlay-color":"","overlay-opacity":"","overlay-gradient":""},"mobile":{"background-color":"","background-image":"","background-repeat":"repeat","background-position":"center center","background-size":"auto","background-attachment":"scroll","background-type":"","background-media":"","overlay-type":"","overlay-color":"","overlay-opacity":"","overlay-gradient":""}},"ast-content-background-meta":{"desktop":{"background-color":"var(--ast-global-color-5)","background-image":"","background-repeat":"repeat","background-position":"center center","background-size":"auto","background-attachment":"scroll","background-type":"","background-media":"","overlay-type":"","overlay-color":"","overlay-opacity":"","overlay-gradient":""},"tablet":{"background-color":"var(--ast-global-color-5)","background-image":"","background-repeat":"repeat","background-position":"center center","background-size":"auto","background-attachment":"scroll","background-type":"","background-media":"","overlay-type":"","overlay-color":"","overlay-opacity":"","overlay-gradient":""},"mobile":{"background-color":"var(--ast-global-color-5)","background-image":"","background-repeat":"repeat","background-position":"center center","background-size":"auto","background-attachment":"scroll","background-type":"","background-media":"","overlay-type":"","overlay-color":"","overlay-opacity":"","overlay-gradient":""}},"_joinchat":[],"footnotes":""},"class_list":["post-9680","page","type-page","status-publish","hentry"],"yoast_head":"<!-- This site is optimized with the Yoast SEO plugin v27.4 - https:\/\/yoast.com\/product\/yoast-seo-wordpress\/ -->\n<title>Montagne 2024 - Village Hotel<\/title>\n<meta name=\"robots\" content=\"index, follow, max-snippet:-1, max-image-preview:large, max-video-preview:-1\" \/>\n<link rel=\"canonical\" href=\"https:\/\/villagehotel.it\/fr\/presque-gratuit\/montagne-2024\/\" \/>\n<meta property=\"og:locale\" content=\"fr_FR\" \/>\n<meta property=\"og:type\" content=\"article\" \/>\n<meta property=\"og:title\" content=\"Montagne 2024 - Village Hotel\" \/>\n<meta property=\"og:description\" content=\"Montagne 2024 Montagne 2025 MONTAGNE 2024 R\u00c9SERVEZ MAINTENANT R\u00c9SERVEZ MAINTENANT R\u00c9SERVEZ MAINTENANT R\u00c9SERVEZ MAINTENANT\" \/>\n<meta property=\"og:url\" content=\"https:\/\/villagehotel.it\/fr\/presque-gratuit\/montagne-2024\/\" \/>\n<meta property=\"og:site_name\" content=\"Village Hotel\" \/>\n<meta property=\"article:modified_time\" content=\"2024-06-03T08:26:19+00:00\" \/>\n<meta property=\"og:image\" content=\"https:\/\/villagehotel.it\/wp-content\/uploads\/2024\/02\/33.jpg\" \/>\n<meta name=\"twitter:card\" content=\"summary_large_image\" \/>\n<script type=\"application\/ld+json\" class=\"yoast-schema-graph\">{\"@context\":\"https:\\\/\\\/schema.org\",\"@graph\":[{\"@type\":\"WebPage\",\"@id\":\"https:\\\/\\\/villagehotel.it\\\/fr\\\/presque-gratuit\\\/montagne-2024\\\/\",\"url\":\"https:\\\/\\\/villagehotel.it\\\/fr\\\/presque-gratuit\\\/montagne-2024\\\/\",\"name\":\"Montagne 2024 - Village Hotel\",\"isPartOf\":{\"@id\":\"https:\\\/\\\/villagehotel.it\\\/fr\\\/#website\"},\"primaryImageOfPage\":{\"@id\":\"https:\\\/\\\/villagehotel.it\\\/fr\\\/presque-gratuit\\\/montagne-2024\\\/#primaryimage\"},\"image\":{\"@id\":\"https:\\\/\\\/villagehotel.it\\\/fr\\\/presque-gratuit\\\/montagne-2024\\\/#primaryimage\"},\"thumbnailUrl\":\"https:\\\/\\\/villagehotel.it\\\/wp-content\\\/uploads\\\/2024\\\/02\\\/33.jpg\",\"datePublished\":\"2023-05-25T09:54:56+00:00\",\"dateModified\":\"2024-06-03T08:26:19+00:00\",\"breadcrumb\":{\"@id\":\"https:\\\/\\\/villagehotel.it\\\/fr\\\/presque-gratuit\\\/montagne-2024\\\/#breadcrumb\"},\"inLanguage\":\"fr-FR\",\"potentialAction\":[{\"@type\":\"ReadAction\",\"target\":[\"https:\\\/\\\/villagehotel.it\\\/fr\\\/presque-gratuit\\\/montagne-2024\\\/\"]}]},{\"@type\":\"ImageObject\",\"inLanguage\":\"fr-FR\",\"@id\":\"https:\\\/\\\/villagehotel.it\\\/fr\\\/presque-gratuit\\\/montagne-2024\\\/#primaryimage\",\"url\":\"https:\\\/\\\/villagehotel.it\\\/wp-content\\\/uploads\\\/2024\\\/02\\\/33.jpg\",\"contentUrl\":\"https:\\\/\\\/villagehotel.it\\\/wp-content\\\/uploads\\\/2024\\\/02\\\/33.jpg\"},{\"@type\":\"BreadcrumbList\",\"@id\":\"https:\\\/\\\/villagehotel.it\\\/fr\\\/presque-gratuit\\\/montagne-2024\\\/#breadcrumb\",\"itemListElement\":[{\"@type\":\"ListItem\",\"position\":1,\"name\":\"Home\",\"item\":\"https:\\\/\\\/villagehotel.it\\\/fr\\\/\"},{\"@type\":\"ListItem\",\"position\":2,\"name\":\"Presque gratuit\",\"item\":\"https:\\\/\\\/villagehotel.it\\\/fr\\\/presque-gratuit\\\/\"},{\"@type\":\"ListItem\",\"position\":3,\"name\":\"Montagne 2024\"}]},{\"@type\":\"WebSite\",\"@id\":\"https:\\\/\\\/villagehotel.it\\\/fr\\\/#website\",\"url\":\"https:\\\/\\\/villagehotel.it\\\/fr\\\/\",\"name\":\"Village Hotel\",\"description\":\"\",\"publisher\":{\"@id\":\"https:\\\/\\\/villagehotel.it\\\/fr\\\/#organization\"},\"potentialAction\":[{\"@type\":\"SearchAction\",\"target\":{\"@type\":\"EntryPoint\",\"urlTemplate\":\"https:\\\/\\\/villagehotel.it\\\/fr\\\/?s={search_term_string}\"},\"query-input\":{\"@type\":\"PropertyValueSpecification\",\"valueRequired\":true,\"valueName\":\"search_term_string\"}}],\"inLanguage\":\"fr-FR\"},{\"@type\":\"Organization\",\"@id\":\"https:\\\/\\\/villagehotel.it\\\/fr\\\/#organization\",\"name\":\"Village Hotel\",\"url\":\"https:\\\/\\\/villagehotel.it\\\/fr\\\/\",\"logo\":{\"@type\":\"ImageObject\",\"inLanguage\":\"fr-FR\",\"@id\":\"https:\\\/\\\/villagehotel.it\\\/fr\\\/#\\\/schema\\\/logo\\\/image\\\/\",\"url\":\"https:\\\/\\\/villagehotel.it\\\/wp-content\\\/uploads\\\/2025\\\/05\\\/village_hotel_logo_10_anni_2025.png\",\"contentUrl\":\"https:\\\/\\\/villagehotel.it\\\/wp-content\\\/uploads\\\/2025\\\/05\\\/village_hotel_logo_10_anni_2025.png\",\"width\":714,\"height\":301,\"caption\":\"Village Hotel\"},\"image\":{\"@id\":\"https:\\\/\\\/villagehotel.it\\\/fr\\\/#\\\/schema\\\/logo\\\/image\\\/\"}}]}<\/script>\n<!-- \/ Yoast SEO plugin. -->","yoast_head_json":{"title":"Montagne 2024 - Village Hotel","robots":{"index":"index","follow":"follow","max-snippet":"max-snippet:-1","max-image-preview":"max-image-preview:large","max-video-preview":"max-video-preview:-1"},"canonical":"https:\/\/villagehotel.it\/fr\/presque-gratuit\/montagne-2024\/","og_locale":"fr_FR","og_type":"article","og_title":"Montagne 2024 - Village Hotel","og_description":"Montagne 2024 Montagne 2025 MONTAGNE 2024 R\u00c9SERVEZ MAINTENANT R\u00c9SERVEZ MAINTENANT R\u00c9SERVEZ MAINTENANT R\u00c9SERVEZ MAINTENANT","og_url":"https:\/\/villagehotel.it\/fr\/presque-gratuit\/montagne-2024\/","og_site_name":"Village Hotel","article_modified_time":"2024-06-03T08:26:19+00:00","og_image":[{"url":"https:\/\/villagehotel.it\/wp-content\/uploads\/2024\/02\/33.jpg","type":"","width":"","height":""}],"twitter_card":"summary_large_image","schema":{"@context":"https:\/\/schema.org","@graph":[{"@type":"WebPage","@id":"https:\/\/villagehotel.it\/fr\/presque-gratuit\/montagne-2024\/","url":"https:\/\/villagehotel.it\/fr\/presque-gratuit\/montagne-2024\/","name":"Montagne 2024 - Village Hotel","isPartOf":{"@id":"https:\/\/villagehotel.it\/fr\/#website"},"primaryImageOfPage":{"@id":"https:\/\/villagehotel.it\/fr\/presque-gratuit\/montagne-2024\/#primaryimage"},"image":{"@id":"https:\/\/villagehotel.it\/fr\/presque-gratuit\/montagne-2024\/#primaryimage"},"thumbnailUrl":"https:\/\/villagehotel.it\/wp-content\/uploads\/2024\/02\/33.jpg","datePublished":"2023-05-25T09:54:56+00:00","dateModified":"2024-06-03T08:26:19+00:00","breadcrumb":{"@id":"https:\/\/villagehotel.it\/fr\/presque-gratuit\/montagne-2024\/#breadcrumb"},"inLanguage":"fr-FR","potentialAction":[{"@type":"ReadAction","target":["https:\/\/villagehotel.it\/fr\/presque-gratuit\/montagne-2024\/"]}]},{"@type":"ImageObject","inLanguage":"fr-FR","@id":"https:\/\/villagehotel.it\/fr\/presque-gratuit\/montagne-2024\/#primaryimage","url":"https:\/\/villagehotel.it\/wp-content\/uploads\/2024\/02\/33.jpg","contentUrl":"https:\/\/villagehotel.it\/wp-content\/uploads\/2024\/02\/33.jpg"},{"@type":"BreadcrumbList","@id":"https:\/\/villagehotel.it\/fr\/presque-gratuit\/montagne-2024\/#breadcrumb","itemListElement":[{"@type":"ListItem","position":1,"name":"Home","item":"https:\/\/villagehotel.it\/fr\/"},{"@type":"ListItem","position":2,"name":"Presque gratuit","item":"https:\/\/villagehotel.it\/fr\/presque-gratuit\/"},{"@type":"ListItem","position":3,"name":"Montagne 2024"}]},{"@type":"WebSite","@id":"https:\/\/villagehotel.it\/fr\/#website","url":"https:\/\/villagehotel.it\/fr\/","name":"Village Hotel","description":"","publisher":{"@id":"https:\/\/villagehotel.it\/fr\/#organization"},"potentialAction":[{"@type":"SearchAction","target":{"@type":"EntryPoint","urlTemplate":"https:\/\/villagehotel.it\/fr\/?s={search_term_string}"},"query-input":{"@type":"PropertyValueSpecification","valueRequired":true,"valueName":"search_term_string"}}],"inLanguage":"fr-FR"},{"@type":"Organization","@id":"https:\/\/villagehotel.it\/fr\/#organization","name":"Village Hotel","url":"https:\/\/villagehotel.it\/fr\/","logo":{"@type":"ImageObject","inLanguage":"fr-FR","@id":"https:\/\/villagehotel.it\/fr\/#\/schema\/logo\/image\/","url":"https:\/\/villagehotel.it\/wp-content\/uploads\/2025\/05\/village_hotel_logo_10_anni_2025.png","contentUrl":"https:\/\/villagehotel.it\/wp-content\/uploads\/2025\/05\/village_hotel_logo_10_anni_2025.png","width":714,"height":301,"caption":"Village Hotel"},"image":{"@id":"https:\/\/villagehotel.it\/fr\/#\/schema\/logo\/image\/"}}]}},"_links":{"self":[{"href":"https:\/\/villagehotel.it\/fr\/wp-json\/wp\/v2\/pages\/9680","targetHints":{"allow":["GET"]}}],"collection":[{"href":"https:\/\/villagehotel.it\/fr\/wp-json\/wp\/v2\/pages"}],"about":[{"href":"https:\/\/villagehotel.it\/fr\/wp-json\/wp\/v2\/types\/page"}],"author":[{"embeddable":true,"href":"https:\/\/villagehotel.it\/fr\/wp-json\/wp\/v2\/users\/1"}],"replies":[{"embeddable":true,"href":"https:\/\/villagehotel.it\/fr\/wp-json\/wp\/v2\/comments?post=9680"}],"version-history":[{"count":11,"href":"https:\/\/villagehotel.it\/fr\/wp-json\/wp\/v2\/pages\/9680\/revisions"}],"predecessor-version":[{"id":14107,"href":"https:\/\/villagehotel.it\/fr\/wp-json\/wp\/v2\/pages\/9680\/revisions\/14107"}],"up":[{"embeddable":true,"href":"https:\/\/villagehotel.it\/fr\/wp-json\/wp\/v2\/pages\/3125"}],"wp:attachment":[{"href":"https:\/\/villagehotel.it\/fr\/wp-json\/wp\/v2\/media?parent=9680"}],"curies":[{"name":"wp","href":"https:\/\/api.w.org\/{rel}","templated":true}]}}