{"id":8931,"date":"2022-11-03T08:53:58","date_gmt":"2022-11-03T08:53:58","guid":{"rendered":"https:\/\/villagehotel.it\/merci-beaucoup-pour-votre-offre-de-troc\/"},"modified":"2022-11-03T10:02:13","modified_gmt":"2022-11-03T10:02:13","slug":"merci-beaucoup-pour-votre-offre-de-troc","status":"publish","type":"page","link":"https:\/\/villagehotel.it\/fr\/merci-beaucoup-pour-votre-offre-de-troc\/","title":{"rendered":"Merci beaucoup pour votre offre de troc!"},"content":{"rendered":"\t\t<div data-elementor-type=\"wp-page\" data-elementor-id=\"8931\" class=\"elementor elementor-8931 elementor-8929\" data-elementor-post-type=\"page\">\n\t\t\t\t\t\t<section class=\"elementor-section elementor-top-section elementor-element elementor-element-3a9d586 elementor-section-content-middle elementor-section-boxed elementor-section-height-default elementor-section-height-default\" data-id=\"3a9d586\" data-element_type=\"section\" data-e-type=\"section\" data-settings=\"{&quot;background_background&quot;:&quot;classic&quot;}\">\n\t\t\t\t\t\t<div class=\"elementor-container elementor-column-gap-default\">\n\t\t\t\t\t<div class=\"elementor-column elementor-col-33 elementor-top-column elementor-element elementor-element-348334d\" data-id=\"348334d\" data-element_type=\"column\" data-e-type=\"column\">\n\t\t\t<div class=\"elementor-widget-wrap elementor-element-populated\">\n\t\t\t\t\t\t<div class=\"elementor-element elementor-element-1e42442 elementor-widget elementor-widget-heading\" data-id=\"1e42442\" data-element_type=\"widget\" data-e-type=\"widget\" data-widget_type=\"heading.default\">\n\t\t\t\t<div class=\"elementor-widget-container\">\n\t\t\t\t\t<h2 class=\"elementor-heading-title elementor-size-default\">Je vous remercie beaucoup!<\/h2>\t\t\t\t<\/div>\n\t\t\t\t<\/div>\n\t\t\t\t<div class=\"elementor-element elementor-element-b8f5ff2 elementor-widget elementor-widget-text-editor\" data-id=\"b8f5ff2\" data-element_type=\"widget\" data-e-type=\"widget\" data-widget_type=\"text-editor.default\">\n\t\t\t\t<div class=\"elementor-widget-container\">\n\t\t\t\t\t\t\t\t\t<p>Nous avons re\u00e7u votre offre de troc, et nous vous informerons si vous avez gagn\u00e9 le forfait s\u00e9jour. Gardez un \u0153il sur votre e-mail.<\/p>\n\t\t\t\t\t\t\t\t<\/div>\n\t\t\t\t<\/div>\n\t\t\t\t<div class=\"elementor-element elementor-element-d9ecbef elementor-align-left elementor-widget elementor-widget-button\" data-id=\"d9ecbef\" data-element_type=\"widget\" data-e-type=\"widget\" data-widget_type=\"button.default\">\n\t\t\t\t<div class=\"elementor-widget-container\">\n\t\t\t\t\t\t\t\t\t<div class=\"elementor-button-wrapper\">\n\t\t\t\t\t<a class=\"elementor-button elementor-button-link elementor-size-sm\" href=\"\/\">\n\t\t\t\t\t\t<span class=\"elementor-button-content-wrapper\">\n\t\t\t\t\t\t\t\t\t<span class=\"elementor-button-text\">DE RETOUR \u00c0 LA MAISON<\/span>\n\t\t\t\t\t<\/span>\n\t\t\t\t\t<\/a>\n\t\t\t\t<\/div>\n\t\t\t\t\t\t\t\t<\/div>\n\t\t\t\t<\/div>\n\t\t\t\t\t<\/div>\n\t\t<\/div>\n\t\t\t\t<div class=\"elementor-column elementor-col-33 elementor-top-column elementor-element elementor-element-2747728 elementor-hidden-tablet elementor-hidden-mobile\" data-id=\"2747728\" data-element_type=\"column\" data-e-type=\"column\">\n\t\t\t<div class=\"elementor-widget-wrap\">\n\t\t\t\t\t\t\t<\/div>\n\t\t<\/div>\n\t\t\t\t<div class=\"elementor-column elementor-col-33 elementor-top-column elementor-element elementor-element-30ba439 elementor-hidden-tablet elementor-hidden-mobile\" data-id=\"30ba439\" data-element_type=\"column\" data-e-type=\"column\">\n\t\t\t<div class=\"elementor-widget-wrap elementor-element-populated\">\n\t\t\t\t\t\t<div class=\"elementor-element elementor-element-b5e9794 elementor-widget elementor-widget-image\" data-id=\"b5e9794\" data-element_type=\"widget\" data-e-type=\"widget\" data-widget_type=\"image.default\">\n\t\t\t\t<div class=\"elementor-widget-container\">\n\t\t\t\t\t\t\t\t\t\t\t\t\t\t\t<img fetchpriority=\"high\" decoding=\"async\" width=\"175\" height=\"471\" src=\"https:\/\/villagehotel.it\/wp-content\/uploads\/2022\/02\/hotel_village_hotel_home_banner_laterale.jpg\" class=\"attachment-full size-full wp-image-6970\" alt=\"\" srcset=\"https:\/\/villagehotel.it\/wp-content\/uploads\/2022\/02\/hotel_village_hotel_home_banner_laterale.jpg 175w, https:\/\/villagehotel.it\/wp-content\/uploads\/2022\/02\/hotel_village_hotel_home_banner_laterale-111x300.jpg 111w\" sizes=\"(max-width: 175px) 100vw, 175px\" \/>\t\t\t\t\t\t\t\t\t\t\t\t\t\t\t<\/div>\n\t\t\t\t<\/div>\n\t\t\t\t\t<\/div>\n\t\t<\/div>\n\t\t\t\t\t<\/div>\n\t\t<\/section>\n\t\t\t\t<\/div>\n\t\t","protected":false},"excerpt":{"rendered":"<p>Je vous remercie beaucoup! Nous avons re\u00e7u votre offre de troc, et nous vous informerons si vous avez gagn\u00e9 le forfait s\u00e9jour. Gardez un \u0153il sur votre e-mail. DE RETOUR \u00c0 LA MAISON<\/p>\n","protected":false},"author":1,"featured_media":0,"parent":0,"menu_order":0,"comment_status":"closed","ping_status":"closed","template":"elementor_header_footer","meta":{"site-sidebar-layout":"no-sidebar","site-content-layout":"page-builder","ast-site-content-layout":"default","site-content-style":"default","site-sidebar-style":"default","ast-global-header-display":"","ast-banner-title-visibility":"","ast-main-header-display":"","ast-hfb-above-header-display":"","ast-hfb-below-header-display":"","ast-hfb-mobile-header-display":"","site-post-title":"disabled","ast-breadcrumbs-content":"","ast-featured-img":"disabled","footer-sml-layout":"","ast-disable-related-posts":"","theme-transparent-header-meta":"","adv-header-id-meta":"","stick-header-meta":"","header-above-stick-meta":"","header-main-stick-meta":"","header-below-stick-meta":"","astra-migrate-meta-layouts":"default","ast-page-background-enabled":"default","ast-page-background-meta":{"desktop":{"background-color":"var(--ast-global-color-4)","background-image":"","background-repeat":"repeat","background-position":"center center","background-size":"auto","background-attachment":"scroll","background-type":"","background-media":"","overlay-type":"","overlay-color":"","overlay-opacity":"","overlay-gradient":""},"tablet":{"background-color":"","background-image":"","background-repeat":"repeat","background-position":"center center","background-size":"auto","background-attachment":"scroll","background-type":"","background-media":"","overlay-type":"","overlay-color":"","overlay-opacity":"","overlay-gradient":""},"mobile":{"background-color":"","background-image":"","background-repeat":"repeat","background-position":"center center","background-size":"auto","background-attachment":"scroll","background-type":"","background-media":"","overlay-type":"","overlay-color":"","overlay-opacity":"","overlay-gradient":""}},"ast-content-background-meta":{"desktop":{"background-color":"var(--ast-global-color-5)","background-image":"","background-repeat":"repeat","background-position":"center center","background-size":"auto","background-attachment":"scroll","background-type":"","background-media":"","overlay-type":"","overlay-color":"","overlay-opacity":"","overlay-gradient":""},"tablet":{"background-color":"var(--ast-global-color-5)","background-image":"","background-repeat":"repeat","background-position":"center center","background-size":"auto","background-attachment":"scroll","background-type":"","background-media":"","overlay-type":"","overlay-color":"","overlay-opacity":"","overlay-gradient":""},"mobile":{"background-color":"var(--ast-global-color-5)","background-image":"","background-repeat":"repeat","background-position":"center center","background-size":"auto","background-attachment":"scroll","background-type":"","background-media":"","overlay-type":"","overlay-color":"","overlay-opacity":"","overlay-gradient":""}},"_joinchat":[],"footnotes":""},"class_list":["post-8931","page","type-page","status-publish","hentry"],"yoast_head":"<!-- This site is optimized with the Yoast SEO plugin v27.5 - https:\/\/yoast.com\/product\/yoast-seo-wordpress\/ -->\n<title>Merci beaucoup pour votre offre de troc! - Village Hotel<\/title>\n<meta name=\"robots\" content=\"index, follow, max-snippet:-1, max-image-preview:large, max-video-preview:-1\" \/>\n<link rel=\"canonical\" href=\"https:\/\/villagehotel.it\/fr\/merci-beaucoup-pour-votre-offre-de-troc\/\" \/>\n<meta property=\"og:locale\" content=\"fr_FR\" \/>\n<meta property=\"og:type\" content=\"article\" \/>\n<meta property=\"og:title\" content=\"Merci beaucoup pour votre offre de troc! - Village Hotel\" \/>\n<meta property=\"og:description\" content=\"Je vous remercie beaucoup! Nous avons re\u00e7u votre offre de troc, et nous vous informerons si vous avez gagn\u00e9 le forfait s\u00e9jour. Gardez un \u0153il sur votre e-mail. DE RETOUR \u00c0 LA MAISON\" \/>\n<meta property=\"og:url\" content=\"https:\/\/villagehotel.it\/fr\/merci-beaucoup-pour-votre-offre-de-troc\/\" \/>\n<meta property=\"og:site_name\" content=\"Village Hotel\" \/>\n<meta property=\"article:modified_time\" content=\"2022-11-03T10:02:13+00:00\" \/>\n<meta property=\"og:image\" content=\"https:\/\/villagehotel.it\/wp-content\/uploads\/2022\/02\/hotel_village_hotel_home_banner_laterale.jpg\" \/>\n<meta name=\"twitter:card\" content=\"summary_large_image\" \/>\n<script type=\"application\/ld+json\" class=\"yoast-schema-graph\">{\"@context\":\"https:\\\/\\\/schema.org\",\"@graph\":[{\"@type\":\"WebPage\",\"@id\":\"https:\\\/\\\/villagehotel.it\\\/fr\\\/merci-beaucoup-pour-votre-offre-de-troc\\\/\",\"url\":\"https:\\\/\\\/villagehotel.it\\\/fr\\\/merci-beaucoup-pour-votre-offre-de-troc\\\/\",\"name\":\"Merci beaucoup pour votre offre de troc! - Village Hotel\",\"isPartOf\":{\"@id\":\"https:\\\/\\\/villagehotel.it\\\/fr\\\/#website\"},\"primaryImageOfPage\":{\"@id\":\"https:\\\/\\\/villagehotel.it\\\/fr\\\/merci-beaucoup-pour-votre-offre-de-troc\\\/#primaryimage\"},\"image\":{\"@id\":\"https:\\\/\\\/villagehotel.it\\\/fr\\\/merci-beaucoup-pour-votre-offre-de-troc\\\/#primaryimage\"},\"thumbnailUrl\":\"https:\\\/\\\/villagehotel.it\\\/wp-content\\\/uploads\\\/2022\\\/02\\\/hotel_village_hotel_home_banner_laterale.jpg\",\"datePublished\":\"2022-11-03T08:53:58+00:00\",\"dateModified\":\"2022-11-03T10:02:13+00:00\",\"breadcrumb\":{\"@id\":\"https:\\\/\\\/villagehotel.it\\\/fr\\\/merci-beaucoup-pour-votre-offre-de-troc\\\/#breadcrumb\"},\"inLanguage\":\"fr-FR\",\"potentialAction\":[{\"@type\":\"ReadAction\",\"target\":[\"https:\\\/\\\/villagehotel.it\\\/fr\\\/merci-beaucoup-pour-votre-offre-de-troc\\\/\"]}]},{\"@type\":\"ImageObject\",\"inLanguage\":\"fr-FR\",\"@id\":\"https:\\\/\\\/villagehotel.it\\\/fr\\\/merci-beaucoup-pour-votre-offre-de-troc\\\/#primaryimage\",\"url\":\"https:\\\/\\\/villagehotel.it\\\/wp-content\\\/uploads\\\/2022\\\/02\\\/hotel_village_hotel_home_banner_laterale.jpg\",\"contentUrl\":\"https:\\\/\\\/villagehotel.it\\\/wp-content\\\/uploads\\\/2022\\\/02\\\/hotel_village_hotel_home_banner_laterale.jpg\"},{\"@type\":\"BreadcrumbList\",\"@id\":\"https:\\\/\\\/villagehotel.it\\\/fr\\\/merci-beaucoup-pour-votre-offre-de-troc\\\/#breadcrumb\",\"itemListElement\":[{\"@type\":\"ListItem\",\"position\":1,\"name\":\"Home\",\"item\":\"https:\\\/\\\/villagehotel.it\\\/fr\\\/home\\\/\"},{\"@type\":\"ListItem\",\"position\":2,\"name\":\"Merci beaucoup pour votre offre de troc!\"}]},{\"@type\":\"WebSite\",\"@id\":\"https:\\\/\\\/villagehotel.it\\\/fr\\\/#website\",\"url\":\"https:\\\/\\\/villagehotel.it\\\/fr\\\/\",\"name\":\"Village Hotel\",\"description\":\"\",\"publisher\":{\"@id\":\"https:\\\/\\\/villagehotel.it\\\/fr\\\/#organization\"},\"potentialAction\":[{\"@type\":\"SearchAction\",\"target\":{\"@type\":\"EntryPoint\",\"urlTemplate\":\"https:\\\/\\\/villagehotel.it\\\/fr\\\/?s={search_term_string}\"},\"query-input\":{\"@type\":\"PropertyValueSpecification\",\"valueRequired\":true,\"valueName\":\"search_term_string\"}}],\"inLanguage\":\"fr-FR\"},{\"@type\":\"Organization\",\"@id\":\"https:\\\/\\\/villagehotel.it\\\/fr\\\/#organization\",\"name\":\"Village Hotel\",\"url\":\"https:\\\/\\\/villagehotel.it\\\/fr\\\/\",\"logo\":{\"@type\":\"ImageObject\",\"inLanguage\":\"fr-FR\",\"@id\":\"https:\\\/\\\/villagehotel.it\\\/fr\\\/#\\\/schema\\\/logo\\\/image\\\/\",\"url\":\"https:\\\/\\\/villagehotel.it\\\/wp-content\\\/uploads\\\/2025\\\/05\\\/village_hotel_logo_10_anni_2025.png\",\"contentUrl\":\"https:\\\/\\\/villagehotel.it\\\/wp-content\\\/uploads\\\/2025\\\/05\\\/village_hotel_logo_10_anni_2025.png\",\"width\":714,\"height\":301,\"caption\":\"Village Hotel\"},\"image\":{\"@id\":\"https:\\\/\\\/villagehotel.it\\\/fr\\\/#\\\/schema\\\/logo\\\/image\\\/\"}}]}<\/script>\n<!-- \/ Yoast SEO plugin. -->","yoast_head_json":{"title":"Merci beaucoup pour votre offre de troc! - Village Hotel","robots":{"index":"index","follow":"follow","max-snippet":"max-snippet:-1","max-image-preview":"max-image-preview:large","max-video-preview":"max-video-preview:-1"},"canonical":"https:\/\/villagehotel.it\/fr\/merci-beaucoup-pour-votre-offre-de-troc\/","og_locale":"fr_FR","og_type":"article","og_title":"Merci beaucoup pour votre offre de troc! - Village Hotel","og_description":"Je vous remercie beaucoup! Nous avons re\u00e7u votre offre de troc, et nous vous informerons si vous avez gagn\u00e9 le forfait s\u00e9jour. Gardez un \u0153il sur votre e-mail. DE RETOUR \u00c0 LA MAISON","og_url":"https:\/\/villagehotel.it\/fr\/merci-beaucoup-pour-votre-offre-de-troc\/","og_site_name":"Village Hotel","article_modified_time":"2022-11-03T10:02:13+00:00","og_image":[{"url":"https:\/\/villagehotel.it\/wp-content\/uploads\/2022\/02\/hotel_village_hotel_home_banner_laterale.jpg","type":"","width":"","height":""}],"twitter_card":"summary_large_image","schema":{"@context":"https:\/\/schema.org","@graph":[{"@type":"WebPage","@id":"https:\/\/villagehotel.it\/fr\/merci-beaucoup-pour-votre-offre-de-troc\/","url":"https:\/\/villagehotel.it\/fr\/merci-beaucoup-pour-votre-offre-de-troc\/","name":"Merci beaucoup pour votre offre de troc! - Village Hotel","isPartOf":{"@id":"https:\/\/villagehotel.it\/fr\/#website"},"primaryImageOfPage":{"@id":"https:\/\/villagehotel.it\/fr\/merci-beaucoup-pour-votre-offre-de-troc\/#primaryimage"},"image":{"@id":"https:\/\/villagehotel.it\/fr\/merci-beaucoup-pour-votre-offre-de-troc\/#primaryimage"},"thumbnailUrl":"https:\/\/villagehotel.it\/wp-content\/uploads\/2022\/02\/hotel_village_hotel_home_banner_laterale.jpg","datePublished":"2022-11-03T08:53:58+00:00","dateModified":"2022-11-03T10:02:13+00:00","breadcrumb":{"@id":"https:\/\/villagehotel.it\/fr\/merci-beaucoup-pour-votre-offre-de-troc\/#breadcrumb"},"inLanguage":"fr-FR","potentialAction":[{"@type":"ReadAction","target":["https:\/\/villagehotel.it\/fr\/merci-beaucoup-pour-votre-offre-de-troc\/"]}]},{"@type":"ImageObject","inLanguage":"fr-FR","@id":"https:\/\/villagehotel.it\/fr\/merci-beaucoup-pour-votre-offre-de-troc\/#primaryimage","url":"https:\/\/villagehotel.it\/wp-content\/uploads\/2022\/02\/hotel_village_hotel_home_banner_laterale.jpg","contentUrl":"https:\/\/villagehotel.it\/wp-content\/uploads\/2022\/02\/hotel_village_hotel_home_banner_laterale.jpg"},{"@type":"BreadcrumbList","@id":"https:\/\/villagehotel.it\/fr\/merci-beaucoup-pour-votre-offre-de-troc\/#breadcrumb","itemListElement":[{"@type":"ListItem","position":1,"name":"Home","item":"https:\/\/villagehotel.it\/fr\/home\/"},{"@type":"ListItem","position":2,"name":"Merci beaucoup pour votre offre de troc!"}]},{"@type":"WebSite","@id":"https:\/\/villagehotel.it\/fr\/#website","url":"https:\/\/villagehotel.it\/fr\/","name":"Village Hotel","description":"","publisher":{"@id":"https:\/\/villagehotel.it\/fr\/#organization"},"potentialAction":[{"@type":"SearchAction","target":{"@type":"EntryPoint","urlTemplate":"https:\/\/villagehotel.it\/fr\/?s={search_term_string}"},"query-input":{"@type":"PropertyValueSpecification","valueRequired":true,"valueName":"search_term_string"}}],"inLanguage":"fr-FR"},{"@type":"Organization","@id":"https:\/\/villagehotel.it\/fr\/#organization","name":"Village Hotel","url":"https:\/\/villagehotel.it\/fr\/","logo":{"@type":"ImageObject","inLanguage":"fr-FR","@id":"https:\/\/villagehotel.it\/fr\/#\/schema\/logo\/image\/","url":"https:\/\/villagehotel.it\/wp-content\/uploads\/2025\/05\/village_hotel_logo_10_anni_2025.png","contentUrl":"https:\/\/villagehotel.it\/wp-content\/uploads\/2025\/05\/village_hotel_logo_10_anni_2025.png","width":714,"height":301,"caption":"Village Hotel"},"image":{"@id":"https:\/\/villagehotel.it\/fr\/#\/schema\/logo\/image\/"}}]}},"_links":{"self":[{"href":"https:\/\/villagehotel.it\/fr\/wp-json\/wp\/v2\/pages\/8931","targetHints":{"allow":["GET"]}}],"collection":[{"href":"https:\/\/villagehotel.it\/fr\/wp-json\/wp\/v2\/pages"}],"about":[{"href":"https:\/\/villagehotel.it\/fr\/wp-json\/wp\/v2\/types\/page"}],"author":[{"embeddable":true,"href":"https:\/\/villagehotel.it\/fr\/wp-json\/wp\/v2\/users\/1"}],"replies":[{"embeddable":true,"href":"https:\/\/villagehotel.it\/fr\/wp-json\/wp\/v2\/comments?post=8931"}],"version-history":[{"count":4,"href":"https:\/\/villagehotel.it\/fr\/wp-json\/wp\/v2\/pages\/8931\/revisions"}],"predecessor-version":[{"id":8951,"href":"https:\/\/villagehotel.it\/fr\/wp-json\/wp\/v2\/pages\/8931\/revisions\/8951"}],"wp:attachment":[{"href":"https:\/\/villagehotel.it\/fr\/wp-json\/wp\/v2\/media?parent=8931"}],"curies":[{"name":"wp","href":"https:\/\/api.w.org\/{rel}","templated":true}]}}