{"id":8357,"date":"2022-09-16T10:14:20","date_gmt":"2022-09-16T10:14:20","guid":{"rendered":"https:\/\/villagehotel.it\/reglement-sur-le-troc\/"},"modified":"2022-10-13T12:47:56","modified_gmt":"2022-10-13T12:47:56","slug":"reglement-sur-le-troc","status":"publish","type":"page","link":"https:\/\/villagehotel.it\/fr\/reglement-sur-le-troc\/","title":{"rendered":"R\u00e8glement sur le troc"},"content":{"rendered":"\t\t<div data-elementor-type=\"wp-page\" data-elementor-id=\"8357\" class=\"elementor elementor-8357 elementor-8355\" data-elementor-post-type=\"page\">\n\t\t\t\t\t\t<section class=\"elementor-section elementor-top-section elementor-element elementor-element-433bb5a note-legali-contenitore elementor-section-boxed elementor-section-height-default elementor-section-height-default\" data-id=\"433bb5a\" data-element_type=\"section\" data-e-type=\"section\">\n\t\t\t\t\t\t<div class=\"elementor-container elementor-column-gap-default\">\n\t\t\t\t\t<div class=\"elementor-column elementor-col-100 elementor-top-column elementor-element elementor-element-2c25713\" data-id=\"2c25713\" data-element_type=\"column\" data-e-type=\"column\">\n\t\t\t<div class=\"elementor-widget-wrap elementor-element-populated\">\n\t\t\t\t\t\t<div class=\"elementor-element elementor-element-12d04ef elementor-widget elementor-widget-text-editor\" data-id=\"12d04ef\" data-element_type=\"widget\" data-e-type=\"widget\" data-widget_type=\"text-editor.default\">\n\t\t\t\t<div class=\"elementor-widget-container\">\n\t\t\t\t\t\t\t\t\t<h2>R\u00c8GLEMENT SUR LE TROC<\/h2>\n<ol>\n<li>Nous n\u2019acceptons pas les offres en esp\u00e8ces;<\/li>\n<li>Les propositions de troc doivent \u00eatre faites uniquement et exclusivement via le formulaire en cliquant sur le bouton \u00ab&nbsp;Participer&nbsp;\u00bb; les champs de donn\u00e9es personnelles doivent tous \u00eatre correctement remplis sous peine d\u2019exclusion du troc;<\/li>\n<li>Pour que votre proposition soit valide, vous devez joindre une photo de l\u2019article que vous avez l\u2019intention d\u2019offrir;<\/li>\n<li>Les offres de troc ont une date limite, la date limite pour proposer votre troc est indiqu\u00e9e parmi les donn\u00e9es de troc publi\u00e9es sur notre site ;<\/li>\n<li>Le choix des articles propos\u00e9s et le nombre de s\u00e9jours mis \u00e0 disposition pour chaque troc, est fait par Giovanni et Laura \u00e0 leur libre discr\u00e9tion. Les trocs choisis seront inform\u00e9s par email (adresse que nous trouvons indiqu\u00e9e dans l\u2019offre re\u00e7ue), ainsi que le nom des trocs choisis sera \u00e9galement rendu public sur notre page facebook le lendemain de la fin de chaque \u00ab&nbsp;troc&nbsp;\u00bb individuel;  <\/li>\n<li>Les trocs choisis ne recevront le ch\u00e8que-vacances par e-mail qu\u2019apr\u00e8s avoir d\u00e9montr\u00e9 l\u2019exp\u00e9dition effective de l\u2019objet \u00e9chang\u00e9 dans les d\u00e9lais qui seront indiqu\u00e9s dans le bon lui-m\u00eame;<\/li>\n<li>Les dates du s\u00e9jour ne sont PAS modifiables, tandis que le bon peut \u00eatre donn\u00e9 librement, mais ne peut pas \u00eatre vendu; le bon ne peut pas \u00eatre divulgu\u00e9 et \/ ou transf\u00e9r\u00e9 par des canaux sociaux non autoris\u00e9s par Village Hotel;<\/li>\n<li>L\u2019exp\u00e9dition de l\u2019objet \u00e9chang\u00e9 rel\u00e8ve de la responsabilit\u00e9 de l\u2019ench\u00e9risseur; nous n\u2019acceptons pas d\u2019autres types de livraison de l\u2019article \u00e9chang\u00e9;<\/li>\n<li>En donnant leur courriel, les participants consentent \u00e0 l\u2019utilisation de celui-ci \u00e0 des fins commerciales;<\/li>\n<li>Le bon \u00e9chang\u00e9 n\u2019est pas un moyen de paiement et ne peut pas \u00eatre utilis\u00e9 pour payer des s\u00e9jours d\u00e9j\u00e0 r\u00e9serv\u00e9s;<\/li>\n<li>Les bons de troc ne peuvent pas \u00eatre combin\u00e9s les uns avec les autres, encore moins avec les offres actuelles;<\/li>\n<li>La personne choisie pour un troc propos\u00e9, a la libert\u00e9 de participer aux trocs ult\u00e9rieurs;<\/li>\n<li>Le participant au troc choisi doit pr\u00e9voir l\u2019exp\u00e9dition des marchandises propos\u00e9es dans les d\u00e9lais indiqu\u00e9s, sinon en plus de ne pas recevoir le bon du s\u00e9jour, il ne sera plus autoris\u00e9 \u00e0 participer aux trocs ult\u00e9rieurs; nous vous conseillons donc de ne participer au troc que si le s\u00e9jour propos\u00e9 est s\u00e9rieusement int\u00e9ress\u00e9;<\/li>\n<li>Le participant qui remplit le formulaire et envoie sa proposition de troc d\u00e9clare sous sa propre responsabilit\u00e9 avoir lu le r\u00e8glement suivant et avoir accept\u00e9 les conditions r\u00e9gissant le troc ;<\/li>\n<\/ol>\n\t\t\t\t\t\t\t\t<\/div>\n\t\t\t\t<\/div>\n\t\t\t\t\t<\/div>\n\t\t<\/div>\n\t\t\t\t\t<\/div>\n\t\t<\/section>\n\t\t\t\t<\/div>\n\t\t","protected":false},"excerpt":{"rendered":"<p>R\u00c8GLEMENT SUR LE TROC Nous n\u2019acceptons pas les offres en esp\u00e8ces; Les propositions de troc doivent \u00eatre faites uniquement et exclusivement via le formulaire en cliquant sur le bouton \u00ab&nbsp;Participer&nbsp;\u00bb; les champs de donn\u00e9es personnelles doivent tous \u00eatre correctement remplis sous peine d\u2019exclusion du troc; Pour que votre proposition soit valide, vous devez joindre une [&hellip;]<\/p>\n","protected":false},"author":1,"featured_media":0,"parent":0,"menu_order":0,"comment_status":"closed","ping_status":"closed","template":"elementor_header_footer","meta":{"site-sidebar-layout":"no-sidebar","site-content-layout":"page-builder","ast-site-content-layout":"default","site-content-style":"default","site-sidebar-style":"default","ast-global-header-display":"","ast-banner-title-visibility":"","ast-main-header-display":"","ast-hfb-above-header-display":"","ast-hfb-below-header-display":"","ast-hfb-mobile-header-display":"","site-post-title":"disabled","ast-breadcrumbs-content":"","ast-featured-img":"disabled","footer-sml-layout":"","ast-disable-related-posts":"","theme-transparent-header-meta":"","adv-header-id-meta":"","stick-header-meta":"","header-above-stick-meta":"","header-main-stick-meta":"","header-below-stick-meta":"","astra-migrate-meta-layouts":"default","ast-page-background-enabled":"default","ast-page-background-meta":{"desktop":{"background-color":"var(--ast-global-color-4)","background-image":"","background-repeat":"repeat","background-position":"center center","background-size":"auto","background-attachment":"scroll","background-type":"","background-media":"","overlay-type":"","overlay-color":"","overlay-opacity":"","overlay-gradient":""},"tablet":{"background-color":"","background-image":"","background-repeat":"repeat","background-position":"center center","background-size":"auto","background-attachment":"scroll","background-type":"","background-media":"","overlay-type":"","overlay-color":"","overlay-opacity":"","overlay-gradient":""},"mobile":{"background-color":"","background-image":"","background-repeat":"repeat","background-position":"center center","background-size":"auto","background-attachment":"scroll","background-type":"","background-media":"","overlay-type":"","overlay-color":"","overlay-opacity":"","overlay-gradient":""}},"ast-content-background-meta":{"desktop":{"background-color":"var(--ast-global-color-5)","background-image":"","background-repeat":"repeat","background-position":"center center","background-size":"auto","background-attachment":"scroll","background-type":"","background-media":"","overlay-type":"","overlay-color":"","overlay-opacity":"","overlay-gradient":""},"tablet":{"background-color":"var(--ast-global-color-5)","background-image":"","background-repeat":"repeat","background-position":"center center","background-size":"auto","background-attachment":"scroll","background-type":"","background-media":"","overlay-type":"","overlay-color":"","overlay-opacity":"","overlay-gradient":""},"mobile":{"background-color":"var(--ast-global-color-5)","background-image":"","background-repeat":"repeat","background-position":"center center","background-size":"auto","background-attachment":"scroll","background-type":"","background-media":"","overlay-type":"","overlay-color":"","overlay-opacity":"","overlay-gradient":""}},"_joinchat":[],"footnotes":""},"class_list":["post-8357","page","type-page","status-publish","hentry"],"yoast_head":"<!-- This site is optimized with the Yoast SEO plugin v27.5 - https:\/\/yoast.com\/product\/yoast-seo-wordpress\/ -->\n<title>R\u00e8glement sur le troc - Village Hotel<\/title>\n<meta name=\"robots\" content=\"index, follow, max-snippet:-1, max-image-preview:large, max-video-preview:-1\" \/>\n<link rel=\"canonical\" href=\"https:\/\/villagehotel.it\/fr\/reglement-sur-le-troc\/\" \/>\n<meta property=\"og:locale\" content=\"fr_FR\" \/>\n<meta property=\"og:type\" content=\"article\" \/>\n<meta property=\"og:title\" content=\"R\u00e8glement sur le troc - Village Hotel\" \/>\n<meta property=\"og:description\" content=\"R\u00c8GLEMENT SUR LE TROC Nous n\u2019acceptons pas les offres en esp\u00e8ces; Les propositions de troc doivent \u00eatre faites uniquement et exclusivement via le formulaire en cliquant sur le bouton \u00ab&nbsp;Participer&nbsp;\u00bb; les champs de donn\u00e9es personnelles doivent tous \u00eatre correctement remplis sous peine d\u2019exclusion du troc; Pour que votre proposition soit valide, vous devez joindre une [&hellip;]\" \/>\n<meta property=\"og:url\" content=\"https:\/\/villagehotel.it\/fr\/reglement-sur-le-troc\/\" \/>\n<meta property=\"og:site_name\" content=\"Village Hotel\" \/>\n<meta property=\"article:modified_time\" content=\"2022-10-13T12:47:56+00:00\" \/>\n<meta name=\"twitter:card\" content=\"summary_large_image\" \/>\n<meta name=\"twitter:label1\" content=\"Dur\u00e9e de lecture estim\u00e9e\" \/>\n\t<meta name=\"twitter:data1\" content=\"2 minutes\" \/>\n<script type=\"application\/ld+json\" class=\"yoast-schema-graph\">{\"@context\":\"https:\\\/\\\/schema.org\",\"@graph\":[{\"@type\":\"WebPage\",\"@id\":\"https:\\\/\\\/villagehotel.it\\\/fr\\\/reglement-sur-le-troc\\\/\",\"url\":\"https:\\\/\\\/villagehotel.it\\\/fr\\\/reglement-sur-le-troc\\\/\",\"name\":\"R\u00e8glement sur le troc - Village Hotel\",\"isPartOf\":{\"@id\":\"https:\\\/\\\/villagehotel.it\\\/fr\\\/#website\"},\"datePublished\":\"2022-09-16T10:14:20+00:00\",\"dateModified\":\"2022-10-13T12:47:56+00:00\",\"breadcrumb\":{\"@id\":\"https:\\\/\\\/villagehotel.it\\\/fr\\\/reglement-sur-le-troc\\\/#breadcrumb\"},\"inLanguage\":\"fr-FR\",\"potentialAction\":[{\"@type\":\"ReadAction\",\"target\":[\"https:\\\/\\\/villagehotel.it\\\/fr\\\/reglement-sur-le-troc\\\/\"]}]},{\"@type\":\"BreadcrumbList\",\"@id\":\"https:\\\/\\\/villagehotel.it\\\/fr\\\/reglement-sur-le-troc\\\/#breadcrumb\",\"itemListElement\":[{\"@type\":\"ListItem\",\"position\":1,\"name\":\"Home\",\"item\":\"https:\\\/\\\/villagehotel.it\\\/fr\\\/home\\\/\"},{\"@type\":\"ListItem\",\"position\":2,\"name\":\"R\u00e8glement sur le troc\"}]},{\"@type\":\"WebSite\",\"@id\":\"https:\\\/\\\/villagehotel.it\\\/fr\\\/#website\",\"url\":\"https:\\\/\\\/villagehotel.it\\\/fr\\\/\",\"name\":\"Village Hotel\",\"description\":\"\",\"publisher\":{\"@id\":\"https:\\\/\\\/villagehotel.it\\\/fr\\\/#organization\"},\"potentialAction\":[{\"@type\":\"SearchAction\",\"target\":{\"@type\":\"EntryPoint\",\"urlTemplate\":\"https:\\\/\\\/villagehotel.it\\\/fr\\\/?s={search_term_string}\"},\"query-input\":{\"@type\":\"PropertyValueSpecification\",\"valueRequired\":true,\"valueName\":\"search_term_string\"}}],\"inLanguage\":\"fr-FR\"},{\"@type\":\"Organization\",\"@id\":\"https:\\\/\\\/villagehotel.it\\\/fr\\\/#organization\",\"name\":\"Village Hotel\",\"url\":\"https:\\\/\\\/villagehotel.it\\\/fr\\\/\",\"logo\":{\"@type\":\"ImageObject\",\"inLanguage\":\"fr-FR\",\"@id\":\"https:\\\/\\\/villagehotel.it\\\/fr\\\/#\\\/schema\\\/logo\\\/image\\\/\",\"url\":\"https:\\\/\\\/villagehotel.it\\\/wp-content\\\/uploads\\\/2025\\\/05\\\/village_hotel_logo_10_anni_2025.png\",\"contentUrl\":\"https:\\\/\\\/villagehotel.it\\\/wp-content\\\/uploads\\\/2025\\\/05\\\/village_hotel_logo_10_anni_2025.png\",\"width\":714,\"height\":301,\"caption\":\"Village Hotel\"},\"image\":{\"@id\":\"https:\\\/\\\/villagehotel.it\\\/fr\\\/#\\\/schema\\\/logo\\\/image\\\/\"}}]}<\/script>\n<!-- \/ Yoast SEO plugin. -->","yoast_head_json":{"title":"R\u00e8glement sur le troc - Village Hotel","robots":{"index":"index","follow":"follow","max-snippet":"max-snippet:-1","max-image-preview":"max-image-preview:large","max-video-preview":"max-video-preview:-1"},"canonical":"https:\/\/villagehotel.it\/fr\/reglement-sur-le-troc\/","og_locale":"fr_FR","og_type":"article","og_title":"R\u00e8glement sur le troc - Village Hotel","og_description":"R\u00c8GLEMENT SUR LE TROC Nous n\u2019acceptons pas les offres en esp\u00e8ces; Les propositions de troc doivent \u00eatre faites uniquement et exclusivement via le formulaire en cliquant sur le bouton \u00ab&nbsp;Participer&nbsp;\u00bb; les champs de donn\u00e9es personnelles doivent tous \u00eatre correctement remplis sous peine d\u2019exclusion du troc; Pour que votre proposition soit valide, vous devez joindre une [&hellip;]","og_url":"https:\/\/villagehotel.it\/fr\/reglement-sur-le-troc\/","og_site_name":"Village Hotel","article_modified_time":"2022-10-13T12:47:56+00:00","twitter_card":"summary_large_image","twitter_misc":{"Dur\u00e9e de lecture estim\u00e9e":"2 minutes"},"schema":{"@context":"https:\/\/schema.org","@graph":[{"@type":"WebPage","@id":"https:\/\/villagehotel.it\/fr\/reglement-sur-le-troc\/","url":"https:\/\/villagehotel.it\/fr\/reglement-sur-le-troc\/","name":"R\u00e8glement sur le troc - Village Hotel","isPartOf":{"@id":"https:\/\/villagehotel.it\/fr\/#website"},"datePublished":"2022-09-16T10:14:20+00:00","dateModified":"2022-10-13T12:47:56+00:00","breadcrumb":{"@id":"https:\/\/villagehotel.it\/fr\/reglement-sur-le-troc\/#breadcrumb"},"inLanguage":"fr-FR","potentialAction":[{"@type":"ReadAction","target":["https:\/\/villagehotel.it\/fr\/reglement-sur-le-troc\/"]}]},{"@type":"BreadcrumbList","@id":"https:\/\/villagehotel.it\/fr\/reglement-sur-le-troc\/#breadcrumb","itemListElement":[{"@type":"ListItem","position":1,"name":"Home","item":"https:\/\/villagehotel.it\/fr\/home\/"},{"@type":"ListItem","position":2,"name":"R\u00e8glement sur le troc"}]},{"@type":"WebSite","@id":"https:\/\/villagehotel.it\/fr\/#website","url":"https:\/\/villagehotel.it\/fr\/","name":"Village Hotel","description":"","publisher":{"@id":"https:\/\/villagehotel.it\/fr\/#organization"},"potentialAction":[{"@type":"SearchAction","target":{"@type":"EntryPoint","urlTemplate":"https:\/\/villagehotel.it\/fr\/?s={search_term_string}"},"query-input":{"@type":"PropertyValueSpecification","valueRequired":true,"valueName":"search_term_string"}}],"inLanguage":"fr-FR"},{"@type":"Organization","@id":"https:\/\/villagehotel.it\/fr\/#organization","name":"Village Hotel","url":"https:\/\/villagehotel.it\/fr\/","logo":{"@type":"ImageObject","inLanguage":"fr-FR","@id":"https:\/\/villagehotel.it\/fr\/#\/schema\/logo\/image\/","url":"https:\/\/villagehotel.it\/wp-content\/uploads\/2025\/05\/village_hotel_logo_10_anni_2025.png","contentUrl":"https:\/\/villagehotel.it\/wp-content\/uploads\/2025\/05\/village_hotel_logo_10_anni_2025.png","width":714,"height":301,"caption":"Village Hotel"},"image":{"@id":"https:\/\/villagehotel.it\/fr\/#\/schema\/logo\/image\/"}}]}},"_links":{"self":[{"href":"https:\/\/villagehotel.it\/fr\/wp-json\/wp\/v2\/pages\/8357","targetHints":{"allow":["GET"]}}],"collection":[{"href":"https:\/\/villagehotel.it\/fr\/wp-json\/wp\/v2\/pages"}],"about":[{"href":"https:\/\/villagehotel.it\/fr\/wp-json\/wp\/v2\/types\/page"}],"author":[{"embeddable":true,"href":"https:\/\/villagehotel.it\/fr\/wp-json\/wp\/v2\/users\/1"}],"replies":[{"embeddable":true,"href":"https:\/\/villagehotel.it\/fr\/wp-json\/wp\/v2\/comments?post=8357"}],"version-history":[{"count":3,"href":"https:\/\/villagehotel.it\/fr\/wp-json\/wp\/v2\/pages\/8357\/revisions"}],"predecessor-version":[{"id":8791,"href":"https:\/\/villagehotel.it\/fr\/wp-json\/wp\/v2\/pages\/8357\/revisions\/8791"}],"wp:attachment":[{"href":"https:\/\/villagehotel.it\/fr\/wp-json\/wp\/v2\/media?parent=8357"}],"curies":[{"name":"wp","href":"https:\/\/api.w.org\/{rel}","templated":true}]}}