{"id":3130,"date":"2021-11-24T09:26:50","date_gmt":"2021-11-24T09:26:50","guid":{"rendered":"https:\/\/village.comcart.it\/resultats-de-la-recherche\/"},"modified":"2022-09-16T10:22:43","modified_gmt":"2022-09-16T10:22:43","slug":"resultats-de-la-recherche","status":"publish","type":"page","link":"https:\/\/villagehotel.it\/fr\/resultats-de-la-recherche\/","title":{"rendered":"R\u00e9sultats de recherche"},"content":{"rendered":"","protected":false},"excerpt":{"rendered":"","protected":false},"author":1,"featured_media":0,"parent":0,"menu_order":0,"comment_status":"closed","ping_status":"closed","template":"elementor_header_footer","meta":{"site-sidebar-layout":"no-sidebar","site-content-layout":"page-builder","ast-site-content-layout":"default","site-content-style":"default","site-sidebar-style":"default","ast-global-header-display":"","ast-banner-title-visibility":"","ast-main-header-display":"","ast-hfb-above-header-display":"","ast-hfb-below-header-display":"","ast-hfb-mobile-header-display":"","site-post-title":"disabled","ast-breadcrumbs-content":"","ast-featured-img":"disabled","footer-sml-layout":"","ast-disable-related-posts":"","theme-transparent-header-meta":"default","adv-header-id-meta":"","stick-header-meta":"","header-above-stick-meta":"","header-main-stick-meta":"","header-below-stick-meta":"","astra-migrate-meta-layouts":"default","ast-page-background-enabled":"default","ast-page-background-meta":{"desktop":{"background-color":"var(--ast-global-color-4)","background-image":"","background-repeat":"repeat","background-position":"center center","background-size":"auto","background-attachment":"scroll","background-type":"","background-media":"","overlay-type":"","overlay-color":"","overlay-opacity":"","overlay-gradient":""},"tablet":{"background-color":"","background-image":"","background-repeat":"repeat","background-position":"center center","background-size":"auto","background-attachment":"scroll","background-type":"","background-media":"","overlay-type":"","overlay-color":"","overlay-opacity":"","overlay-gradient":""},"mobile":{"background-color":"","background-image":"","background-repeat":"repeat","background-position":"center center","background-size":"auto","background-attachment":"scroll","background-type":"","background-media":"","overlay-type":"","overlay-color":"","overlay-opacity":"","overlay-gradient":""}},"ast-content-background-meta":{"desktop":{"background-color":"var(--ast-global-color-5)","background-image":"","background-repeat":"repeat","background-position":"center center","background-size":"auto","background-attachment":"scroll","background-type":"","background-media":"","overlay-type":"","overlay-color":"","overlay-opacity":"","overlay-gradient":""},"tablet":{"background-color":"var(--ast-global-color-5)","background-image":"","background-repeat":"repeat","background-position":"center center","background-size":"auto","background-attachment":"scroll","background-type":"","background-media":"","overlay-type":"","overlay-color":"","overlay-opacity":"","overlay-gradient":""},"mobile":{"background-color":"var(--ast-global-color-5)","background-image":"","background-repeat":"repeat","background-position":"center center","background-size":"auto","background-attachment":"scroll","background-type":"","background-media":"","overlay-type":"","overlay-color":"","overlay-opacity":"","overlay-gradient":""}},"_joinchat":[],"footnotes":""},"class_list":["post-3130","page","type-page","status-publish","hentry"],"yoast_head":"<!-- This site is optimized with the Yoast SEO plugin v27.3 - https:\/\/yoast.com\/product\/yoast-seo-wordpress\/ -->\n<title>R\u00e9sultats de recherche<\/title>\n<meta name=\"description\" content=\"Cherchez des opportunit\u00e9s sur le Village Hotel et d\u00e9couvrez des h\u00f4tels fantastiques pour rester pour profiter pleinement de vos vacances!\" \/>\n<meta name=\"robots\" content=\"index, follow, max-snippet:-1, max-image-preview:large, max-video-preview:-1\" \/>\n<link rel=\"canonical\" href=\"https:\/\/villagehotel.it\/fr\/resultats-de-la-recherche\/\" \/>\n<meta property=\"og:locale\" content=\"fr_FR\" \/>\n<meta property=\"og:type\" content=\"article\" \/>\n<meta property=\"og:title\" content=\"R\u00e9sultats de recherche\" \/>\n<meta property=\"og:description\" content=\"Cherchez des opportunit\u00e9s sur le Village Hotel et d\u00e9couvrez des h\u00f4tels fantastiques pour rester pour profiter pleinement de vos vacances!\" \/>\n<meta property=\"og:url\" content=\"https:\/\/villagehotel.it\/fr\/resultats-de-la-recherche\/\" \/>\n<meta property=\"og:site_name\" content=\"Village Hotel\" \/>\n<meta property=\"article:modified_time\" content=\"2022-09-16T10:22:43+00:00\" \/>\n<meta name=\"twitter:card\" content=\"summary_large_image\" \/>\n<script type=\"application\/ld+json\" class=\"yoast-schema-graph\">{\"@context\":\"https:\\\/\\\/schema.org\",\"@graph\":[{\"@type\":\"WebPage\",\"@id\":\"https:\\\/\\\/villagehotel.it\\\/fr\\\/resultats-de-la-recherche\\\/\",\"url\":\"https:\\\/\\\/villagehotel.it\\\/fr\\\/resultats-de-la-recherche\\\/\",\"name\":\"R\u00e9sultats de recherche\",\"isPartOf\":{\"@id\":\"https:\\\/\\\/villagehotel.it\\\/fr\\\/#website\"},\"datePublished\":\"2021-11-24T09:26:50+00:00\",\"dateModified\":\"2022-09-16T10:22:43+00:00\",\"description\":\"Cherchez des opportunit\u00e9s sur le Village Hotel et d\u00e9couvrez des h\u00f4tels fantastiques pour rester pour profiter pleinement de vos vacances!\",\"breadcrumb\":{\"@id\":\"https:\\\/\\\/villagehotel.it\\\/fr\\\/resultats-de-la-recherche\\\/#breadcrumb\"},\"inLanguage\":\"fr-FR\",\"potentialAction\":[{\"@type\":\"ReadAction\",\"target\":[\"https:\\\/\\\/villagehotel.it\\\/fr\\\/resultats-de-la-recherche\\\/\"]}]},{\"@type\":\"BreadcrumbList\",\"@id\":\"https:\\\/\\\/villagehotel.it\\\/fr\\\/resultats-de-la-recherche\\\/#breadcrumb\",\"itemListElement\":[{\"@type\":\"ListItem\",\"position\":1,\"name\":\"Home\",\"item\":\"https:\\\/\\\/villagehotel.it\\\/fr\\\/\"},{\"@type\":\"ListItem\",\"position\":2,\"name\":\"R\u00e9sultats de recherche\"}]},{\"@type\":\"WebSite\",\"@id\":\"https:\\\/\\\/villagehotel.it\\\/fr\\\/#website\",\"url\":\"https:\\\/\\\/villagehotel.it\\\/fr\\\/\",\"name\":\"Village Hotel\",\"description\":\"\",\"publisher\":{\"@id\":\"https:\\\/\\\/villagehotel.it\\\/fr\\\/#organization\"},\"potentialAction\":[{\"@type\":\"SearchAction\",\"target\":{\"@type\":\"EntryPoint\",\"urlTemplate\":\"https:\\\/\\\/villagehotel.it\\\/fr\\\/?s={search_term_string}\"},\"query-input\":{\"@type\":\"PropertyValueSpecification\",\"valueRequired\":true,\"valueName\":\"search_term_string\"}}],\"inLanguage\":\"fr-FR\"},{\"@type\":\"Organization\",\"@id\":\"https:\\\/\\\/villagehotel.it\\\/fr\\\/#organization\",\"name\":\"Village Hotel\",\"url\":\"https:\\\/\\\/villagehotel.it\\\/fr\\\/\",\"logo\":{\"@type\":\"ImageObject\",\"inLanguage\":\"fr-FR\",\"@id\":\"https:\\\/\\\/villagehotel.it\\\/fr\\\/#\\\/schema\\\/logo\\\/image\\\/\",\"url\":\"https:\\\/\\\/villagehotel.it\\\/wp-content\\\/uploads\\\/2025\\\/05\\\/village_hotel_logo_10_anni_2025.png\",\"contentUrl\":\"https:\\\/\\\/villagehotel.it\\\/wp-content\\\/uploads\\\/2025\\\/05\\\/village_hotel_logo_10_anni_2025.png\",\"width\":714,\"height\":301,\"caption\":\"Village Hotel\"},\"image\":{\"@id\":\"https:\\\/\\\/villagehotel.it\\\/fr\\\/#\\\/schema\\\/logo\\\/image\\\/\"}}]}<\/script>\n<!-- \/ Yoast SEO plugin. -->","yoast_head_json":{"title":"R\u00e9sultats de recherche","description":"Cherchez des opportunit\u00e9s sur le Village Hotel et d\u00e9couvrez des h\u00f4tels fantastiques pour rester pour profiter pleinement de vos vacances!","robots":{"index":"index","follow":"follow","max-snippet":"max-snippet:-1","max-image-preview":"max-image-preview:large","max-video-preview":"max-video-preview:-1"},"canonical":"https:\/\/villagehotel.it\/fr\/resultats-de-la-recherche\/","og_locale":"fr_FR","og_type":"article","og_title":"R\u00e9sultats de recherche","og_description":"Cherchez des opportunit\u00e9s sur le Village Hotel et d\u00e9couvrez des h\u00f4tels fantastiques pour rester pour profiter pleinement de vos vacances!","og_url":"https:\/\/villagehotel.it\/fr\/resultats-de-la-recherche\/","og_site_name":"Village Hotel","article_modified_time":"2022-09-16T10:22:43+00:00","twitter_card":"summary_large_image","schema":{"@context":"https:\/\/schema.org","@graph":[{"@type":"WebPage","@id":"https:\/\/villagehotel.it\/fr\/resultats-de-la-recherche\/","url":"https:\/\/villagehotel.it\/fr\/resultats-de-la-recherche\/","name":"R\u00e9sultats de recherche","isPartOf":{"@id":"https:\/\/villagehotel.it\/fr\/#website"},"datePublished":"2021-11-24T09:26:50+00:00","dateModified":"2022-09-16T10:22:43+00:00","description":"Cherchez des opportunit\u00e9s sur le Village Hotel et d\u00e9couvrez des h\u00f4tels fantastiques pour rester pour profiter pleinement de vos vacances!","breadcrumb":{"@id":"https:\/\/villagehotel.it\/fr\/resultats-de-la-recherche\/#breadcrumb"},"inLanguage":"fr-FR","potentialAction":[{"@type":"ReadAction","target":["https:\/\/villagehotel.it\/fr\/resultats-de-la-recherche\/"]}]},{"@type":"BreadcrumbList","@id":"https:\/\/villagehotel.it\/fr\/resultats-de-la-recherche\/#breadcrumb","itemListElement":[{"@type":"ListItem","position":1,"name":"Home","item":"https:\/\/villagehotel.it\/fr\/"},{"@type":"ListItem","position":2,"name":"R\u00e9sultats de recherche"}]},{"@type":"WebSite","@id":"https:\/\/villagehotel.it\/fr\/#website","url":"https:\/\/villagehotel.it\/fr\/","name":"Village Hotel","description":"","publisher":{"@id":"https:\/\/villagehotel.it\/fr\/#organization"},"potentialAction":[{"@type":"SearchAction","target":{"@type":"EntryPoint","urlTemplate":"https:\/\/villagehotel.it\/fr\/?s={search_term_string}"},"query-input":{"@type":"PropertyValueSpecification","valueRequired":true,"valueName":"search_term_string"}}],"inLanguage":"fr-FR"},{"@type":"Organization","@id":"https:\/\/villagehotel.it\/fr\/#organization","name":"Village Hotel","url":"https:\/\/villagehotel.it\/fr\/","logo":{"@type":"ImageObject","inLanguage":"fr-FR","@id":"https:\/\/villagehotel.it\/fr\/#\/schema\/logo\/image\/","url":"https:\/\/villagehotel.it\/wp-content\/uploads\/2025\/05\/village_hotel_logo_10_anni_2025.png","contentUrl":"https:\/\/villagehotel.it\/wp-content\/uploads\/2025\/05\/village_hotel_logo_10_anni_2025.png","width":714,"height":301,"caption":"Village Hotel"},"image":{"@id":"https:\/\/villagehotel.it\/fr\/#\/schema\/logo\/image\/"}}]}},"_links":{"self":[{"href":"https:\/\/villagehotel.it\/fr\/wp-json\/wp\/v2\/pages\/3130","targetHints":{"allow":["GET"]}}],"collection":[{"href":"https:\/\/villagehotel.it\/fr\/wp-json\/wp\/v2\/pages"}],"about":[{"href":"https:\/\/villagehotel.it\/fr\/wp-json\/wp\/v2\/types\/page"}],"author":[{"embeddable":true,"href":"https:\/\/villagehotel.it\/fr\/wp-json\/wp\/v2\/users\/1"}],"replies":[{"embeddable":true,"href":"https:\/\/villagehotel.it\/fr\/wp-json\/wp\/v2\/comments?post=3130"}],"version-history":[{"count":11,"href":"https:\/\/villagehotel.it\/fr\/wp-json\/wp\/v2\/pages\/3130\/revisions"}],"predecessor-version":[{"id":7720,"href":"https:\/\/villagehotel.it\/fr\/wp-json\/wp\/v2\/pages\/3130\/revisions\/7720"}],"wp:attachment":[{"href":"https:\/\/villagehotel.it\/fr\/wp-json\/wp\/v2\/media?parent=3130"}],"curies":[{"name":"wp","href":"https:\/\/api.w.org\/{rel}","templated":true}]}}