{"id":3110,"date":"2021-11-24T09:18:35","date_gmt":"2021-11-24T09:18:35","guid":{"rendered":"https:\/\/village.comcart.it\/conditions-generales\/"},"modified":"2025-02-04T14:39:35","modified_gmt":"2025-02-04T14:39:35","slug":"conditions-generales","status":"publish","type":"page","link":"https:\/\/villagehotel.it\/fr\/conditions-generales\/","title":{"rendered":"Conditions g\u00e9n\u00e9rales"},"content":{"rendered":"\t\t<div data-elementor-type=\"wp-page\" data-elementor-id=\"3110\" class=\"elementor elementor-3110 elementor-38\" data-elementor-post-type=\"page\">\n\t\t\t\t\t\t<section class=\"elementor-section elementor-top-section elementor-element elementor-element-57eb9ac note-legali-contenitore elementor-section-boxed elementor-section-height-default elementor-section-height-default\" data-id=\"57eb9ac\" data-element_type=\"section\" data-e-type=\"section\">\n\t\t\t\t\t\t<div class=\"elementor-container elementor-column-gap-default\">\n\t\t\t\t\t<div class=\"elementor-column elementor-col-100 elementor-top-column elementor-element elementor-element-555ad88\" data-id=\"555ad88\" data-element_type=\"column\" data-e-type=\"column\">\n\t\t\t<div class=\"elementor-widget-wrap elementor-element-populated\">\n\t\t\t\t\t\t<div class=\"elementor-element elementor-element-e57295c elementor-widget elementor-widget-text-editor\" data-id=\"e57295c\" data-element_type=\"widget\" data-e-type=\"widget\" data-widget_type=\"text-editor.default\">\n\t\t\t\t<div class=\"elementor-widget-container\">\n\t\t\t\t\t\t\t\t\t<h2>CONDITIONS G\u00c9N\u00c9RALES<\/h2>\n<h4>&nbsp;<\/h4>\n<h4>CE SITE FAIT DE LA PUBLICIT\u00c9 POUR DES PROPRI\u00c9T\u00c9S QUI PORTENT LA MARQUE \u00ab&nbsp;VILLAGE HOTEL&nbsp;\u00bb<\/h4>\n<h4>&nbsp;<\/h4>\n<h4><span style=\"text-decoration: underline;\">S\u00c9JOURS GARANTIS PAR LA SOCI\u00c9T\u00c9 ZONA SRLS QUI G\u00c8RE CHAQUE H\u00d4TEL AUX CONDITIONS SUIVANTES :<\/span><\/h4>\n<h4>&nbsp;<\/h4>\n<h4>ARRIV\u00c9E D\u00c9PART:<\/h4>\n<ul>\n<li><strong>Check &#8211; In<\/strong> : \u00e0 partir de 16h00<\/li>\n<li><strong>Check &#8211; Out<\/strong> : Les chambres doivent \u00eatre lib\u00e9r\u00e9es avant 11h00 le jour du d\u00e9part<\/li>\n<\/ul>\n<h4>PAIEMENTS<\/h4>\n<p>Au moment de la confirmation de la r\u00e9servation, dans les d\u00e9lais indiqu\u00e9s dans la confirmation de r\u00e9servation, l\u2019acompte doit \u00eatre vers\u00e9 directement \u00e0 la soci\u00e9t\u00e9 gestionnaire de l\u2019\u00e9tablissement choisi, d\u2019un montant de 25%, 50% ou 100% du montant (selon l\u2019offre choisie) calcul\u00e9 sur le total du s\u00e9jour. Pour les r\u00e9servations qui n\u00e9cessitent le paiement de l\u2019acompte en deux tranches ou plus, si m\u00eame une tranche n\u2019est pas respect\u00e9e, la r\u00e9servation sera consid\u00e9r\u00e9e comme annul\u00e9e et tout montant d\u00e9j\u00e0 pay\u00e9 sera conserv\u00e9 \u00e0 titre de p\u00e9nalit\u00e9.<br>Le solde du montant restant doit \u00eatre pay\u00e9 au moment de l\u2019enregistrement (arriv\u00e9e \u00e0 l\u2019h\u00f4tel). <\/p>\n<p><strong>&nbsp;<\/strong><\/p>\n<p><strong>Tous les prix incluent la TVA<\/strong><\/p>\n<h4>&nbsp;<\/h4>\n<h4>PENDANT VOTRE S\u00c9JOUR<\/h4>\n<ul>\n<li>\u00c0 moins que vous n\u2019ayez des sp\u00e9cifications diff\u00e9rentes sur la confirmation, votre s\u00e9jour commencera toujours par un d\u00eener si vous avez achet\u00e9 un forfait qui comprend des services de restauration.<br>La chambre le jour de l\u2019arriv\u00e9e est toujours livr\u00e9e apr\u00e8s 16 heures et doit \u00eatre lib\u00e9r\u00e9e avant 11 heures le jour du d\u00e9part.<\/li>\n<li>Les serviettes sont chang\u00e9es tous les deux jours, tandis que les draps sont chang\u00e9s en milieu de s\u00e9jour uniquement pour les vacances d&rsquo;au moins 6 nuits.<\/li>\n<li><span style=\"font-style: inherit; font-weight: inherit;\">Les services et\/ou repas r\u00e9serv\u00e9s au moment de la confirmation et non utilis\u00e9s ne seront pas rembours\u00e9s.<\/span><\/li>\n<\/ul>\n<h4>&nbsp;<\/h4>\n<h4>MODIFICATION OU ANNULATION DU FORFAIT TOURISTIQUE AVANT LE DEPART<\/h4>\n<p>En cas d\u2019annulation de la r\u00e9servation par le client, les conditions appliqu\u00e9es sont celles indiqu\u00e9es dans votre r\u00e9servation au moment de la confirmation et peuvent varier en fonction du type d\u2019offre \u00e0 laquelle vous avez souscrit, donc le contrat de s\u00e9jour signifie l\u2019e-mail de r\u00e9servation que vous recevez au moment de la confirmation qui, en plus d\u2019indiquer la date du s\u00e9jour,  Nombre de participants et services inclus, il y a les conditions d\u2019annulation et\/ou de modification de la r\u00e9servation.<\/p>\n<p><strong>&nbsp;<\/strong><\/p>\n<p><strong>IL N&rsquo;Y A AUCUN CHANGEMENT ET\/OU ANNULATION EN RAISON DE LA M\u00c9T\u00c9O<\/strong><\/p>\n<p><strong>&nbsp;<\/strong><\/p>\t\t\t\t\t\t\t\t<\/div>\n\t\t\t\t<\/div>\n\t\t\t\t\t<\/div>\n\t\t<\/div>\n\t\t\t\t\t<\/div>\n\t\t<\/section>\n\t\t\t\t<\/div>\n\t\t","protected":false},"excerpt":{"rendered":"<p>CONDITIONS G\u00c9N\u00c9RALES &nbsp; CE SITE FAIT DE LA PUBLICIT\u00c9 POUR DES PROPRI\u00c9T\u00c9S QUI PORTENT LA MARQUE \u00ab&nbsp;VILLAGE HOTEL&nbsp;\u00bb &nbsp; S\u00c9JOURS GARANTIS PAR LA SOCI\u00c9T\u00c9 ZONA SRLS QUI G\u00c8RE CHAQUE H\u00d4TEL AUX CONDITIONS SUIVANTES : &nbsp; ARRIV\u00c9E D\u00c9PART: Check &#8211; In : \u00e0 partir de 16h00 Check &#8211; Out : Les chambres doivent \u00eatre lib\u00e9r\u00e9es avant [&hellip;]<\/p>\n","protected":false},"author":1,"featured_media":0,"parent":0,"menu_order":0,"comment_status":"closed","ping_status":"closed","template":"elementor_header_footer","meta":{"site-sidebar-layout":"no-sidebar","site-content-layout":"page-builder","ast-site-content-layout":"default","site-content-style":"default","site-sidebar-style":"default","ast-global-header-display":"","ast-banner-title-visibility":"","ast-main-header-display":"","ast-hfb-above-header-display":"","ast-hfb-below-header-display":"","ast-hfb-mobile-header-display":"","site-post-title":"disabled","ast-breadcrumbs-content":"","ast-featured-img":"disabled","footer-sml-layout":"","ast-disable-related-posts":"","theme-transparent-header-meta":"default","adv-header-id-meta":"","stick-header-meta":"","header-above-stick-meta":"","header-main-stick-meta":"","header-below-stick-meta":"","astra-migrate-meta-layouts":"default","ast-page-background-enabled":"default","ast-page-background-meta":{"desktop":{"background-color":"var(--ast-global-color-4)","background-image":"","background-repeat":"repeat","background-position":"center center","background-size":"auto","background-attachment":"scroll","background-type":"","background-media":"","overlay-type":"","overlay-color":"","overlay-opacity":"","overlay-gradient":""},"tablet":{"background-color":"","background-image":"","background-repeat":"repeat","background-position":"center center","background-size":"auto","background-attachment":"scroll","background-type":"","background-media":"","overlay-type":"","overlay-color":"","overlay-opacity":"","overlay-gradient":""},"mobile":{"background-color":"","background-image":"","background-repeat":"repeat","background-position":"center center","background-size":"auto","background-attachment":"scroll","background-type":"","background-media":"","overlay-type":"","overlay-color":"","overlay-opacity":"","overlay-gradient":""}},"ast-content-background-meta":{"desktop":{"background-color":"var(--ast-global-color-5)","background-image":"","background-repeat":"repeat","background-position":"center center","background-size":"auto","background-attachment":"scroll","background-type":"","background-media":"","overlay-type":"","overlay-color":"","overlay-opacity":"","overlay-gradient":""},"tablet":{"background-color":"var(--ast-global-color-5)","background-image":"","background-repeat":"repeat","background-position":"center center","background-size":"auto","background-attachment":"scroll","background-type":"","background-media":"","overlay-type":"","overlay-color":"","overlay-opacity":"","overlay-gradient":""},"mobile":{"background-color":"var(--ast-global-color-5)","background-image":"","background-repeat":"repeat","background-position":"center center","background-size":"auto","background-attachment":"scroll","background-type":"","background-media":"","overlay-type":"","overlay-color":"","overlay-opacity":"","overlay-gradient":""}},"_joinchat":[],"footnotes":""},"class_list":["post-3110","page","type-page","status-publish","hentry"],"yoast_head":"<!-- This site is optimized with the Yoast SEO plugin v27.4 - https:\/\/yoast.com\/product\/yoast-seo-wordpress\/ -->\n<title>Conditions G\u00e9n\u00e9rales d&#039;Utilisation - Village H\u00f4tel<\/title>\n<meta name=\"description\" content=\"Nous sommes toujours clairs ! Vous trouverez ici en d\u00e9tail toutes les politiques sur les conditions d&#039;utilisation pour l&#039;utilisation du site Internet Village Hotel.\" \/>\n<meta name=\"robots\" content=\"index, follow, max-snippet:-1, max-image-preview:large, max-video-preview:-1\" \/>\n<link rel=\"canonical\" href=\"https:\/\/villagehotel.it\/fr\/conditions-generales\/\" \/>\n<meta property=\"og:locale\" content=\"fr_FR\" \/>\n<meta property=\"og:type\" content=\"article\" \/>\n<meta property=\"og:title\" content=\"Conditions G\u00e9n\u00e9rales d&#039;Utilisation - Village H\u00f4tel\" \/>\n<meta property=\"og:description\" content=\"Nous sommes toujours clairs ! Vous trouverez ici en d\u00e9tail toutes les politiques sur les conditions d&#039;utilisation pour l&#039;utilisation du site Internet Village Hotel.\" \/>\n<meta property=\"og:url\" content=\"https:\/\/villagehotel.it\/fr\/conditions-generales\/\" \/>\n<meta property=\"og:site_name\" content=\"Village Hotel\" \/>\n<meta property=\"article:modified_time\" content=\"2025-02-04T14:39:35+00:00\" \/>\n<meta name=\"twitter:card\" content=\"summary_large_image\" \/>\n<meta name=\"twitter:label1\" content=\"Dur\u00e9e de lecture estim\u00e9e\" \/>\n\t<meta name=\"twitter:data1\" content=\"2 minutes\" \/>\n<script type=\"application\/ld+json\" class=\"yoast-schema-graph\">{\"@context\":\"https:\\\/\\\/schema.org\",\"@graph\":[{\"@type\":\"WebPage\",\"@id\":\"https:\\\/\\\/villagehotel.it\\\/fr\\\/conditions-generales\\\/\",\"url\":\"https:\\\/\\\/villagehotel.it\\\/fr\\\/conditions-generales\\\/\",\"name\":\"Conditions G\u00e9n\u00e9rales d'Utilisation - Village H\u00f4tel\",\"isPartOf\":{\"@id\":\"https:\\\/\\\/villagehotel.it\\\/fr\\\/#website\"},\"datePublished\":\"2021-11-24T09:18:35+00:00\",\"dateModified\":\"2025-02-04T14:39:35+00:00\",\"description\":\"Nous sommes toujours clairs ! Vous trouverez ici en d\u00e9tail toutes les politiques sur les conditions d'utilisation pour l'utilisation du site Internet Village Hotel.\",\"breadcrumb\":{\"@id\":\"https:\\\/\\\/villagehotel.it\\\/fr\\\/conditions-generales\\\/#breadcrumb\"},\"inLanguage\":\"fr-FR\",\"potentialAction\":[{\"@type\":\"ReadAction\",\"target\":[\"https:\\\/\\\/villagehotel.it\\\/fr\\\/conditions-generales\\\/\"]}]},{\"@type\":\"BreadcrumbList\",\"@id\":\"https:\\\/\\\/villagehotel.it\\\/fr\\\/conditions-generales\\\/#breadcrumb\",\"itemListElement\":[{\"@type\":\"ListItem\",\"position\":1,\"name\":\"Home\",\"item\":\"https:\\\/\\\/villagehotel.it\\\/fr\\\/\"},{\"@type\":\"ListItem\",\"position\":2,\"name\":\"Conditions g\u00e9n\u00e9rales\"}]},{\"@type\":\"WebSite\",\"@id\":\"https:\\\/\\\/villagehotel.it\\\/fr\\\/#website\",\"url\":\"https:\\\/\\\/villagehotel.it\\\/fr\\\/\",\"name\":\"Village Hotel\",\"description\":\"\",\"publisher\":{\"@id\":\"https:\\\/\\\/villagehotel.it\\\/fr\\\/#organization\"},\"potentialAction\":[{\"@type\":\"SearchAction\",\"target\":{\"@type\":\"EntryPoint\",\"urlTemplate\":\"https:\\\/\\\/villagehotel.it\\\/fr\\\/?s={search_term_string}\"},\"query-input\":{\"@type\":\"PropertyValueSpecification\",\"valueRequired\":true,\"valueName\":\"search_term_string\"}}],\"inLanguage\":\"fr-FR\"},{\"@type\":\"Organization\",\"@id\":\"https:\\\/\\\/villagehotel.it\\\/fr\\\/#organization\",\"name\":\"Village Hotel\",\"url\":\"https:\\\/\\\/villagehotel.it\\\/fr\\\/\",\"logo\":{\"@type\":\"ImageObject\",\"inLanguage\":\"fr-FR\",\"@id\":\"https:\\\/\\\/villagehotel.it\\\/fr\\\/#\\\/schema\\\/logo\\\/image\\\/\",\"url\":\"https:\\\/\\\/villagehotel.it\\\/wp-content\\\/uploads\\\/2025\\\/05\\\/village_hotel_logo_10_anni_2025.png\",\"contentUrl\":\"https:\\\/\\\/villagehotel.it\\\/wp-content\\\/uploads\\\/2025\\\/05\\\/village_hotel_logo_10_anni_2025.png\",\"width\":714,\"height\":301,\"caption\":\"Village Hotel\"},\"image\":{\"@id\":\"https:\\\/\\\/villagehotel.it\\\/fr\\\/#\\\/schema\\\/logo\\\/image\\\/\"}}]}<\/script>\n<!-- \/ Yoast SEO plugin. -->","yoast_head_json":{"title":"Conditions G\u00e9n\u00e9rales d'Utilisation - Village H\u00f4tel","description":"Nous sommes toujours clairs ! Vous trouverez ici en d\u00e9tail toutes les politiques sur les conditions d'utilisation pour l'utilisation du site Internet Village Hotel.","robots":{"index":"index","follow":"follow","max-snippet":"max-snippet:-1","max-image-preview":"max-image-preview:large","max-video-preview":"max-video-preview:-1"},"canonical":"https:\/\/villagehotel.it\/fr\/conditions-generales\/","og_locale":"fr_FR","og_type":"article","og_title":"Conditions G\u00e9n\u00e9rales d'Utilisation - Village H\u00f4tel","og_description":"Nous sommes toujours clairs ! Vous trouverez ici en d\u00e9tail toutes les politiques sur les conditions d'utilisation pour l'utilisation du site Internet Village Hotel.","og_url":"https:\/\/villagehotel.it\/fr\/conditions-generales\/","og_site_name":"Village Hotel","article_modified_time":"2025-02-04T14:39:35+00:00","twitter_card":"summary_large_image","twitter_misc":{"Dur\u00e9e de lecture estim\u00e9e":"2 minutes"},"schema":{"@context":"https:\/\/schema.org","@graph":[{"@type":"WebPage","@id":"https:\/\/villagehotel.it\/fr\/conditions-generales\/","url":"https:\/\/villagehotel.it\/fr\/conditions-generales\/","name":"Conditions G\u00e9n\u00e9rales d'Utilisation - Village H\u00f4tel","isPartOf":{"@id":"https:\/\/villagehotel.it\/fr\/#website"},"datePublished":"2021-11-24T09:18:35+00:00","dateModified":"2025-02-04T14:39:35+00:00","description":"Nous sommes toujours clairs ! Vous trouverez ici en d\u00e9tail toutes les politiques sur les conditions d'utilisation pour l'utilisation du site Internet Village Hotel.","breadcrumb":{"@id":"https:\/\/villagehotel.it\/fr\/conditions-generales\/#breadcrumb"},"inLanguage":"fr-FR","potentialAction":[{"@type":"ReadAction","target":["https:\/\/villagehotel.it\/fr\/conditions-generales\/"]}]},{"@type":"BreadcrumbList","@id":"https:\/\/villagehotel.it\/fr\/conditions-generales\/#breadcrumb","itemListElement":[{"@type":"ListItem","position":1,"name":"Home","item":"https:\/\/villagehotel.it\/fr\/"},{"@type":"ListItem","position":2,"name":"Conditions g\u00e9n\u00e9rales"}]},{"@type":"WebSite","@id":"https:\/\/villagehotel.it\/fr\/#website","url":"https:\/\/villagehotel.it\/fr\/","name":"Village Hotel","description":"","publisher":{"@id":"https:\/\/villagehotel.it\/fr\/#organization"},"potentialAction":[{"@type":"SearchAction","target":{"@type":"EntryPoint","urlTemplate":"https:\/\/villagehotel.it\/fr\/?s={search_term_string}"},"query-input":{"@type":"PropertyValueSpecification","valueRequired":true,"valueName":"search_term_string"}}],"inLanguage":"fr-FR"},{"@type":"Organization","@id":"https:\/\/villagehotel.it\/fr\/#organization","name":"Village Hotel","url":"https:\/\/villagehotel.it\/fr\/","logo":{"@type":"ImageObject","inLanguage":"fr-FR","@id":"https:\/\/villagehotel.it\/fr\/#\/schema\/logo\/image\/","url":"https:\/\/villagehotel.it\/wp-content\/uploads\/2025\/05\/village_hotel_logo_10_anni_2025.png","contentUrl":"https:\/\/villagehotel.it\/wp-content\/uploads\/2025\/05\/village_hotel_logo_10_anni_2025.png","width":714,"height":301,"caption":"Village Hotel"},"image":{"@id":"https:\/\/villagehotel.it\/fr\/#\/schema\/logo\/image\/"}}]}},"_links":{"self":[{"href":"https:\/\/villagehotel.it\/fr\/wp-json\/wp\/v2\/pages\/3110","targetHints":{"allow":["GET"]}}],"collection":[{"href":"https:\/\/villagehotel.it\/fr\/wp-json\/wp\/v2\/pages"}],"about":[{"href":"https:\/\/villagehotel.it\/fr\/wp-json\/wp\/v2\/types\/page"}],"author":[{"embeddable":true,"href":"https:\/\/villagehotel.it\/fr\/wp-json\/wp\/v2\/users\/1"}],"replies":[{"embeddable":true,"href":"https:\/\/villagehotel.it\/fr\/wp-json\/wp\/v2\/comments?post=3110"}],"version-history":[{"count":13,"href":"https:\/\/villagehotel.it\/fr\/wp-json\/wp\/v2\/pages\/3110\/revisions"}],"predecessor-version":[{"id":15565,"href":"https:\/\/villagehotel.it\/fr\/wp-json\/wp\/v2\/pages\/3110\/revisions\/15565"}],"wp:attachment":[{"href":"https:\/\/villagehotel.it\/fr\/wp-json\/wp\/v2\/media?parent=3110"}],"curies":[{"name":"wp","href":"https:\/\/api.w.org\/{rel}","templated":true}]}}