{"id":15064,"date":"2024-12-10T08:06:32","date_gmt":"2024-12-10T08:06:32","guid":{"rendered":"https:\/\/villagehotel.it\/merci-beaucoup-de-vous-etre-inscrit-a-almost-free\/"},"modified":"2025-02-04T09:44:36","modified_gmt":"2025-02-04T09:44:36","slug":"merci-beaucoup-de-vous-etre-inscrit-a-almost-free","status":"publish","type":"page","link":"https:\/\/villagehotel.it\/fr\/merci-beaucoup-de-vous-etre-inscrit-a-almost-free\/","title":{"rendered":"Merci pour votre demande de r\u00e9servation"},"content":{"rendered":"\t\t<div data-elementor-type=\"wp-page\" data-elementor-id=\"15064\" class=\"elementor elementor-15064 elementor-15060\" data-elementor-post-type=\"page\">\n\t\t\t\t\t\t<section class=\"elementor-section elementor-top-section elementor-element elementor-element-ec40a7e elementor-section-content-middle elementor-section-height-min-height elementor-section-boxed elementor-section-height-default elementor-section-items-middle\" data-id=\"ec40a7e\" data-element_type=\"section\" data-e-type=\"section\" data-settings=\"{&quot;background_background&quot;:&quot;classic&quot;}\">\n\t\t\t\t\t\t<div class=\"elementor-container elementor-column-gap-default\">\n\t\t\t\t\t<div class=\"elementor-column elementor-col-100 elementor-top-column elementor-element elementor-element-77dc207\" data-id=\"77dc207\" data-element_type=\"column\" data-e-type=\"column\" data-settings=\"{&quot;background_background&quot;:&quot;classic&quot;}\">\n\t\t\t<div class=\"elementor-widget-wrap elementor-element-populated\">\n\t\t\t\t\t\t<div class=\"elementor-element elementor-element-ea326ae elementor-widget elementor-widget-heading\" data-id=\"ea326ae\" data-element_type=\"widget\" data-e-type=\"widget\" data-widget_type=\"heading.default\">\n\t\t\t\t<div class=\"elementor-widget-container\">\n\t\t\t\t\t<h2 class=\"elementor-heading-title elementor-size-default\">Merci pour votre demande de r\u00e9servation<\/h2>\t\t\t\t<\/div>\n\t\t\t\t<\/div>\n\t\t\t\t<div class=\"elementor-element elementor-element-661925f elementor-widget elementor-widget-text-editor\" data-id=\"661925f\" data-element_type=\"widget\" data-e-type=\"widget\" data-widget_type=\"text-editor.default\">\n\t\t\t\t<div class=\"elementor-widget-container\">\n\t\t\t\t\t\t\t\t\t<p>Merci de votre demande, si l\u2019offre que vous souhaitez r\u00e9server est toujours disponible, vous recevrez dans les prochaines 24 heures des instructions pour proc\u00e9der au paiement<\/p>\n\t\t\t\t\t\t\t\t<\/div>\n\t\t\t\t<\/div>\n\t\t\t\t<div class=\"elementor-element elementor-element-1cee6c3 elementor-widget elementor-widget-text-editor\" data-id=\"1cee6c3\" data-element_type=\"widget\" data-e-type=\"widget\" data-widget_type=\"text-editor.default\">\n\t\t\t\t<div class=\"elementor-widget-container\">\n\t\t\t\t\t\t\t\t\t<p>Formules de politesse<\/p>\n<p>Giovanni et Laura<\/p>\n\t\t\t\t\t\t\t\t<\/div>\n\t\t\t\t<\/div>\n\t\t\t\t<div class=\"elementor-element elementor-element-cb0eea8 elementor-align-center elementor-widget elementor-widget-button\" data-id=\"cb0eea8\" data-element_type=\"widget\" data-e-type=\"widget\" data-widget_type=\"button.default\">\n\t\t\t\t<div class=\"elementor-widget-container\">\n\t\t\t\t\t\t\t\t\t<div class=\"elementor-button-wrapper\">\n\t\t\t\t\t<a class=\"elementor-button elementor-button-link elementor-size-sm\" href=\"\/\">\n\t\t\t\t\t\t<span class=\"elementor-button-content-wrapper\">\n\t\t\t\t\t\t\t\t\t<span class=\"elementor-button-text\">DE RETOUR \u00c0 LA MAISON<\/span>\n\t\t\t\t\t<\/span>\n\t\t\t\t\t<\/a>\n\t\t\t\t<\/div>\n\t\t\t\t\t\t\t\t<\/div>\n\t\t\t\t<\/div>\n\t\t\t\t\t<\/div>\n\t\t<\/div>\n\t\t\t\t\t<\/div>\n\t\t<\/section>\n\t\t\t\t<\/div>\n\t\t","protected":false},"excerpt":{"rendered":"<p>Merci pour votre demande de r\u00e9servation Merci de votre demande, si l\u2019offre que vous souhaitez r\u00e9server est toujours disponible, vous recevrez dans les prochaines 24 heures des instructions pour proc\u00e9der au paiement Formules de politesse Giovanni et Laura DE RETOUR \u00c0 LA MAISON<\/p>\n","protected":false},"author":1,"featured_media":0,"parent":0,"menu_order":0,"comment_status":"closed","ping_status":"closed","template":"elementor_header_footer","meta":{"site-sidebar-layout":"no-sidebar","site-content-layout":"page-builder","ast-site-content-layout":"full-width-container","site-content-style":"default","site-sidebar-style":"default","ast-global-header-display":"","ast-banner-title-visibility":"","ast-main-header-display":"","ast-hfb-above-header-display":"","ast-hfb-below-header-display":"","ast-hfb-mobile-header-display":"","site-post-title":"disabled","ast-breadcrumbs-content":"","ast-featured-img":"disabled","footer-sml-layout":"","ast-disable-related-posts":"","theme-transparent-header-meta":"","adv-header-id-meta":"","stick-header-meta":"","header-above-stick-meta":"","header-main-stick-meta":"","header-below-stick-meta":"","astra-migrate-meta-layouts":"default","ast-page-background-enabled":"default","ast-page-background-meta":{"desktop":{"background-color":"var(--ast-global-color-4)","background-image":"","background-repeat":"repeat","background-position":"center center","background-size":"auto","background-attachment":"scroll","background-type":"","background-media":"","overlay-type":"","overlay-color":"","overlay-opacity":"","overlay-gradient":""},"tablet":{"background-color":"","background-image":"","background-repeat":"repeat","background-position":"center center","background-size":"auto","background-attachment":"scroll","background-type":"","background-media":"","overlay-type":"","overlay-color":"","overlay-opacity":"","overlay-gradient":""},"mobile":{"background-color":"","background-image":"","background-repeat":"repeat","background-position":"center center","background-size":"auto","background-attachment":"scroll","background-type":"","background-media":"","overlay-type":"","overlay-color":"","overlay-opacity":"","overlay-gradient":""}},"ast-content-background-meta":{"desktop":{"background-color":"var(--ast-global-color-5)","background-image":"","background-repeat":"repeat","background-position":"center center","background-size":"auto","background-attachment":"scroll","background-type":"","background-media":"","overlay-type":"","overlay-color":"","overlay-opacity":"","overlay-gradient":""},"tablet":{"background-color":"var(--ast-global-color-5)","background-image":"","background-repeat":"repeat","background-position":"center center","background-size":"auto","background-attachment":"scroll","background-type":"","background-media":"","overlay-type":"","overlay-color":"","overlay-opacity":"","overlay-gradient":""},"mobile":{"background-color":"var(--ast-global-color-5)","background-image":"","background-repeat":"repeat","background-position":"center center","background-size":"auto","background-attachment":"scroll","background-type":"","background-media":"","overlay-type":"","overlay-color":"","overlay-opacity":"","overlay-gradient":""}},"_joinchat":[],"footnotes":""},"class_list":["post-15064","page","type-page","status-publish","hentry"],"yoast_head":"<!-- This site is optimized with the Yoast SEO plugin v27.5 - https:\/\/yoast.com\/product\/yoast-seo-wordpress\/ -->\n<title>Merci pour votre demande de r\u00e9servation - Village Hotel<\/title>\n<meta name=\"robots\" content=\"index, follow, max-snippet:-1, max-image-preview:large, max-video-preview:-1\" \/>\n<link rel=\"canonical\" href=\"https:\/\/villagehotel.it\/fr\/merci-beaucoup-de-vous-etre-inscrit-a-almost-free\/\" \/>\n<meta property=\"og:locale\" content=\"fr_FR\" \/>\n<meta property=\"og:type\" content=\"article\" \/>\n<meta property=\"og:title\" content=\"Merci pour votre demande de r\u00e9servation - Village Hotel\" \/>\n<meta property=\"og:description\" content=\"Merci pour votre demande de r\u00e9servation Merci de votre demande, si l\u2019offre que vous souhaitez r\u00e9server est toujours disponible, vous recevrez dans les prochaines 24 heures des instructions pour proc\u00e9der au paiement Formules de politesse Giovanni et Laura DE RETOUR \u00c0 LA MAISON\" \/>\n<meta property=\"og:url\" content=\"https:\/\/villagehotel.it\/fr\/merci-beaucoup-de-vous-etre-inscrit-a-almost-free\/\" \/>\n<meta property=\"og:site_name\" content=\"Village Hotel\" \/>\n<meta property=\"article:modified_time\" content=\"2025-02-04T09:44:36+00:00\" \/>\n<meta name=\"twitter:card\" content=\"summary_large_image\" \/>\n<script type=\"application\/ld+json\" class=\"yoast-schema-graph\">{\"@context\":\"https:\\\/\\\/schema.org\",\"@graph\":[{\"@type\":\"WebPage\",\"@id\":\"https:\\\/\\\/villagehotel.it\\\/fr\\\/merci-beaucoup-de-vous-etre-inscrit-a-almost-free\\\/\",\"url\":\"https:\\\/\\\/villagehotel.it\\\/fr\\\/merci-beaucoup-de-vous-etre-inscrit-a-almost-free\\\/\",\"name\":\"Merci pour votre demande de r\u00e9servation - Village Hotel\",\"isPartOf\":{\"@id\":\"https:\\\/\\\/villagehotel.it\\\/fr\\\/#website\"},\"datePublished\":\"2024-12-10T08:06:32+00:00\",\"dateModified\":\"2025-02-04T09:44:36+00:00\",\"breadcrumb\":{\"@id\":\"https:\\\/\\\/villagehotel.it\\\/fr\\\/merci-beaucoup-de-vous-etre-inscrit-a-almost-free\\\/#breadcrumb\"},\"inLanguage\":\"fr-FR\",\"potentialAction\":[{\"@type\":\"ReadAction\",\"target\":[\"https:\\\/\\\/villagehotel.it\\\/fr\\\/merci-beaucoup-de-vous-etre-inscrit-a-almost-free\\\/\"]}]},{\"@type\":\"BreadcrumbList\",\"@id\":\"https:\\\/\\\/villagehotel.it\\\/fr\\\/merci-beaucoup-de-vous-etre-inscrit-a-almost-free\\\/#breadcrumb\",\"itemListElement\":[{\"@type\":\"ListItem\",\"position\":1,\"name\":\"Home\",\"item\":\"https:\\\/\\\/villagehotel.it\\\/fr\\\/home\\\/\"},{\"@type\":\"ListItem\",\"position\":2,\"name\":\"Merci pour votre demande de r\u00e9servation\"}]},{\"@type\":\"WebSite\",\"@id\":\"https:\\\/\\\/villagehotel.it\\\/fr\\\/#website\",\"url\":\"https:\\\/\\\/villagehotel.it\\\/fr\\\/\",\"name\":\"Village Hotel\",\"description\":\"\",\"publisher\":{\"@id\":\"https:\\\/\\\/villagehotel.it\\\/fr\\\/#organization\"},\"potentialAction\":[{\"@type\":\"SearchAction\",\"target\":{\"@type\":\"EntryPoint\",\"urlTemplate\":\"https:\\\/\\\/villagehotel.it\\\/fr\\\/?s={search_term_string}\"},\"query-input\":{\"@type\":\"PropertyValueSpecification\",\"valueRequired\":true,\"valueName\":\"search_term_string\"}}],\"inLanguage\":\"fr-FR\"},{\"@type\":\"Organization\",\"@id\":\"https:\\\/\\\/villagehotel.it\\\/fr\\\/#organization\",\"name\":\"Village Hotel\",\"url\":\"https:\\\/\\\/villagehotel.it\\\/fr\\\/\",\"logo\":{\"@type\":\"ImageObject\",\"inLanguage\":\"fr-FR\",\"@id\":\"https:\\\/\\\/villagehotel.it\\\/fr\\\/#\\\/schema\\\/logo\\\/image\\\/\",\"url\":\"https:\\\/\\\/villagehotel.it\\\/wp-content\\\/uploads\\\/2025\\\/05\\\/village_hotel_logo_10_anni_2025.png\",\"contentUrl\":\"https:\\\/\\\/villagehotel.it\\\/wp-content\\\/uploads\\\/2025\\\/05\\\/village_hotel_logo_10_anni_2025.png\",\"width\":714,\"height\":301,\"caption\":\"Village Hotel\"},\"image\":{\"@id\":\"https:\\\/\\\/villagehotel.it\\\/fr\\\/#\\\/schema\\\/logo\\\/image\\\/\"}}]}<\/script>\n<!-- \/ Yoast SEO plugin. -->","yoast_head_json":{"title":"Merci pour votre demande de r\u00e9servation - Village Hotel","robots":{"index":"index","follow":"follow","max-snippet":"max-snippet:-1","max-image-preview":"max-image-preview:large","max-video-preview":"max-video-preview:-1"},"canonical":"https:\/\/villagehotel.it\/fr\/merci-beaucoup-de-vous-etre-inscrit-a-almost-free\/","og_locale":"fr_FR","og_type":"article","og_title":"Merci pour votre demande de r\u00e9servation - Village Hotel","og_description":"Merci pour votre demande de r\u00e9servation Merci de votre demande, si l\u2019offre que vous souhaitez r\u00e9server est toujours disponible, vous recevrez dans les prochaines 24 heures des instructions pour proc\u00e9der au paiement Formules de politesse Giovanni et Laura DE RETOUR \u00c0 LA MAISON","og_url":"https:\/\/villagehotel.it\/fr\/merci-beaucoup-de-vous-etre-inscrit-a-almost-free\/","og_site_name":"Village Hotel","article_modified_time":"2025-02-04T09:44:36+00:00","twitter_card":"summary_large_image","schema":{"@context":"https:\/\/schema.org","@graph":[{"@type":"WebPage","@id":"https:\/\/villagehotel.it\/fr\/merci-beaucoup-de-vous-etre-inscrit-a-almost-free\/","url":"https:\/\/villagehotel.it\/fr\/merci-beaucoup-de-vous-etre-inscrit-a-almost-free\/","name":"Merci pour votre demande de r\u00e9servation - Village Hotel","isPartOf":{"@id":"https:\/\/villagehotel.it\/fr\/#website"},"datePublished":"2024-12-10T08:06:32+00:00","dateModified":"2025-02-04T09:44:36+00:00","breadcrumb":{"@id":"https:\/\/villagehotel.it\/fr\/merci-beaucoup-de-vous-etre-inscrit-a-almost-free\/#breadcrumb"},"inLanguage":"fr-FR","potentialAction":[{"@type":"ReadAction","target":["https:\/\/villagehotel.it\/fr\/merci-beaucoup-de-vous-etre-inscrit-a-almost-free\/"]}]},{"@type":"BreadcrumbList","@id":"https:\/\/villagehotel.it\/fr\/merci-beaucoup-de-vous-etre-inscrit-a-almost-free\/#breadcrumb","itemListElement":[{"@type":"ListItem","position":1,"name":"Home","item":"https:\/\/villagehotel.it\/fr\/home\/"},{"@type":"ListItem","position":2,"name":"Merci pour votre demande de r\u00e9servation"}]},{"@type":"WebSite","@id":"https:\/\/villagehotel.it\/fr\/#website","url":"https:\/\/villagehotel.it\/fr\/","name":"Village Hotel","description":"","publisher":{"@id":"https:\/\/villagehotel.it\/fr\/#organization"},"potentialAction":[{"@type":"SearchAction","target":{"@type":"EntryPoint","urlTemplate":"https:\/\/villagehotel.it\/fr\/?s={search_term_string}"},"query-input":{"@type":"PropertyValueSpecification","valueRequired":true,"valueName":"search_term_string"}}],"inLanguage":"fr-FR"},{"@type":"Organization","@id":"https:\/\/villagehotel.it\/fr\/#organization","name":"Village Hotel","url":"https:\/\/villagehotel.it\/fr\/","logo":{"@type":"ImageObject","inLanguage":"fr-FR","@id":"https:\/\/villagehotel.it\/fr\/#\/schema\/logo\/image\/","url":"https:\/\/villagehotel.it\/wp-content\/uploads\/2025\/05\/village_hotel_logo_10_anni_2025.png","contentUrl":"https:\/\/villagehotel.it\/wp-content\/uploads\/2025\/05\/village_hotel_logo_10_anni_2025.png","width":714,"height":301,"caption":"Village Hotel"},"image":{"@id":"https:\/\/villagehotel.it\/fr\/#\/schema\/logo\/image\/"}}]}},"_links":{"self":[{"href":"https:\/\/villagehotel.it\/fr\/wp-json\/wp\/v2\/pages\/15064","targetHints":{"allow":["GET"]}}],"collection":[{"href":"https:\/\/villagehotel.it\/fr\/wp-json\/wp\/v2\/pages"}],"about":[{"href":"https:\/\/villagehotel.it\/fr\/wp-json\/wp\/v2\/types\/page"}],"author":[{"embeddable":true,"href":"https:\/\/villagehotel.it\/fr\/wp-json\/wp\/v2\/users\/1"}],"replies":[{"embeddable":true,"href":"https:\/\/villagehotel.it\/fr\/wp-json\/wp\/v2\/comments?post=15064"}],"version-history":[{"count":7,"href":"https:\/\/villagehotel.it\/fr\/wp-json\/wp\/v2\/pages\/15064\/revisions"}],"predecessor-version":[{"id":15528,"href":"https:\/\/villagehotel.it\/fr\/wp-json\/wp\/v2\/pages\/15064\/revisions\/15528"}],"wp:attachment":[{"href":"https:\/\/villagehotel.it\/fr\/wp-json\/wp\/v2\/media?parent=15064"}],"curies":[{"name":"wp","href":"https:\/\/api.w.org\/{rel}","templated":true}]}}