{"id":8363,"date":"2022-09-16T10:14:24","date_gmt":"2022-09-16T10:14:24","guid":{"rendered":"https:\/\/villagehotel.it\/tauschhandelsverordnung\/"},"modified":"2022-10-13T12:47:57","modified_gmt":"2022-10-13T12:47:57","slug":"tauschhandelsverordnung","status":"publish","type":"page","link":"https:\/\/villagehotel.it\/de\/tauschhandelsverordnung\/","title":{"rendered":"Tauschhandelsverordnung"},"content":{"rendered":"\t\t<div data-elementor-type=\"wp-page\" data-elementor-id=\"8363\" class=\"elementor elementor-8363 elementor-8355\" data-elementor-post-type=\"page\">\n\t\t\t\t\t\t<section class=\"elementor-section elementor-top-section elementor-element elementor-element-433bb5a note-legali-contenitore elementor-section-boxed elementor-section-height-default elementor-section-height-default\" data-id=\"433bb5a\" data-element_type=\"section\" data-e-type=\"section\">\n\t\t\t\t\t\t<div class=\"elementor-container elementor-column-gap-default\">\n\t\t\t\t\t<div class=\"elementor-column elementor-col-100 elementor-top-column elementor-element elementor-element-2c25713\" data-id=\"2c25713\" data-element_type=\"column\" data-e-type=\"column\">\n\t\t\t<div class=\"elementor-widget-wrap elementor-element-populated\">\n\t\t\t\t\t\t<div class=\"elementor-element elementor-element-12d04ef elementor-widget elementor-widget-text-editor\" data-id=\"12d04ef\" data-element_type=\"widget\" data-e-type=\"widget\" data-widget_type=\"text-editor.default\">\n\t\t\t\t<div class=\"elementor-widget-container\">\n\t\t\t\t\t\t\t\t\t<h2>WIDERRUFSVERORDNUNG<\/h2>\n<ol>\n<li>Wir akzeptieren keine Bargeldangebote;<\/li>\n<li>Tauschvorschl\u00e4ge d\u00fcrfen nur und ausschlie\u00dflich \u00fcber das Formular durch Klicken auf die Schaltfl\u00e4che &#8222;Teilnehmen&#8220; gemacht werden; die Felder f\u00fcr personenbezogene Daten m\u00fcssen alle korrekt ausgef\u00fcllt werden, unter Androhung des Ausschlusses vom Tauschhandel;<\/li>\n<li>Um Ihren Vorschlag g\u00fcltig zu machen, m\u00fcssen Sie ein Foto des Artikels beif\u00fcgen, den Sie anbieten m\u00f6chten.<\/li>\n<li>Tauschangebote haben eine Frist, die Frist, um Ihren Tauschhandel vorzuschlagen, ist unter den auf unserer Website ver\u00f6ffentlichten Tauschdaten angegeben;<\/li>\n<li>Die Auswahl der vorgeschlagenen Artikel und die Anzahl der Aufenthalte, die f\u00fcr jeden Tauschhandel zur Verf\u00fcgung gestellt werden, wird von Giovanni und Laura nach freiem Ermessen getroffen. Die ausgew\u00e4hlten Tauschgesch\u00e4fte werden per E-Mail informiert (Adresse, die wir im erhaltenen Angebot angegeben finden), auch der Name der ausgew\u00e4hlten Tauschgesch\u00e4fte wird am Tag nach dem Ende jedes einzelnen &#8222;Tauschhandels&#8220; auf unserer Facebook-Seite ver\u00f6ffentlicht;  <\/li>\n<li>Die ausgew\u00e4hlten Tauschgesch\u00e4fte erhalten den Urlaubsgutschein erst dann per E-Mail, wenn sie den tats\u00e4chlichen Versand des Tauschgegenstandes zu den Zeiten nachgewiesen haben, die auf dem Gutschein selbst angegeben sind;<\/li>\n<li>Die Daten des Aufenthalts sind NICHT \u00e4nderbar, w\u00e4hrend der Gutschein frei gegeben werden kann, aber nicht verkauft werden kann; der Gutschein kann nicht \u00fcber soziale Kan\u00e4le offengelegt und\/oder \u00fcbertragen werden, die nicht von Village Hotel autorisiert sind;<\/li>\n<li>Der Versand des Tauschgegenstandes liegt in der Verantwortung des Bieters; wir akzeptieren keine anderen Arten der Lieferung des getauschten Artikels;<\/li>\n<li>Durch die Angabe ihrer E-Mail-Adresse stimmen die Teilnehmer der Verwendung f\u00fcr kommerzielle Zwecke zu;<\/li>\n<li>Der getauschte Gutschein ist kein Zahlungsmittel und kann nicht zur Bezahlung bereits gebuchter Aufenthalte verwendet werden.<\/li>\n<li>Tauschgutscheine k\u00f6nnen nicht miteinander kombiniert werden, geschweige denn mit aktuellen Angeboten;<\/li>\n<li>Die Person, die f\u00fcr einen vorgeschlagenen Tauschhandel ausgew\u00e4hlt wurde, hat die Freiheit, an nachfolgenden Tauschgesch\u00e4ften teilzunehmen;<\/li>\n<li>Der Teilnehmer des gew\u00e4hlten Tauschhandels muss f\u00fcr den Versand der vorgeschlagenen Waren innerhalb der angegebenen Fristen sorgen, andernfalls darf er nicht nur den Aufenthaltsgutschein nicht mehr erhalten, sondern auch nicht mehr an nachfolgenden Tauschgesch\u00e4ften teilnehmen; Wir empfehlen Ihnen daher, nur dann am Tauschhandel teilzunehmen, wenn Sie ernsthaft an dem vorgeschlagenen Aufenthalt interessiert sind.<\/li>\n<li>Der Teilnehmer, der das Formular ausf\u00fcllt und seinen Tauschvorschlag absendet, erkl\u00e4rt in eigener Verantwortung, die folgende Verordnung gelesen und die Bedingungen f\u00fcr den Tauschhandel akzeptiert zu haben;<\/li>\n<\/ol>\n\t\t\t\t\t\t\t\t<\/div>\n\t\t\t\t<\/div>\n\t\t\t\t\t<\/div>\n\t\t<\/div>\n\t\t\t\t\t<\/div>\n\t\t<\/section>\n\t\t\t\t<\/div>\n\t\t","protected":false},"excerpt":{"rendered":"<p>WIDERRUFSVERORDNUNG Wir akzeptieren keine Bargeldangebote; Tauschvorschl\u00e4ge d\u00fcrfen nur und ausschlie\u00dflich \u00fcber das Formular durch Klicken auf die Schaltfl\u00e4che &#8222;Teilnehmen&#8220; gemacht werden; die Felder f\u00fcr personenbezogene Daten m\u00fcssen alle korrekt ausgef\u00fcllt werden, unter Androhung des Ausschlusses vom Tauschhandel; Um Ihren Vorschlag g\u00fcltig zu machen, m\u00fcssen Sie ein Foto des Artikels beif\u00fcgen, den Sie anbieten m\u00f6chten. Tauschangebote [&hellip;]<\/p>\n","protected":false},"author":1,"featured_media":0,"parent":0,"menu_order":0,"comment_status":"closed","ping_status":"closed","template":"elementor_header_footer","meta":{"site-sidebar-layout":"no-sidebar","site-content-layout":"page-builder","ast-site-content-layout":"default","site-content-style":"default","site-sidebar-style":"default","ast-global-header-display":"","ast-banner-title-visibility":"","ast-main-header-display":"","ast-hfb-above-header-display":"","ast-hfb-below-header-display":"","ast-hfb-mobile-header-display":"","site-post-title":"disabled","ast-breadcrumbs-content":"","ast-featured-img":"disabled","footer-sml-layout":"","ast-disable-related-posts":"","theme-transparent-header-meta":"","adv-header-id-meta":"","stick-header-meta":"","header-above-stick-meta":"","header-main-stick-meta":"","header-below-stick-meta":"","astra-migrate-meta-layouts":"default","ast-page-background-enabled":"default","ast-page-background-meta":{"desktop":{"background-color":"var(--ast-global-color-4)","background-image":"","background-repeat":"repeat","background-position":"center center","background-size":"auto","background-attachment":"scroll","background-type":"","background-media":"","overlay-type":"","overlay-color":"","overlay-opacity":"","overlay-gradient":""},"tablet":{"background-color":"","background-image":"","background-repeat":"repeat","background-position":"center center","background-size":"auto","background-attachment":"scroll","background-type":"","background-media":"","overlay-type":"","overlay-color":"","overlay-opacity":"","overlay-gradient":""},"mobile":{"background-color":"","background-image":"","background-repeat":"repeat","background-position":"center center","background-size":"auto","background-attachment":"scroll","background-type":"","background-media":"","overlay-type":"","overlay-color":"","overlay-opacity":"","overlay-gradient":""}},"ast-content-background-meta":{"desktop":{"background-color":"var(--ast-global-color-5)","background-image":"","background-repeat":"repeat","background-position":"center center","background-size":"auto","background-attachment":"scroll","background-type":"","background-media":"","overlay-type":"","overlay-color":"","overlay-opacity":"","overlay-gradient":""},"tablet":{"background-color":"var(--ast-global-color-5)","background-image":"","background-repeat":"repeat","background-position":"center center","background-size":"auto","background-attachment":"scroll","background-type":"","background-media":"","overlay-type":"","overlay-color":"","overlay-opacity":"","overlay-gradient":""},"mobile":{"background-color":"var(--ast-global-color-5)","background-image":"","background-repeat":"repeat","background-position":"center center","background-size":"auto","background-attachment":"scroll","background-type":"","background-media":"","overlay-type":"","overlay-color":"","overlay-opacity":"","overlay-gradient":""}},"_joinchat":[],"footnotes":""},"class_list":["post-8363","page","type-page","status-publish","hentry"],"yoast_head":"<!-- This site is optimized with the Yoast SEO plugin v27.4 - https:\/\/yoast.com\/product\/yoast-seo-wordpress\/ -->\n<title>Tauschhandelsverordnung - Village Hotel<\/title>\n<meta name=\"robots\" content=\"index, follow, max-snippet:-1, max-image-preview:large, max-video-preview:-1\" \/>\n<link rel=\"canonical\" href=\"https:\/\/villagehotel.it\/de\/tauschhandelsverordnung\/\" \/>\n<meta property=\"og:locale\" content=\"de_DE\" \/>\n<meta property=\"og:type\" content=\"article\" \/>\n<meta property=\"og:title\" content=\"Tauschhandelsverordnung - Village Hotel\" \/>\n<meta property=\"og:description\" content=\"WIDERRUFSVERORDNUNG Wir akzeptieren keine Bargeldangebote; Tauschvorschl\u00e4ge d\u00fcrfen nur und ausschlie\u00dflich \u00fcber das Formular durch Klicken auf die Schaltfl\u00e4che &#8222;Teilnehmen&#8220; gemacht werden; die Felder f\u00fcr personenbezogene Daten m\u00fcssen alle korrekt ausgef\u00fcllt werden, unter Androhung des Ausschlusses vom Tauschhandel; Um Ihren Vorschlag g\u00fcltig zu machen, m\u00fcssen Sie ein Foto des Artikels beif\u00fcgen, den Sie anbieten m\u00f6chten. Tauschangebote [&hellip;]\" \/>\n<meta property=\"og:url\" content=\"https:\/\/villagehotel.it\/de\/tauschhandelsverordnung\/\" \/>\n<meta property=\"og:site_name\" content=\"Village Hotel\" \/>\n<meta property=\"article:modified_time\" content=\"2022-10-13T12:47:57+00:00\" \/>\n<meta name=\"twitter:card\" content=\"summary_large_image\" \/>\n<meta name=\"twitter:label1\" content=\"Gesch\u00e4tzte Lesezeit\" \/>\n\t<meta name=\"twitter:data1\" content=\"2\u00a0Minuten\" \/>\n<script type=\"application\/ld+json\" class=\"yoast-schema-graph\">{\"@context\":\"https:\\\/\\\/schema.org\",\"@graph\":[{\"@type\":\"WebPage\",\"@id\":\"https:\\\/\\\/villagehotel.it\\\/de\\\/tauschhandelsverordnung\\\/\",\"url\":\"https:\\\/\\\/villagehotel.it\\\/de\\\/tauschhandelsverordnung\\\/\",\"name\":\"Tauschhandelsverordnung - Village Hotel\",\"isPartOf\":{\"@id\":\"https:\\\/\\\/villagehotel.it\\\/de\\\/#website\"},\"datePublished\":\"2022-09-16T10:14:24+00:00\",\"dateModified\":\"2022-10-13T12:47:57+00:00\",\"breadcrumb\":{\"@id\":\"https:\\\/\\\/villagehotel.it\\\/de\\\/tauschhandelsverordnung\\\/#breadcrumb\"},\"inLanguage\":\"de\",\"potentialAction\":[{\"@type\":\"ReadAction\",\"target\":[\"https:\\\/\\\/villagehotel.it\\\/de\\\/tauschhandelsverordnung\\\/\"]}]},{\"@type\":\"BreadcrumbList\",\"@id\":\"https:\\\/\\\/villagehotel.it\\\/de\\\/tauschhandelsverordnung\\\/#breadcrumb\",\"itemListElement\":[{\"@type\":\"ListItem\",\"position\":1,\"name\":\"Home\",\"item\":\"https:\\\/\\\/villagehotel.it\\\/de\\\/\"},{\"@type\":\"ListItem\",\"position\":2,\"name\":\"Tauschhandelsverordnung\"}]},{\"@type\":\"WebSite\",\"@id\":\"https:\\\/\\\/villagehotel.it\\\/de\\\/#website\",\"url\":\"https:\\\/\\\/villagehotel.it\\\/de\\\/\",\"name\":\"Village Hotel\",\"description\":\"\",\"publisher\":{\"@id\":\"https:\\\/\\\/villagehotel.it\\\/de\\\/#organization\"},\"potentialAction\":[{\"@type\":\"SearchAction\",\"target\":{\"@type\":\"EntryPoint\",\"urlTemplate\":\"https:\\\/\\\/villagehotel.it\\\/de\\\/?s={search_term_string}\"},\"query-input\":{\"@type\":\"PropertyValueSpecification\",\"valueRequired\":true,\"valueName\":\"search_term_string\"}}],\"inLanguage\":\"de\"},{\"@type\":\"Organization\",\"@id\":\"https:\\\/\\\/villagehotel.it\\\/de\\\/#organization\",\"name\":\"Village Hotel\",\"url\":\"https:\\\/\\\/villagehotel.it\\\/de\\\/\",\"logo\":{\"@type\":\"ImageObject\",\"inLanguage\":\"de\",\"@id\":\"https:\\\/\\\/villagehotel.it\\\/de\\\/#\\\/schema\\\/logo\\\/image\\\/\",\"url\":\"https:\\\/\\\/villagehotel.it\\\/wp-content\\\/uploads\\\/2025\\\/05\\\/village_hotel_logo_10_anni_2025.png\",\"contentUrl\":\"https:\\\/\\\/villagehotel.it\\\/wp-content\\\/uploads\\\/2025\\\/05\\\/village_hotel_logo_10_anni_2025.png\",\"width\":714,\"height\":301,\"caption\":\"Village Hotel\"},\"image\":{\"@id\":\"https:\\\/\\\/villagehotel.it\\\/de\\\/#\\\/schema\\\/logo\\\/image\\\/\"}}]}<\/script>\n<!-- \/ Yoast SEO plugin. -->","yoast_head_json":{"title":"Tauschhandelsverordnung - Village Hotel","robots":{"index":"index","follow":"follow","max-snippet":"max-snippet:-1","max-image-preview":"max-image-preview:large","max-video-preview":"max-video-preview:-1"},"canonical":"https:\/\/villagehotel.it\/de\/tauschhandelsverordnung\/","og_locale":"de_DE","og_type":"article","og_title":"Tauschhandelsverordnung - Village Hotel","og_description":"WIDERRUFSVERORDNUNG Wir akzeptieren keine Bargeldangebote; Tauschvorschl\u00e4ge d\u00fcrfen nur und ausschlie\u00dflich \u00fcber das Formular durch Klicken auf die Schaltfl\u00e4che &#8222;Teilnehmen&#8220; gemacht werden; die Felder f\u00fcr personenbezogene Daten m\u00fcssen alle korrekt ausgef\u00fcllt werden, unter Androhung des Ausschlusses vom Tauschhandel; Um Ihren Vorschlag g\u00fcltig zu machen, m\u00fcssen Sie ein Foto des Artikels beif\u00fcgen, den Sie anbieten m\u00f6chten. Tauschangebote [&hellip;]","og_url":"https:\/\/villagehotel.it\/de\/tauschhandelsverordnung\/","og_site_name":"Village Hotel","article_modified_time":"2022-10-13T12:47:57+00:00","twitter_card":"summary_large_image","twitter_misc":{"Gesch\u00e4tzte Lesezeit":"2\u00a0Minuten"},"schema":{"@context":"https:\/\/schema.org","@graph":[{"@type":"WebPage","@id":"https:\/\/villagehotel.it\/de\/tauschhandelsverordnung\/","url":"https:\/\/villagehotel.it\/de\/tauschhandelsverordnung\/","name":"Tauschhandelsverordnung - Village Hotel","isPartOf":{"@id":"https:\/\/villagehotel.it\/de\/#website"},"datePublished":"2022-09-16T10:14:24+00:00","dateModified":"2022-10-13T12:47:57+00:00","breadcrumb":{"@id":"https:\/\/villagehotel.it\/de\/tauschhandelsverordnung\/#breadcrumb"},"inLanguage":"de","potentialAction":[{"@type":"ReadAction","target":["https:\/\/villagehotel.it\/de\/tauschhandelsverordnung\/"]}]},{"@type":"BreadcrumbList","@id":"https:\/\/villagehotel.it\/de\/tauschhandelsverordnung\/#breadcrumb","itemListElement":[{"@type":"ListItem","position":1,"name":"Home","item":"https:\/\/villagehotel.it\/de\/"},{"@type":"ListItem","position":2,"name":"Tauschhandelsverordnung"}]},{"@type":"WebSite","@id":"https:\/\/villagehotel.it\/de\/#website","url":"https:\/\/villagehotel.it\/de\/","name":"Village Hotel","description":"","publisher":{"@id":"https:\/\/villagehotel.it\/de\/#organization"},"potentialAction":[{"@type":"SearchAction","target":{"@type":"EntryPoint","urlTemplate":"https:\/\/villagehotel.it\/de\/?s={search_term_string}"},"query-input":{"@type":"PropertyValueSpecification","valueRequired":true,"valueName":"search_term_string"}}],"inLanguage":"de"},{"@type":"Organization","@id":"https:\/\/villagehotel.it\/de\/#organization","name":"Village Hotel","url":"https:\/\/villagehotel.it\/de\/","logo":{"@type":"ImageObject","inLanguage":"de","@id":"https:\/\/villagehotel.it\/de\/#\/schema\/logo\/image\/","url":"https:\/\/villagehotel.it\/wp-content\/uploads\/2025\/05\/village_hotel_logo_10_anni_2025.png","contentUrl":"https:\/\/villagehotel.it\/wp-content\/uploads\/2025\/05\/village_hotel_logo_10_anni_2025.png","width":714,"height":301,"caption":"Village Hotel"},"image":{"@id":"https:\/\/villagehotel.it\/de\/#\/schema\/logo\/image\/"}}]}},"_links":{"self":[{"href":"https:\/\/villagehotel.it\/de\/wp-json\/wp\/v2\/pages\/8363","targetHints":{"allow":["GET"]}}],"collection":[{"href":"https:\/\/villagehotel.it\/de\/wp-json\/wp\/v2\/pages"}],"about":[{"href":"https:\/\/villagehotel.it\/de\/wp-json\/wp\/v2\/types\/page"}],"author":[{"embeddable":true,"href":"https:\/\/villagehotel.it\/de\/wp-json\/wp\/v2\/users\/1"}],"replies":[{"embeddable":true,"href":"https:\/\/villagehotel.it\/de\/wp-json\/wp\/v2\/comments?post=8363"}],"version-history":[{"count":3,"href":"https:\/\/villagehotel.it\/de\/wp-json\/wp\/v2\/pages\/8363\/revisions"}],"predecessor-version":[{"id":8792,"href":"https:\/\/villagehotel.it\/de\/wp-json\/wp\/v2\/pages\/8363\/revisions\/8792"}],"wp:attachment":[{"href":"https:\/\/villagehotel.it\/de\/wp-json\/wp\/v2\/media?parent=8363"}],"curies":[{"name":"wp","href":"https:\/\/api.w.org\/{rel}","templated":true}]}}