{"id":3153,"date":"2021-11-24T10:51:38","date_gmt":"2021-11-24T10:51:38","guid":{"rendered":"https:\/\/village.comcart.it\/allgemeine-bedingungen\/"},"modified":"2025-02-04T14:39:35","modified_gmt":"2025-02-04T14:39:35","slug":"allgemeine-bedingungen","status":"publish","type":"page","link":"https:\/\/villagehotel.it\/de\/allgemeine-bedingungen\/","title":{"rendered":"Allgemeine Bedingungen"},"content":{"rendered":"\t\t<div data-elementor-type=\"wp-page\" data-elementor-id=\"3153\" class=\"elementor elementor-3153 elementor-38\" data-elementor-post-type=\"page\">\n\t\t\t\t\t\t<section class=\"elementor-section elementor-top-section elementor-element elementor-element-57eb9ac note-legali-contenitore elementor-section-boxed elementor-section-height-default elementor-section-height-default\" data-id=\"57eb9ac\" data-element_type=\"section\" data-e-type=\"section\">\n\t\t\t\t\t\t<div class=\"elementor-container elementor-column-gap-default\">\n\t\t\t\t\t<div class=\"elementor-column elementor-col-100 elementor-top-column elementor-element elementor-element-555ad88\" data-id=\"555ad88\" data-element_type=\"column\" data-e-type=\"column\">\n\t\t\t<div class=\"elementor-widget-wrap elementor-element-populated\">\n\t\t\t\t\t\t<div class=\"elementor-element elementor-element-e57295c elementor-widget elementor-widget-text-editor\" data-id=\"e57295c\" data-element_type=\"widget\" data-e-type=\"widget\" data-widget_type=\"text-editor.default\">\n\t\t\t\t<div class=\"elementor-widget-container\">\n\t\t\t\t\t\t\t\t\t<h2>ALLGEMEINE BEDINGUNGEN<\/h2>\n<h4>&nbsp;<\/h4>\n<h4>DIESE WEBSITE BEWIRBT IMMOBILIEN, DIE DAS MARKENZEICHEN &#8222;VILLAGE HOTEL&#8220; TRAGEN<\/h4>\n<h4>&nbsp;<\/h4>\n<h4><span style=\"text-decoration: underline;\">AUFENTHALTE, DIE VON DER GESELLSCHAFT ZONA SRLS GARANTIERT WERDEN, DIE JEDES EINZELNE HOTEL UNTER FOLGENDEN BEDINGUNGEN VERWALTET:<\/span><\/h4>\n<h4>&nbsp;<\/h4>\n<h4>ANKUNFT ABFLUG:<\/h4>\n<ul>\n<li><strong>Check &#8211; In<\/strong> : ab 16.00 Uhr<\/li>\n<li><strong>Check &#8211; Out<\/strong> : Die Zimmer m\u00fcssen am Abreisetag bis 11.00 Uhr ger\u00e4umt sein<\/li>\n<\/ul>\n<h4>ZAHLUNGEN<\/h4>\n<p>Zum Zeitpunkt der Buchungsbest\u00e4tigung muss die Anzahlung innerhalb der in der Buchungsbest\u00e4tigung angegebenen Fristen in H\u00f6he von 25%, 50% oder 100% des Betrags (je nach gew\u00e4hltem Angebot), der auf den Gesamtaufenthalt berechnet wird, direkt an die Verwaltungsgesellschaft der gew\u00e4hlten Einrichtung gezahlt werden. Bei Buchungen, die die Zahlung der Anzahlung in zwei oder mehr Tranchen erfordern, gilt die Buchung als storniert, wenn auch nur eine Tranche nicht eingehalten wird, und der bereits gezahlte Betrag wird als Strafe einbehalten.<br>Der Restbetrag muss beim Check-in (Ankunft im Hotel) bezahlt werden. <\/p>\n<p><strong>&nbsp;<\/strong><\/p>\n<p><strong>Alle Preisangaben inkl. MwSt<\/strong><\/p>\n<h4>&nbsp;<\/h4>\n<h4>W\u00c4HREND DEINES AUFENTHALTES<\/h4>\n<ul>\n<li>Sofern Sie auf der Best\u00e4tigung keine anderen Angaben machen, beginnt Ihr Aufenthalt immer mit dem Abendessen, wenn Sie ein Paket gekauft haben, das einen Catering-Service beinhaltet.<br>Das Zimmer am Anreisetag wird immer nach 16 Uhr geliefert und muss am Abreisetag bis 11 Uhr ger\u00e4umt werden.<\/li>\n<li>Handt\u00fccher werden alle zwei Tage gewechselt, w\u00e4hrend die Bettw\u00e4sche nur bei einem Urlaub von mindestens 6 N\u00e4chten in der Mitte des Aufenthalts gewechselt wird.<\/li>\n<li><span style=\"font-style: inherit; font-weight: inherit;\">Zum Zeitpunkt der Best\u00e4tigung gebuchte und nicht in Anspruch genommene Dienstleistungen und\/oder Mahlzeiten werden nicht zur\u00fcckerstattet.<\/span><\/li>\n<\/ul>\n<h4>&nbsp;<\/h4>\n<h4>\u00c4NDERUNG ODER STORNIERUNG DES TOURISTENPAKETS VOR ABREISE<\/h4>\n<p>Im Falle einer Stornierung der Reservierung durch den Kunden gelten die Bedingungen, die zum Zeitpunkt der Best\u00e4tigung in Ihrer Reservierung angegeben sind, und k\u00f6nnen je nach Art des Angebots, f\u00fcr das Sie sich angemeldet haben, variieren, daher bedeutet der Aufenthaltsvertrag die Reservierungs-E-Mail, die Sie zum Zeitpunkt der Best\u00e4tigung erhalten und die nicht nur das Datum des Aufenthalts angibt, sondern auch  Anzahl der Teilnehmer und inbegriffene Dienstleistungen, es gelten die Bedingungen f\u00fcr die Stornierung und\/oder \u00c4nderung der Reservierung.<\/p>\n<p><strong>&nbsp;<\/strong><\/p>\n<p><strong>ES GIBT KEINE \u00c4NDERUNGEN UND\/ODER STORNIERUNGEN AUFGRUND DES WETTERS<\/strong><\/p>\n<p><strong>&nbsp;<\/strong><\/p>\t\t\t\t\t\t\t\t<\/div>\n\t\t\t\t<\/div>\n\t\t\t\t\t<\/div>\n\t\t<\/div>\n\t\t\t\t\t<\/div>\n\t\t<\/section>\n\t\t\t\t<\/div>\n\t\t","protected":false},"excerpt":{"rendered":"<p>ALLGEMEINE BEDINGUNGEN &nbsp; DIESE WEBSITE BEWIRBT IMMOBILIEN, DIE DAS MARKENZEICHEN &#8222;VILLAGE HOTEL&#8220; TRAGEN &nbsp; AUFENTHALTE, DIE VON DER GESELLSCHAFT ZONA SRLS GARANTIERT WERDEN, DIE JEDES EINZELNE HOTEL UNTER FOLGENDEN BEDINGUNGEN VERWALTET: &nbsp; ANKUNFT ABFLUG: Check &#8211; In : ab 16.00 Uhr Check &#8211; Out : Die Zimmer m\u00fcssen am Abreisetag bis 11.00 Uhr ger\u00e4umt sein [&hellip;]<\/p>\n","protected":false},"author":1,"featured_media":0,"parent":0,"menu_order":0,"comment_status":"closed","ping_status":"closed","template":"elementor_header_footer","meta":{"site-sidebar-layout":"no-sidebar","site-content-layout":"page-builder","ast-site-content-layout":"default","site-content-style":"default","site-sidebar-style":"default","ast-global-header-display":"","ast-banner-title-visibility":"","ast-main-header-display":"","ast-hfb-above-header-display":"","ast-hfb-below-header-display":"","ast-hfb-mobile-header-display":"","site-post-title":"disabled","ast-breadcrumbs-content":"","ast-featured-img":"disabled","footer-sml-layout":"","ast-disable-related-posts":"","theme-transparent-header-meta":"default","adv-header-id-meta":"","stick-header-meta":"","header-above-stick-meta":"","header-main-stick-meta":"","header-below-stick-meta":"","astra-migrate-meta-layouts":"default","ast-page-background-enabled":"default","ast-page-background-meta":{"desktop":{"background-color":"var(--ast-global-color-4)","background-image":"","background-repeat":"repeat","background-position":"center center","background-size":"auto","background-attachment":"scroll","background-type":"","background-media":"","overlay-type":"","overlay-color":"","overlay-opacity":"","overlay-gradient":""},"tablet":{"background-color":"","background-image":"","background-repeat":"repeat","background-position":"center center","background-size":"auto","background-attachment":"scroll","background-type":"","background-media":"","overlay-type":"","overlay-color":"","overlay-opacity":"","overlay-gradient":""},"mobile":{"background-color":"","background-image":"","background-repeat":"repeat","background-position":"center center","background-size":"auto","background-attachment":"scroll","background-type":"","background-media":"","overlay-type":"","overlay-color":"","overlay-opacity":"","overlay-gradient":""}},"ast-content-background-meta":{"desktop":{"background-color":"var(--ast-global-color-5)","background-image":"","background-repeat":"repeat","background-position":"center center","background-size":"auto","background-attachment":"scroll","background-type":"","background-media":"","overlay-type":"","overlay-color":"","overlay-opacity":"","overlay-gradient":""},"tablet":{"background-color":"var(--ast-global-color-5)","background-image":"","background-repeat":"repeat","background-position":"center center","background-size":"auto","background-attachment":"scroll","background-type":"","background-media":"","overlay-type":"","overlay-color":"","overlay-opacity":"","overlay-gradient":""},"mobile":{"background-color":"var(--ast-global-color-5)","background-image":"","background-repeat":"repeat","background-position":"center center","background-size":"auto","background-attachment":"scroll","background-type":"","background-media":"","overlay-type":"","overlay-color":"","overlay-opacity":"","overlay-gradient":""}},"_joinchat":[],"footnotes":""},"class_list":["post-3153","page","type-page","status-publish","hentry"],"yoast_head":"<!-- This site is optimized with the Yoast SEO plugin v27.4 - https:\/\/yoast.com\/product\/yoast-seo-wordpress\/ -->\n<title>Allgemeine Nutzungsbedingungen - Village Hotel<\/title>\n<meta name=\"description\" content=\"Wir sind immer klar! Hier finden Sie im Detail alle Richtlinien zu den Nutzungsbedingungen f\u00fcr die Nutzung der Village Hotel Website.\" \/>\n<meta name=\"robots\" content=\"index, follow, max-snippet:-1, max-image-preview:large, max-video-preview:-1\" \/>\n<link rel=\"canonical\" href=\"https:\/\/villagehotel.it\/de\/allgemeine-bedingungen\/\" \/>\n<meta property=\"og:locale\" content=\"de_DE\" \/>\n<meta property=\"og:type\" content=\"article\" \/>\n<meta property=\"og:title\" content=\"Allgemeine Nutzungsbedingungen - Village Hotel\" \/>\n<meta property=\"og:description\" content=\"Wir sind immer klar! Hier finden Sie im Detail alle Richtlinien zu den Nutzungsbedingungen f\u00fcr die Nutzung der Village Hotel Website.\" \/>\n<meta property=\"og:url\" content=\"https:\/\/villagehotel.it\/de\/allgemeine-bedingungen\/\" \/>\n<meta property=\"og:site_name\" content=\"Village Hotel\" \/>\n<meta property=\"article:modified_time\" content=\"2025-02-04T14:39:35+00:00\" \/>\n<meta name=\"twitter:card\" content=\"summary_large_image\" \/>\n<meta name=\"twitter:label1\" content=\"Gesch\u00e4tzte Lesezeit\" \/>\n\t<meta name=\"twitter:data1\" content=\"2\u00a0Minuten\" \/>\n<script type=\"application\/ld+json\" class=\"yoast-schema-graph\">{\"@context\":\"https:\\\/\\\/schema.org\",\"@graph\":[{\"@type\":\"WebPage\",\"@id\":\"https:\\\/\\\/villagehotel.it\\\/de\\\/allgemeine-bedingungen\\\/\",\"url\":\"https:\\\/\\\/villagehotel.it\\\/de\\\/allgemeine-bedingungen\\\/\",\"name\":\"Allgemeine Nutzungsbedingungen - Village Hotel\",\"isPartOf\":{\"@id\":\"https:\\\/\\\/villagehotel.it\\\/de\\\/#website\"},\"datePublished\":\"2021-11-24T10:51:38+00:00\",\"dateModified\":\"2025-02-04T14:39:35+00:00\",\"description\":\"Wir sind immer klar! Hier finden Sie im Detail alle Richtlinien zu den Nutzungsbedingungen f\u00fcr die Nutzung der Village Hotel Website.\",\"breadcrumb\":{\"@id\":\"https:\\\/\\\/villagehotel.it\\\/de\\\/allgemeine-bedingungen\\\/#breadcrumb\"},\"inLanguage\":\"de\",\"potentialAction\":[{\"@type\":\"ReadAction\",\"target\":[\"https:\\\/\\\/villagehotel.it\\\/de\\\/allgemeine-bedingungen\\\/\"]}]},{\"@type\":\"BreadcrumbList\",\"@id\":\"https:\\\/\\\/villagehotel.it\\\/de\\\/allgemeine-bedingungen\\\/#breadcrumb\",\"itemListElement\":[{\"@type\":\"ListItem\",\"position\":1,\"name\":\"Home\",\"item\":\"https:\\\/\\\/villagehotel.it\\\/de\\\/\"},{\"@type\":\"ListItem\",\"position\":2,\"name\":\"Allgemeine Bedingungen\"}]},{\"@type\":\"WebSite\",\"@id\":\"https:\\\/\\\/villagehotel.it\\\/de\\\/#website\",\"url\":\"https:\\\/\\\/villagehotel.it\\\/de\\\/\",\"name\":\"Village Hotel\",\"description\":\"\",\"publisher\":{\"@id\":\"https:\\\/\\\/villagehotel.it\\\/de\\\/#organization\"},\"potentialAction\":[{\"@type\":\"SearchAction\",\"target\":{\"@type\":\"EntryPoint\",\"urlTemplate\":\"https:\\\/\\\/villagehotel.it\\\/de\\\/?s={search_term_string}\"},\"query-input\":{\"@type\":\"PropertyValueSpecification\",\"valueRequired\":true,\"valueName\":\"search_term_string\"}}],\"inLanguage\":\"de\"},{\"@type\":\"Organization\",\"@id\":\"https:\\\/\\\/villagehotel.it\\\/de\\\/#organization\",\"name\":\"Village Hotel\",\"url\":\"https:\\\/\\\/villagehotel.it\\\/de\\\/\",\"logo\":{\"@type\":\"ImageObject\",\"inLanguage\":\"de\",\"@id\":\"https:\\\/\\\/villagehotel.it\\\/de\\\/#\\\/schema\\\/logo\\\/image\\\/\",\"url\":\"https:\\\/\\\/villagehotel.it\\\/wp-content\\\/uploads\\\/2025\\\/05\\\/village_hotel_logo_10_anni_2025.png\",\"contentUrl\":\"https:\\\/\\\/villagehotel.it\\\/wp-content\\\/uploads\\\/2025\\\/05\\\/village_hotel_logo_10_anni_2025.png\",\"width\":714,\"height\":301,\"caption\":\"Village Hotel\"},\"image\":{\"@id\":\"https:\\\/\\\/villagehotel.it\\\/de\\\/#\\\/schema\\\/logo\\\/image\\\/\"}}]}<\/script>\n<!-- \/ Yoast SEO plugin. -->","yoast_head_json":{"title":"Allgemeine Nutzungsbedingungen - Village Hotel","description":"Wir sind immer klar! Hier finden Sie im Detail alle Richtlinien zu den Nutzungsbedingungen f\u00fcr die Nutzung der Village Hotel Website.","robots":{"index":"index","follow":"follow","max-snippet":"max-snippet:-1","max-image-preview":"max-image-preview:large","max-video-preview":"max-video-preview:-1"},"canonical":"https:\/\/villagehotel.it\/de\/allgemeine-bedingungen\/","og_locale":"de_DE","og_type":"article","og_title":"Allgemeine Nutzungsbedingungen - Village Hotel","og_description":"Wir sind immer klar! Hier finden Sie im Detail alle Richtlinien zu den Nutzungsbedingungen f\u00fcr die Nutzung der Village Hotel Website.","og_url":"https:\/\/villagehotel.it\/de\/allgemeine-bedingungen\/","og_site_name":"Village Hotel","article_modified_time":"2025-02-04T14:39:35+00:00","twitter_card":"summary_large_image","twitter_misc":{"Gesch\u00e4tzte Lesezeit":"2\u00a0Minuten"},"schema":{"@context":"https:\/\/schema.org","@graph":[{"@type":"WebPage","@id":"https:\/\/villagehotel.it\/de\/allgemeine-bedingungen\/","url":"https:\/\/villagehotel.it\/de\/allgemeine-bedingungen\/","name":"Allgemeine Nutzungsbedingungen - Village Hotel","isPartOf":{"@id":"https:\/\/villagehotel.it\/de\/#website"},"datePublished":"2021-11-24T10:51:38+00:00","dateModified":"2025-02-04T14:39:35+00:00","description":"Wir sind immer klar! Hier finden Sie im Detail alle Richtlinien zu den Nutzungsbedingungen f\u00fcr die Nutzung der Village Hotel Website.","breadcrumb":{"@id":"https:\/\/villagehotel.it\/de\/allgemeine-bedingungen\/#breadcrumb"},"inLanguage":"de","potentialAction":[{"@type":"ReadAction","target":["https:\/\/villagehotel.it\/de\/allgemeine-bedingungen\/"]}]},{"@type":"BreadcrumbList","@id":"https:\/\/villagehotel.it\/de\/allgemeine-bedingungen\/#breadcrumb","itemListElement":[{"@type":"ListItem","position":1,"name":"Home","item":"https:\/\/villagehotel.it\/de\/"},{"@type":"ListItem","position":2,"name":"Allgemeine Bedingungen"}]},{"@type":"WebSite","@id":"https:\/\/villagehotel.it\/de\/#website","url":"https:\/\/villagehotel.it\/de\/","name":"Village Hotel","description":"","publisher":{"@id":"https:\/\/villagehotel.it\/de\/#organization"},"potentialAction":[{"@type":"SearchAction","target":{"@type":"EntryPoint","urlTemplate":"https:\/\/villagehotel.it\/de\/?s={search_term_string}"},"query-input":{"@type":"PropertyValueSpecification","valueRequired":true,"valueName":"search_term_string"}}],"inLanguage":"de"},{"@type":"Organization","@id":"https:\/\/villagehotel.it\/de\/#organization","name":"Village Hotel","url":"https:\/\/villagehotel.it\/de\/","logo":{"@type":"ImageObject","inLanguage":"de","@id":"https:\/\/villagehotel.it\/de\/#\/schema\/logo\/image\/","url":"https:\/\/villagehotel.it\/wp-content\/uploads\/2025\/05\/village_hotel_logo_10_anni_2025.png","contentUrl":"https:\/\/villagehotel.it\/wp-content\/uploads\/2025\/05\/village_hotel_logo_10_anni_2025.png","width":714,"height":301,"caption":"Village Hotel"},"image":{"@id":"https:\/\/villagehotel.it\/de\/#\/schema\/logo\/image\/"}}]}},"_links":{"self":[{"href":"https:\/\/villagehotel.it\/de\/wp-json\/wp\/v2\/pages\/3153","targetHints":{"allow":["GET"]}}],"collection":[{"href":"https:\/\/villagehotel.it\/de\/wp-json\/wp\/v2\/pages"}],"about":[{"href":"https:\/\/villagehotel.it\/de\/wp-json\/wp\/v2\/types\/page"}],"author":[{"embeddable":true,"href":"https:\/\/villagehotel.it\/de\/wp-json\/wp\/v2\/users\/1"}],"replies":[{"embeddable":true,"href":"https:\/\/villagehotel.it\/de\/wp-json\/wp\/v2\/comments?post=3153"}],"version-history":[{"count":15,"href":"https:\/\/villagehotel.it\/de\/wp-json\/wp\/v2\/pages\/3153\/revisions"}],"predecessor-version":[{"id":15564,"href":"https:\/\/villagehotel.it\/de\/wp-json\/wp\/v2\/pages\/3153\/revisions\/15564"}],"wp:attachment":[{"href":"https:\/\/villagehotel.it\/de\/wp-json\/wp\/v2\/media?parent=3153"}],"curies":[{"name":"wp","href":"https:\/\/api.w.org\/{rel}","templated":true}]}}