{"id":3148,"date":"2021-11-24T10:43:21","date_gmt":"2021-11-24T10:43:21","guid":{"rendered":"https:\/\/village.comcart.it\/suchergebnisse\/"},"modified":"2022-09-16T10:22:46","modified_gmt":"2022-09-16T10:22:46","slug":"suchergebnisse","status":"publish","type":"page","link":"https:\/\/villagehotel.it\/de\/suchergebnisse\/","title":{"rendered":"Suchergebnisse"},"content":{"rendered":"","protected":false},"excerpt":{"rendered":"","protected":false},"author":1,"featured_media":0,"parent":0,"menu_order":0,"comment_status":"closed","ping_status":"closed","template":"elementor_header_footer","meta":{"site-sidebar-layout":"no-sidebar","site-content-layout":"page-builder","ast-site-content-layout":"default","site-content-style":"default","site-sidebar-style":"default","ast-global-header-display":"","ast-banner-title-visibility":"","ast-main-header-display":"","ast-hfb-above-header-display":"","ast-hfb-below-header-display":"","ast-hfb-mobile-header-display":"","site-post-title":"disabled","ast-breadcrumbs-content":"","ast-featured-img":"disabled","footer-sml-layout":"","ast-disable-related-posts":"","theme-transparent-header-meta":"default","adv-header-id-meta":"","stick-header-meta":"","header-above-stick-meta":"","header-main-stick-meta":"","header-below-stick-meta":"","astra-migrate-meta-layouts":"default","ast-page-background-enabled":"default","ast-page-background-meta":{"desktop":{"background-color":"var(--ast-global-color-4)","background-image":"","background-repeat":"repeat","background-position":"center center","background-size":"auto","background-attachment":"scroll","background-type":"","background-media":"","overlay-type":"","overlay-color":"","overlay-opacity":"","overlay-gradient":""},"tablet":{"background-color":"","background-image":"","background-repeat":"repeat","background-position":"center center","background-size":"auto","background-attachment":"scroll","background-type":"","background-media":"","overlay-type":"","overlay-color":"","overlay-opacity":"","overlay-gradient":""},"mobile":{"background-color":"","background-image":"","background-repeat":"repeat","background-position":"center center","background-size":"auto","background-attachment":"scroll","background-type":"","background-media":"","overlay-type":"","overlay-color":"","overlay-opacity":"","overlay-gradient":""}},"ast-content-background-meta":{"desktop":{"background-color":"var(--ast-global-color-5)","background-image":"","background-repeat":"repeat","background-position":"center center","background-size":"auto","background-attachment":"scroll","background-type":"","background-media":"","overlay-type":"","overlay-color":"","overlay-opacity":"","overlay-gradient":""},"tablet":{"background-color":"var(--ast-global-color-5)","background-image":"","background-repeat":"repeat","background-position":"center center","background-size":"auto","background-attachment":"scroll","background-type":"","background-media":"","overlay-type":"","overlay-color":"","overlay-opacity":"","overlay-gradient":""},"mobile":{"background-color":"var(--ast-global-color-5)","background-image":"","background-repeat":"repeat","background-position":"center center","background-size":"auto","background-attachment":"scroll","background-type":"","background-media":"","overlay-type":"","overlay-color":"","overlay-opacity":"","overlay-gradient":""}},"_joinchat":[],"footnotes":""},"class_list":["post-3148","page","type-page","status-publish","hentry"],"yoast_head":"<!-- This site is optimized with the Yoast SEO plugin v27.3 - https:\/\/yoast.com\/product\/yoast-seo-wordpress\/ -->\n<title>Suchergebnisse<\/title>\n<meta name=\"description\" content=\"Suchen Sie nach M\u00f6glichkeiten im Village Hotel und entdecken Sie fantastische Hotels, um Ihren Urlaub in vollen Z\u00fcgen zu genie\u00dfen!\" \/>\n<meta name=\"robots\" content=\"index, follow, max-snippet:-1, max-image-preview:large, max-video-preview:-1\" \/>\n<link rel=\"canonical\" href=\"https:\/\/villagehotel.it\/de\/suchergebnisse\/\" \/>\n<meta property=\"og:locale\" content=\"de_DE\" \/>\n<meta property=\"og:type\" content=\"article\" \/>\n<meta property=\"og:title\" content=\"Suchergebnisse\" \/>\n<meta property=\"og:description\" content=\"Suchen Sie nach M\u00f6glichkeiten im Village Hotel und entdecken Sie fantastische Hotels, um Ihren Urlaub in vollen Z\u00fcgen zu genie\u00dfen!\" \/>\n<meta property=\"og:url\" content=\"https:\/\/villagehotel.it\/de\/suchergebnisse\/\" \/>\n<meta property=\"og:site_name\" content=\"Village Hotel\" \/>\n<meta property=\"article:modified_time\" content=\"2022-09-16T10:22:46+00:00\" \/>\n<meta name=\"twitter:card\" content=\"summary_large_image\" \/>\n<script type=\"application\/ld+json\" class=\"yoast-schema-graph\">{\"@context\":\"https:\\\/\\\/schema.org\",\"@graph\":[{\"@type\":\"WebPage\",\"@id\":\"https:\\\/\\\/villagehotel.it\\\/de\\\/suchergebnisse\\\/\",\"url\":\"https:\\\/\\\/villagehotel.it\\\/de\\\/suchergebnisse\\\/\",\"name\":\"Suchergebnisse\",\"isPartOf\":{\"@id\":\"https:\\\/\\\/villagehotel.it\\\/de\\\/#website\"},\"datePublished\":\"2021-11-24T10:43:21+00:00\",\"dateModified\":\"2022-09-16T10:22:46+00:00\",\"description\":\"Suchen Sie nach M\u00f6glichkeiten im Village Hotel und entdecken Sie fantastische Hotels, um Ihren Urlaub in vollen Z\u00fcgen zu genie\u00dfen!\",\"breadcrumb\":{\"@id\":\"https:\\\/\\\/villagehotel.it\\\/de\\\/suchergebnisse\\\/#breadcrumb\"},\"inLanguage\":\"de\",\"potentialAction\":[{\"@type\":\"ReadAction\",\"target\":[\"https:\\\/\\\/villagehotel.it\\\/de\\\/suchergebnisse\\\/\"]}]},{\"@type\":\"BreadcrumbList\",\"@id\":\"https:\\\/\\\/villagehotel.it\\\/de\\\/suchergebnisse\\\/#breadcrumb\",\"itemListElement\":[{\"@type\":\"ListItem\",\"position\":1,\"name\":\"Home\",\"item\":\"https:\\\/\\\/villagehotel.it\\\/de\\\/\"},{\"@type\":\"ListItem\",\"position\":2,\"name\":\"Suchergebnisse\"}]},{\"@type\":\"WebSite\",\"@id\":\"https:\\\/\\\/villagehotel.it\\\/de\\\/#website\",\"url\":\"https:\\\/\\\/villagehotel.it\\\/de\\\/\",\"name\":\"Village Hotel\",\"description\":\"\",\"publisher\":{\"@id\":\"https:\\\/\\\/villagehotel.it\\\/de\\\/#organization\"},\"potentialAction\":[{\"@type\":\"SearchAction\",\"target\":{\"@type\":\"EntryPoint\",\"urlTemplate\":\"https:\\\/\\\/villagehotel.it\\\/de\\\/?s={search_term_string}\"},\"query-input\":{\"@type\":\"PropertyValueSpecification\",\"valueRequired\":true,\"valueName\":\"search_term_string\"}}],\"inLanguage\":\"de\"},{\"@type\":\"Organization\",\"@id\":\"https:\\\/\\\/villagehotel.it\\\/de\\\/#organization\",\"name\":\"Village Hotel\",\"url\":\"https:\\\/\\\/villagehotel.it\\\/de\\\/\",\"logo\":{\"@type\":\"ImageObject\",\"inLanguage\":\"de\",\"@id\":\"https:\\\/\\\/villagehotel.it\\\/de\\\/#\\\/schema\\\/logo\\\/image\\\/\",\"url\":\"https:\\\/\\\/villagehotel.it\\\/wp-content\\\/uploads\\\/2025\\\/05\\\/village_hotel_logo_10_anni_2025.png\",\"contentUrl\":\"https:\\\/\\\/villagehotel.it\\\/wp-content\\\/uploads\\\/2025\\\/05\\\/village_hotel_logo_10_anni_2025.png\",\"width\":714,\"height\":301,\"caption\":\"Village Hotel\"},\"image\":{\"@id\":\"https:\\\/\\\/villagehotel.it\\\/de\\\/#\\\/schema\\\/logo\\\/image\\\/\"}}]}<\/script>\n<!-- \/ Yoast SEO plugin. -->","yoast_head_json":{"title":"Suchergebnisse","description":"Suchen Sie nach M\u00f6glichkeiten im Village Hotel und entdecken Sie fantastische Hotels, um Ihren Urlaub in vollen Z\u00fcgen zu genie\u00dfen!","robots":{"index":"index","follow":"follow","max-snippet":"max-snippet:-1","max-image-preview":"max-image-preview:large","max-video-preview":"max-video-preview:-1"},"canonical":"https:\/\/villagehotel.it\/de\/suchergebnisse\/","og_locale":"de_DE","og_type":"article","og_title":"Suchergebnisse","og_description":"Suchen Sie nach M\u00f6glichkeiten im Village Hotel und entdecken Sie fantastische Hotels, um Ihren Urlaub in vollen Z\u00fcgen zu genie\u00dfen!","og_url":"https:\/\/villagehotel.it\/de\/suchergebnisse\/","og_site_name":"Village Hotel","article_modified_time":"2022-09-16T10:22:46+00:00","twitter_card":"summary_large_image","schema":{"@context":"https:\/\/schema.org","@graph":[{"@type":"WebPage","@id":"https:\/\/villagehotel.it\/de\/suchergebnisse\/","url":"https:\/\/villagehotel.it\/de\/suchergebnisse\/","name":"Suchergebnisse","isPartOf":{"@id":"https:\/\/villagehotel.it\/de\/#website"},"datePublished":"2021-11-24T10:43:21+00:00","dateModified":"2022-09-16T10:22:46+00:00","description":"Suchen Sie nach M\u00f6glichkeiten im Village Hotel und entdecken Sie fantastische Hotels, um Ihren Urlaub in vollen Z\u00fcgen zu genie\u00dfen!","breadcrumb":{"@id":"https:\/\/villagehotel.it\/de\/suchergebnisse\/#breadcrumb"},"inLanguage":"de","potentialAction":[{"@type":"ReadAction","target":["https:\/\/villagehotel.it\/de\/suchergebnisse\/"]}]},{"@type":"BreadcrumbList","@id":"https:\/\/villagehotel.it\/de\/suchergebnisse\/#breadcrumb","itemListElement":[{"@type":"ListItem","position":1,"name":"Home","item":"https:\/\/villagehotel.it\/de\/"},{"@type":"ListItem","position":2,"name":"Suchergebnisse"}]},{"@type":"WebSite","@id":"https:\/\/villagehotel.it\/de\/#website","url":"https:\/\/villagehotel.it\/de\/","name":"Village Hotel","description":"","publisher":{"@id":"https:\/\/villagehotel.it\/de\/#organization"},"potentialAction":[{"@type":"SearchAction","target":{"@type":"EntryPoint","urlTemplate":"https:\/\/villagehotel.it\/de\/?s={search_term_string}"},"query-input":{"@type":"PropertyValueSpecification","valueRequired":true,"valueName":"search_term_string"}}],"inLanguage":"de"},{"@type":"Organization","@id":"https:\/\/villagehotel.it\/de\/#organization","name":"Village Hotel","url":"https:\/\/villagehotel.it\/de\/","logo":{"@type":"ImageObject","inLanguage":"de","@id":"https:\/\/villagehotel.it\/de\/#\/schema\/logo\/image\/","url":"https:\/\/villagehotel.it\/wp-content\/uploads\/2025\/05\/village_hotel_logo_10_anni_2025.png","contentUrl":"https:\/\/villagehotel.it\/wp-content\/uploads\/2025\/05\/village_hotel_logo_10_anni_2025.png","width":714,"height":301,"caption":"Village Hotel"},"image":{"@id":"https:\/\/villagehotel.it\/de\/#\/schema\/logo\/image\/"}}]}},"_links":{"self":[{"href":"https:\/\/villagehotel.it\/de\/wp-json\/wp\/v2\/pages\/3148","targetHints":{"allow":["GET"]}}],"collection":[{"href":"https:\/\/villagehotel.it\/de\/wp-json\/wp\/v2\/pages"}],"about":[{"href":"https:\/\/villagehotel.it\/de\/wp-json\/wp\/v2\/types\/page"}],"author":[{"embeddable":true,"href":"https:\/\/villagehotel.it\/de\/wp-json\/wp\/v2\/users\/1"}],"replies":[{"embeddable":true,"href":"https:\/\/villagehotel.it\/de\/wp-json\/wp\/v2\/comments?post=3148"}],"version-history":[{"count":9,"href":"https:\/\/villagehotel.it\/de\/wp-json\/wp\/v2\/pages\/3148\/revisions"}],"predecessor-version":[{"id":3568,"href":"https:\/\/villagehotel.it\/de\/wp-json\/wp\/v2\/pages\/3148\/revisions\/3568"}],"wp:attachment":[{"href":"https:\/\/villagehotel.it\/de\/wp-json\/wp\/v2\/media?parent=3148"}],"curies":[{"name":"wp","href":"https:\/\/api.w.org\/{rel}","templated":true}]}}