{"id":15066,"date":"2024-12-10T08:06:32","date_gmt":"2024-12-10T08:06:32","guid":{"rendered":"https:\/\/villagehotel.it\/vielen-dank-dass-sie-sich-bei-almost-free-angemeldet-haben\/"},"modified":"2025-02-04T09:44:36","modified_gmt":"2025-02-04T09:44:36","slug":"vielen-dank-dass-sie-sich-bei-almost-free-angemeldet-haben","status":"publish","type":"page","link":"https:\/\/villagehotel.it\/de\/vielen-dank-dass-sie-sich-bei-almost-free-angemeldet-haben\/","title":{"rendered":"Vielen Dank f\u00fcr Ihre Buchungsanfrage"},"content":{"rendered":"\t\t<div data-elementor-type=\"wp-page\" data-elementor-id=\"15066\" class=\"elementor elementor-15066 elementor-15060\" data-elementor-post-type=\"page\">\n\t\t\t\t\t\t<section class=\"elementor-section elementor-top-section elementor-element elementor-element-ec40a7e elementor-section-content-middle elementor-section-height-min-height elementor-section-boxed elementor-section-height-default elementor-section-items-middle\" data-id=\"ec40a7e\" data-element_type=\"section\" data-e-type=\"section\" data-settings=\"{&quot;background_background&quot;:&quot;classic&quot;}\">\n\t\t\t\t\t\t<div class=\"elementor-container elementor-column-gap-default\">\n\t\t\t\t\t<div class=\"elementor-column elementor-col-100 elementor-top-column elementor-element elementor-element-77dc207\" data-id=\"77dc207\" data-element_type=\"column\" data-e-type=\"column\" data-settings=\"{&quot;background_background&quot;:&quot;classic&quot;}\">\n\t\t\t<div class=\"elementor-widget-wrap elementor-element-populated\">\n\t\t\t\t\t\t<div class=\"elementor-element elementor-element-ea326ae elementor-widget elementor-widget-heading\" data-id=\"ea326ae\" data-element_type=\"widget\" data-e-type=\"widget\" data-widget_type=\"heading.default\">\n\t\t\t\t<div class=\"elementor-widget-container\">\n\t\t\t\t\t<h2 class=\"elementor-heading-title elementor-size-default\">Vielen Dank f\u00fcr Ihre Buchungsanfrage<\/h2>\t\t\t\t<\/div>\n\t\t\t\t<\/div>\n\t\t\t\t<div class=\"elementor-element elementor-element-661925f elementor-widget elementor-widget-text-editor\" data-id=\"661925f\" data-element_type=\"widget\" data-e-type=\"widget\" data-widget_type=\"text-editor.default\">\n\t\t\t\t<div class=\"elementor-widget-container\">\n\t\t\t\t\t\t\t\t\t<p>Vielen Dank f\u00fcr Ihre Anfrage, wenn das Angebot, das Sie buchen m\u00f6chten, noch verf\u00fcgbar ist, erhalten Sie innerhalb der n\u00e4chsten 24 Stunden Anweisungen, um mit der Zahlung fortzufahren<\/p>\n\t\t\t\t\t\t\t\t<\/div>\n\t\t\t\t<\/div>\n\t\t\t\t<div class=\"elementor-element elementor-element-1cee6c3 elementor-widget elementor-widget-text-editor\" data-id=\"1cee6c3\" data-element_type=\"widget\" data-e-type=\"widget\" data-widget_type=\"text-editor.default\">\n\t\t\t\t<div class=\"elementor-widget-container\">\n\t\t\t\t\t\t\t\t\t<p>Gr\u00fc\u00dfe<\/p>\n<p>Giovanni &amp; Laura<\/p>\n\t\t\t\t\t\t\t\t<\/div>\n\t\t\t\t<\/div>\n\t\t\t\t<div class=\"elementor-element elementor-element-cb0eea8 elementor-align-center elementor-widget elementor-widget-button\" data-id=\"cb0eea8\" data-element_type=\"widget\" data-e-type=\"widget\" data-widget_type=\"button.default\">\n\t\t\t\t<div class=\"elementor-widget-container\">\n\t\t\t\t\t\t\t\t\t<div class=\"elementor-button-wrapper\">\n\t\t\t\t\t<a class=\"elementor-button elementor-button-link elementor-size-sm\" href=\"\/\">\n\t\t\t\t\t\t<span class=\"elementor-button-content-wrapper\">\n\t\t\t\t\t\t\t\t\t<span class=\"elementor-button-text\">ZUR\u00dcCK NACH HAUSE<\/span>\n\t\t\t\t\t<\/span>\n\t\t\t\t\t<\/a>\n\t\t\t\t<\/div>\n\t\t\t\t\t\t\t\t<\/div>\n\t\t\t\t<\/div>\n\t\t\t\t\t<\/div>\n\t\t<\/div>\n\t\t\t\t\t<\/div>\n\t\t<\/section>\n\t\t\t\t<\/div>\n\t\t","protected":false},"excerpt":{"rendered":"<p>Vielen Dank f\u00fcr Ihre Buchungsanfrage Vielen Dank f\u00fcr Ihre Anfrage, wenn das Angebot, das Sie buchen m\u00f6chten, noch verf\u00fcgbar ist, erhalten Sie innerhalb der n\u00e4chsten 24 Stunden Anweisungen, um mit der Zahlung fortzufahren Gr\u00fc\u00dfe Giovanni &amp; Laura ZUR\u00dcCK NACH HAUSE<\/p>\n","protected":false},"author":1,"featured_media":0,"parent":0,"menu_order":0,"comment_status":"closed","ping_status":"closed","template":"elementor_header_footer","meta":{"site-sidebar-layout":"no-sidebar","site-content-layout":"page-builder","ast-site-content-layout":"full-width-container","site-content-style":"default","site-sidebar-style":"default","ast-global-header-display":"","ast-banner-title-visibility":"","ast-main-header-display":"","ast-hfb-above-header-display":"","ast-hfb-below-header-display":"","ast-hfb-mobile-header-display":"","site-post-title":"disabled","ast-breadcrumbs-content":"","ast-featured-img":"disabled","footer-sml-layout":"","ast-disable-related-posts":"","theme-transparent-header-meta":"","adv-header-id-meta":"","stick-header-meta":"","header-above-stick-meta":"","header-main-stick-meta":"","header-below-stick-meta":"","astra-migrate-meta-layouts":"default","ast-page-background-enabled":"default","ast-page-background-meta":{"desktop":{"background-color":"var(--ast-global-color-4)","background-image":"","background-repeat":"repeat","background-position":"center center","background-size":"auto","background-attachment":"scroll","background-type":"","background-media":"","overlay-type":"","overlay-color":"","overlay-opacity":"","overlay-gradient":""},"tablet":{"background-color":"","background-image":"","background-repeat":"repeat","background-position":"center center","background-size":"auto","background-attachment":"scroll","background-type":"","background-media":"","overlay-type":"","overlay-color":"","overlay-opacity":"","overlay-gradient":""},"mobile":{"background-color":"","background-image":"","background-repeat":"repeat","background-position":"center center","background-size":"auto","background-attachment":"scroll","background-type":"","background-media":"","overlay-type":"","overlay-color":"","overlay-opacity":"","overlay-gradient":""}},"ast-content-background-meta":{"desktop":{"background-color":"var(--ast-global-color-5)","background-image":"","background-repeat":"repeat","background-position":"center center","background-size":"auto","background-attachment":"scroll","background-type":"","background-media":"","overlay-type":"","overlay-color":"","overlay-opacity":"","overlay-gradient":""},"tablet":{"background-color":"var(--ast-global-color-5)","background-image":"","background-repeat":"repeat","background-position":"center center","background-size":"auto","background-attachment":"scroll","background-type":"","background-media":"","overlay-type":"","overlay-color":"","overlay-opacity":"","overlay-gradient":""},"mobile":{"background-color":"var(--ast-global-color-5)","background-image":"","background-repeat":"repeat","background-position":"center center","background-size":"auto","background-attachment":"scroll","background-type":"","background-media":"","overlay-type":"","overlay-color":"","overlay-opacity":"","overlay-gradient":""}},"_joinchat":[],"footnotes":""},"class_list":["post-15066","page","type-page","status-publish","hentry"],"yoast_head":"<!-- This site is optimized with the Yoast SEO plugin v27.5 - https:\/\/yoast.com\/product\/yoast-seo-wordpress\/ -->\n<title>Vielen Dank f\u00fcr Ihre Buchungsanfrage - Village Hotel<\/title>\n<meta name=\"robots\" content=\"index, follow, max-snippet:-1, max-image-preview:large, max-video-preview:-1\" \/>\n<link rel=\"canonical\" href=\"https:\/\/villagehotel.it\/de\/vielen-dank-dass-sie-sich-bei-almost-free-angemeldet-haben\/\" \/>\n<meta property=\"og:locale\" content=\"de_DE\" \/>\n<meta property=\"og:type\" content=\"article\" \/>\n<meta property=\"og:title\" content=\"Vielen Dank f\u00fcr Ihre Buchungsanfrage - Village Hotel\" \/>\n<meta property=\"og:description\" content=\"Vielen Dank f\u00fcr Ihre Buchungsanfrage Vielen Dank f\u00fcr Ihre Anfrage, wenn das Angebot, das Sie buchen m\u00f6chten, noch verf\u00fcgbar ist, erhalten Sie innerhalb der n\u00e4chsten 24 Stunden Anweisungen, um mit der Zahlung fortzufahren Gr\u00fc\u00dfe Giovanni &amp; Laura ZUR\u00dcCK NACH HAUSE\" \/>\n<meta property=\"og:url\" content=\"https:\/\/villagehotel.it\/de\/vielen-dank-dass-sie-sich-bei-almost-free-angemeldet-haben\/\" \/>\n<meta property=\"og:site_name\" content=\"Village Hotel\" \/>\n<meta property=\"article:modified_time\" content=\"2025-02-04T09:44:36+00:00\" \/>\n<meta name=\"twitter:card\" content=\"summary_large_image\" \/>\n<script type=\"application\/ld+json\" class=\"yoast-schema-graph\">{\"@context\":\"https:\\\/\\\/schema.org\",\"@graph\":[{\"@type\":\"WebPage\",\"@id\":\"https:\\\/\\\/villagehotel.it\\\/de\\\/vielen-dank-dass-sie-sich-bei-almost-free-angemeldet-haben\\\/\",\"url\":\"https:\\\/\\\/villagehotel.it\\\/de\\\/vielen-dank-dass-sie-sich-bei-almost-free-angemeldet-haben\\\/\",\"name\":\"Vielen Dank f\u00fcr Ihre Buchungsanfrage - Village Hotel\",\"isPartOf\":{\"@id\":\"https:\\\/\\\/villagehotel.it\\\/de\\\/#website\"},\"datePublished\":\"2024-12-10T08:06:32+00:00\",\"dateModified\":\"2025-02-04T09:44:36+00:00\",\"breadcrumb\":{\"@id\":\"https:\\\/\\\/villagehotel.it\\\/de\\\/vielen-dank-dass-sie-sich-bei-almost-free-angemeldet-haben\\\/#breadcrumb\"},\"inLanguage\":\"de\",\"potentialAction\":[{\"@type\":\"ReadAction\",\"target\":[\"https:\\\/\\\/villagehotel.it\\\/de\\\/vielen-dank-dass-sie-sich-bei-almost-free-angemeldet-haben\\\/\"]}]},{\"@type\":\"BreadcrumbList\",\"@id\":\"https:\\\/\\\/villagehotel.it\\\/de\\\/vielen-dank-dass-sie-sich-bei-almost-free-angemeldet-haben\\\/#breadcrumb\",\"itemListElement\":[{\"@type\":\"ListItem\",\"position\":1,\"name\":\"Home\",\"item\":\"https:\\\/\\\/villagehotel.it\\\/de\\\/home\\\/\"},{\"@type\":\"ListItem\",\"position\":2,\"name\":\"Vielen Dank f\u00fcr Ihre Buchungsanfrage\"}]},{\"@type\":\"WebSite\",\"@id\":\"https:\\\/\\\/villagehotel.it\\\/de\\\/#website\",\"url\":\"https:\\\/\\\/villagehotel.it\\\/de\\\/\",\"name\":\"Village Hotel\",\"description\":\"\",\"publisher\":{\"@id\":\"https:\\\/\\\/villagehotel.it\\\/de\\\/#organization\"},\"potentialAction\":[{\"@type\":\"SearchAction\",\"target\":{\"@type\":\"EntryPoint\",\"urlTemplate\":\"https:\\\/\\\/villagehotel.it\\\/de\\\/?s={search_term_string}\"},\"query-input\":{\"@type\":\"PropertyValueSpecification\",\"valueRequired\":true,\"valueName\":\"search_term_string\"}}],\"inLanguage\":\"de\"},{\"@type\":\"Organization\",\"@id\":\"https:\\\/\\\/villagehotel.it\\\/de\\\/#organization\",\"name\":\"Village Hotel\",\"url\":\"https:\\\/\\\/villagehotel.it\\\/de\\\/\",\"logo\":{\"@type\":\"ImageObject\",\"inLanguage\":\"de\",\"@id\":\"https:\\\/\\\/villagehotel.it\\\/de\\\/#\\\/schema\\\/logo\\\/image\\\/\",\"url\":\"https:\\\/\\\/villagehotel.it\\\/wp-content\\\/uploads\\\/2025\\\/05\\\/village_hotel_logo_10_anni_2025.png\",\"contentUrl\":\"https:\\\/\\\/villagehotel.it\\\/wp-content\\\/uploads\\\/2025\\\/05\\\/village_hotel_logo_10_anni_2025.png\",\"width\":714,\"height\":301,\"caption\":\"Village Hotel\"},\"image\":{\"@id\":\"https:\\\/\\\/villagehotel.it\\\/de\\\/#\\\/schema\\\/logo\\\/image\\\/\"}}]}<\/script>\n<!-- \/ Yoast SEO plugin. -->","yoast_head_json":{"title":"Vielen Dank f\u00fcr Ihre Buchungsanfrage - Village Hotel","robots":{"index":"index","follow":"follow","max-snippet":"max-snippet:-1","max-image-preview":"max-image-preview:large","max-video-preview":"max-video-preview:-1"},"canonical":"https:\/\/villagehotel.it\/de\/vielen-dank-dass-sie-sich-bei-almost-free-angemeldet-haben\/","og_locale":"de_DE","og_type":"article","og_title":"Vielen Dank f\u00fcr Ihre Buchungsanfrage - Village Hotel","og_description":"Vielen Dank f\u00fcr Ihre Buchungsanfrage Vielen Dank f\u00fcr Ihre Anfrage, wenn das Angebot, das Sie buchen m\u00f6chten, noch verf\u00fcgbar ist, erhalten Sie innerhalb der n\u00e4chsten 24 Stunden Anweisungen, um mit der Zahlung fortzufahren Gr\u00fc\u00dfe Giovanni &amp; Laura ZUR\u00dcCK NACH HAUSE","og_url":"https:\/\/villagehotel.it\/de\/vielen-dank-dass-sie-sich-bei-almost-free-angemeldet-haben\/","og_site_name":"Village Hotel","article_modified_time":"2025-02-04T09:44:36+00:00","twitter_card":"summary_large_image","schema":{"@context":"https:\/\/schema.org","@graph":[{"@type":"WebPage","@id":"https:\/\/villagehotel.it\/de\/vielen-dank-dass-sie-sich-bei-almost-free-angemeldet-haben\/","url":"https:\/\/villagehotel.it\/de\/vielen-dank-dass-sie-sich-bei-almost-free-angemeldet-haben\/","name":"Vielen Dank f\u00fcr Ihre Buchungsanfrage - Village Hotel","isPartOf":{"@id":"https:\/\/villagehotel.it\/de\/#website"},"datePublished":"2024-12-10T08:06:32+00:00","dateModified":"2025-02-04T09:44:36+00:00","breadcrumb":{"@id":"https:\/\/villagehotel.it\/de\/vielen-dank-dass-sie-sich-bei-almost-free-angemeldet-haben\/#breadcrumb"},"inLanguage":"de","potentialAction":[{"@type":"ReadAction","target":["https:\/\/villagehotel.it\/de\/vielen-dank-dass-sie-sich-bei-almost-free-angemeldet-haben\/"]}]},{"@type":"BreadcrumbList","@id":"https:\/\/villagehotel.it\/de\/vielen-dank-dass-sie-sich-bei-almost-free-angemeldet-haben\/#breadcrumb","itemListElement":[{"@type":"ListItem","position":1,"name":"Home","item":"https:\/\/villagehotel.it\/de\/home\/"},{"@type":"ListItem","position":2,"name":"Vielen Dank f\u00fcr Ihre Buchungsanfrage"}]},{"@type":"WebSite","@id":"https:\/\/villagehotel.it\/de\/#website","url":"https:\/\/villagehotel.it\/de\/","name":"Village Hotel","description":"","publisher":{"@id":"https:\/\/villagehotel.it\/de\/#organization"},"potentialAction":[{"@type":"SearchAction","target":{"@type":"EntryPoint","urlTemplate":"https:\/\/villagehotel.it\/de\/?s={search_term_string}"},"query-input":{"@type":"PropertyValueSpecification","valueRequired":true,"valueName":"search_term_string"}}],"inLanguage":"de"},{"@type":"Organization","@id":"https:\/\/villagehotel.it\/de\/#organization","name":"Village Hotel","url":"https:\/\/villagehotel.it\/de\/","logo":{"@type":"ImageObject","inLanguage":"de","@id":"https:\/\/villagehotel.it\/de\/#\/schema\/logo\/image\/","url":"https:\/\/villagehotel.it\/wp-content\/uploads\/2025\/05\/village_hotel_logo_10_anni_2025.png","contentUrl":"https:\/\/villagehotel.it\/wp-content\/uploads\/2025\/05\/village_hotel_logo_10_anni_2025.png","width":714,"height":301,"caption":"Village Hotel"},"image":{"@id":"https:\/\/villagehotel.it\/de\/#\/schema\/logo\/image\/"}}]}},"_links":{"self":[{"href":"https:\/\/villagehotel.it\/de\/wp-json\/wp\/v2\/pages\/15066","targetHints":{"allow":["GET"]}}],"collection":[{"href":"https:\/\/villagehotel.it\/de\/wp-json\/wp\/v2\/pages"}],"about":[{"href":"https:\/\/villagehotel.it\/de\/wp-json\/wp\/v2\/types\/page"}],"author":[{"embeddable":true,"href":"https:\/\/villagehotel.it\/de\/wp-json\/wp\/v2\/users\/1"}],"replies":[{"embeddable":true,"href":"https:\/\/villagehotel.it\/de\/wp-json\/wp\/v2\/comments?post=15066"}],"version-history":[{"count":7,"href":"https:\/\/villagehotel.it\/de\/wp-json\/wp\/v2\/pages\/15066\/revisions"}],"predecessor-version":[{"id":15524,"href":"https:\/\/villagehotel.it\/de\/wp-json\/wp\/v2\/pages\/15066\/revisions\/15524"}],"wp:attachment":[{"href":"https:\/\/villagehotel.it\/de\/wp-json\/wp\/v2\/media?parent=15066"}],"curies":[{"name":"wp","href":"https:\/\/api.w.org\/{rel}","templated":true}]}}